{"id":12070,"date":"2023-04-21T07:37:49","date_gmt":"2023-04-21T05:37:49","guid":{"rendered":"https:\/\/www.auction.de\/after-sale\/"},"modified":"2023-04-21T07:40:00","modified_gmt":"2023-04-21T05:40:00","slug":"after-sale","status":"publish","type":"page","link":"https:\/\/www.auction.de\/en\/after-sale\/","title":{"rendered":"After-Sale"},"content":{"rendered":"\n<style type=\"text\/css\" data-created_by=\"avia_inline_auto\" id=\"style-css-av-l91h7e8k-23de29a8a9cbffadc5da877164132320\">\n#top .hr.hr-invisible.av-l91h7e8k-23de29a8a9cbffadc5da877164132320{\nheight:50px;\n}\n<\/style>\n<div  class='hr av-l91h7e8k-23de29a8a9cbffadc5da877164132320 hr-invisible  avia-builder-el-0  el_before_av_textblock  avia-builder-el-first '><span class='hr-inner '><span class=\"hr-inner-style\"><\/span><\/span><\/div>\n\n<style type=\"text\/css\" data-created_by=\"avia_inline_auto\" id=\"style-css-av-l81o1mcf-fe60146f3f96452237d7c237ec65aac1\">\n#top .av_textblock_section.av-l81o1mcf-fe60146f3f96452237d7c237ec65aac1 .avia_textblock{\nfont-size:19px;\ncolor:#2b2b2b;\n}\n<\/style>\n<section  class='av_textblock_section av-l81o1mcf-fe60146f3f96452237d7c237ec65aac1 '   itemscope=\"itemscope\" itemtype=\"https:\/\/schema.org\/CreativeWork\" ><div class='avia_textblock av_inherit_color'  itemprop=\"text\" ><h2>After-Sale<\/h2>\n<\/div><\/section>\n<\/div><\/div><\/div><!-- close content main div --><\/div><\/div><div id='av_section_1'  class='avia-section av-26ozrkq-adf7ac02b0076d6fb1c0d6fa64f842a8 main_color avia-section-small avia-no-border-styling  avia-builder-el-2  el_after_av_textblock  el_before_av_hr  avia-bg-style-scroll container_wrap fullsize'  ><div class='container av-section-cont-open' ><div class='template-page content  av-content-full alpha units'><div class='post-entry post-entry-type-page post-entry-12070'><div class='entry-content-wrapper clearfix'>\n\n<style type=\"text\/css\" data-created_by=\"avia_inline_auto\" id=\"style-css-av-23rgxc0-adeb705889260b71524c5be6cea36917\">\n.flex_column.av-23rgxc0-adeb705889260b71524c5be6cea36917{\nwidth:24.25%;\n}\n<\/style>\n<div  class='flex_column av-23rgxc0-adeb705889260b71524c5be6cea36917 av_one_fourth  avia-builder-el-3  el_before_av_one_fourth  avia-builder-el-first  nagel-hover-effekt first flex_column_div avia-link-column av-column-link avia-link-column-hover  '    data-link-column-url=\"https:\/\/www.auction.de\/auktion-812_schmuck\/\"   ><a class=\"av-screen-reader-only\" href=https:\/\/www.auction.de\/auktion-812_schmuck\/ >Follow a manual added link<\/a><p>\n<style type=\"text\/css\" data-created_by=\"avia_inline_auto\" id=\"style-css-av-21q91cw-93ca3fbc08ec35b871544fa8f30cb66a\">\n.avia-image-container.av-21q91cw-93ca3fbc08ec35b871544fa8f30cb66a img.avia_image{\nbox-shadow:none;\n}\n.avia-image-container.av-21q91cw-93ca3fbc08ec35b871544fa8f30cb66a .av-image-caption-overlay-center{\ncolor:#ffffff;\n}\n<\/style>\n<div  class='avia-image-container av-21q91cw-93ca3fbc08ec35b871544fa8f30cb66a av-styling-no-styling avia-align-left  avia-builder-el-4  el_before_av_hr  avia-builder-el-first '   itemprop=\"image\" itemscope=\"itemscope\" itemtype=\"https:\/\/schema.org\/ImageObject\" ><div class=\"avia-image-container-inner\"><div class=\"avia-image-overlay-wrap\"><img decoding=\"async\" fetchpriority=\"high\" class='wp-image-11817 avia-img-lazy-loading-not-11817 avia_image ' src=\"https:\/\/www.auction.de\/wp-content\/uploads\/2023\/03\/Cover_Schmuck_mobile.jpg\" alt='' title='812S_1_4.indd'  height=\"800\" width=\"560\"  itemprop=\"thumbnailUrl\" srcset=\"https:\/\/www.auction.de\/wp-content\/uploads\/2023\/03\/Cover_Schmuck_mobile.jpg 560w, https:\/\/www.auction.de\/wp-content\/uploads\/2023\/03\/Cover_Schmuck_mobile-210x300.jpg 210w, https:\/\/www.auction.de\/wp-content\/uploads\/2023\/03\/Cover_Schmuck_mobile-494x705.jpg 494w, https:\/\/www.auction.de\/wp-content\/uploads\/2023\/03\/Cover_Schmuck_mobile-17x24.jpg 17w, https:\/\/www.auction.de\/wp-content\/uploads\/2023\/03\/Cover_Schmuck_mobile-25x36.jpg 25w, https:\/\/www.auction.de\/wp-content\/uploads\/2023\/03\/Cover_Schmuck_mobile-34x48.jpg 34w\" sizes=\"(max-width: 560px) 100vw, 560px\" \/><\/div><\/div><\/div><br \/>\n\n<style type=\"text\/css\" data-created_by=\"avia_inline_auto\" id=\"style-css-av-20hto74-050d164a95d9b475324623b6829a8790\">\n#top .hr.hr-invisible.av-20hto74-050d164a95d9b475324623b6829a8790{\nheight:10px;\n}\n<\/style>\n<div  class='hr av-20hto74-050d164a95d9b475324623b6829a8790 hr-invisible  avia-builder-el-5  el_after_av_image  el_before_av_textblock '><span class='hr-inner '><span class=\"hr-inner-style\"><\/span><\/span><\/div><br \/>\n\n<style type=\"text\/css\" data-created_by=\"avia_inline_auto\" id=\"style-css-av-l96sjivy-9b3eb57d21a4d9cdb2decc03d7eabc55\">\n#top .av_textblock_section.av-l96sjivy-9b3eb57d21a4d9cdb2decc03d7eabc55 .avia_textblock{\nfont-size:22px;\ncolor:#474747;\n}\n<\/style>\n<section  class='av_textblock_section av-l96sjivy-9b3eb57d21a4d9cdb2decc03d7eabc55 '   itemscope=\"itemscope\" itemtype=\"https:\/\/schema.org\/CreativeWork\" ><div class='avia_textblock av_inherit_color'  itemprop=\"text\" ><h5>812 | Jewellery &amp; Watches<\/h5>\n<\/div><\/section><br \/>\n\n<style type=\"text\/css\" data-created_by=\"avia_inline_auto\" id=\"style-css-av-l96sppar-5691b4ea82df9b2c8ca05d605136971b\">\n#top .av_textblock_section.av-l96sppar-5691b4ea82df9b2c8ca05d605136971b .avia_textblock{\nfont-size:16px;\ncolor:#0a0a0a;\n}\n<\/style>\n<section  class='av_textblock_section av-l96sppar-5691b4ea82df9b2c8ca05d605136971b '   itemscope=\"itemscope\" itemtype=\"https:\/\/schema.org\/CreativeWork\" ><div class='avia_textblock av_inherit_color'  itemprop=\"text\" ><p>19.04.2023<\/p>\n<\/div><\/section><\/p><\/div>\n<style type=\"text\/css\" data-created_by=\"avia_inline_auto\" id=\"style-css-av-28xh65c-9001f182fb45b6aa58a4c92d62e3a8ba\">\n.flex_column.av-28xh65c-9001f182fb45b6aa58a4c92d62e3a8ba{\nwidth:24.25%;\nmargin-left:1%;\n}\n<\/style>\n<div  class='flex_column av-28xh65c-9001f182fb45b6aa58a4c92d62e3a8ba av_one_fourth  avia-builder-el-8  el_after_av_one_fourth  el_before_av_one_fourth  nagel-hover-effekt flex_column_div avia-link-column av-column-link avia-link-column-hover  '    data-link-column-url=\"https:\/\/www.auction.de\/auktion-812_kunst\/\"   ><a class=\"av-screen-reader-only\" href=https:\/\/www.auction.de\/auktion-812_kunst\/ >Follow a manual added link<\/a><p>\n<style type=\"text\/css\" data-created_by=\"avia_inline_auto\" id=\"style-css-av-26eyfc0-231d2fd1256a59ff3773c499aa4a5fdd\">\n.avia-image-container.av-26eyfc0-231d2fd1256a59ff3773c499aa4a5fdd img.avia_image{\nbox-shadow:none;\n}\n.avia-image-container.av-26eyfc0-231d2fd1256a59ff3773c499aa4a5fdd .av-image-caption-overlay-center{\ncolor:#ffffff;\n}\n<\/style>\n<div  class='avia-image-container av-26eyfc0-231d2fd1256a59ff3773c499aa4a5fdd av-styling-no-styling avia-align-left  avia-builder-el-9  el_before_av_hr  avia-builder-el-first '   itemprop=\"image\" itemscope=\"itemscope\" itemtype=\"https:\/\/schema.org\/ImageObject\" ><div class=\"avia-image-container-inner\"><div class=\"avia-image-overlay-wrap\"><img decoding=\"async\" fetchpriority=\"high\" class='wp-image-11819 avia-img-lazy-loading-not-11819 avia_image ' src=\"https:\/\/www.auction.de\/wp-content\/uploads\/2023\/03\/Cover-Kunst_mobile.jpg\" alt='' title='812S_1_4.indd'  height=\"800\" width=\"560\"  itemprop=\"thumbnailUrl\" srcset=\"https:\/\/www.auction.de\/wp-content\/uploads\/2023\/03\/Cover-Kunst_mobile.jpg 560w, https:\/\/www.auction.de\/wp-content\/uploads\/2023\/03\/Cover-Kunst_mobile-210x300.jpg 210w, https:\/\/www.auction.de\/wp-content\/uploads\/2023\/03\/Cover-Kunst_mobile-494x705.jpg 494w, https:\/\/www.auction.de\/wp-content\/uploads\/2023\/03\/Cover-Kunst_mobile-17x24.jpg 17w, https:\/\/www.auction.de\/wp-content\/uploads\/2023\/03\/Cover-Kunst_mobile-25x36.jpg 25w, https:\/\/www.auction.de\/wp-content\/uploads\/2023\/03\/Cover-Kunst_mobile-34x48.jpg 34w\" sizes=\"(max-width: 560px) 100vw, 560px\" \/><\/div><\/div><\/div><br \/>\n\n<style type=\"text\/css\" data-created_by=\"avia_inline_auto\" id=\"style-css-av-24wnoyo-b4c6f29439b5c204ed0eb904acd3d089\">\n#top .hr.hr-invisible.av-24wnoyo-b4c6f29439b5c204ed0eb904acd3d089{\nheight:10px;\n}\n<\/style>\n<div  class='hr av-24wnoyo-b4c6f29439b5c204ed0eb904acd3d089 hr-invisible  avia-builder-el-10  el_after_av_image  el_before_av_textblock '><span class='hr-inner '><span class=\"hr-inner-style\"><\/span><\/span><\/div><br \/>\n\n<style type=\"text\/css\" data-created_by=\"avia_inline_auto\" id=\"style-css-av-l96sj00t-e1359882e1359d6c90119a4f91d9296f\">\n#top .av_textblock_section.av-l96sj00t-e1359882e1359d6c90119a4f91d9296f .avia_textblock{\nfont-size:22px;\ncolor:#474747;\n}\n<\/style>\n<section  class='av_textblock_section av-l96sj00t-e1359882e1359d6c90119a4f91d9296f '   itemscope=\"itemscope\" itemtype=\"https:\/\/schema.org\/CreativeWork\" ><div class='avia_textblock av_inherit_color'  itemprop=\"text\" ><h5>812 | Fine Arts, Antiques<\/h5>\n<\/div><\/section><br \/>\n\n<style type=\"text\/css\" data-created_by=\"avia_inline_auto\" id=\"style-css-av-l96spkbh-22f8c7d768469a03b5725a4c857f7de0\">\n#top .av_textblock_section.av-l96spkbh-22f8c7d768469a03b5725a4c857f7de0 .avia_textblock{\nfont-size:16px;\ncolor:#0a0a0a;\n}\n<\/style>\n<section  class='av_textblock_section av-l96spkbh-22f8c7d768469a03b5725a4c857f7de0 '   itemscope=\"itemscope\" itemtype=\"https:\/\/schema.org\/CreativeWork\" ><div class='avia_textblock av_inherit_color'  itemprop=\"text\" ><p>19.\/20.04.2023<\/p>\n<\/div><\/section><\/p><\/div>\n<style type=\"text\/css\" data-created_by=\"avia_inline_auto\" id=\"style-css-av-lfqlhhew-d74c259bd213b4358ceea846bd1a12d1\">\n.flex_column.av-lfqlhhew-d74c259bd213b4358ceea846bd1a12d1{\nwidth:24.25%;\nmargin-left:1%;\n}\n<\/style>\n<div  class='flex_column av-lfqlhhew-d74c259bd213b4358ceea846bd1a12d1 av_one_fourth  avia-builder-el-13  el_after_av_one_fourth  avia-builder-el-last  nagel-hover-effekt flex_column_div avia-link-column av-column-link avia-link-column-hover  '    data-link-column-url=\"https:\/\/www.auction.de\/auktion-813\/\"   ><a class=\"av-screen-reader-only\" href=https:\/\/www.auction.de\/auktion-813\/ >Follow a manual added link<\/a><p>\n<style type=\"text\/css\" data-created_by=\"avia_inline_auto\" id=\"style-css-av-lfqlgyw7-e481d4aa073b4237f5489089e1173200\">\n.avia-image-container.av-lfqlgyw7-e481d4aa073b4237f5489089e1173200 img.avia_image{\nbox-shadow:none;\n}\n.avia-image-container.av-lfqlgyw7-e481d4aa073b4237f5489089e1173200 .av-image-caption-overlay-center{\ncolor:#ffffff;\n}\n<\/style>\n<div  class='avia-image-container av-lfqlgyw7-e481d4aa073b4237f5489089e1173200 av-styling-no-styling avia-align-left  avia-builder-el-14  el_before_av_hr  avia-builder-el-first '   itemprop=\"image\" itemscope=\"itemscope\" itemtype=\"https:\/\/schema.org\/ImageObject\" ><div class=\"avia-image-container-inner\"><div class=\"avia-image-overlay-wrap\"><img decoding=\"async\" fetchpriority=\"high\" class='wp-image-11821 avia-img-lazy-loading-not-11821 avia_image ' src=\"https:\/\/www.auction.de\/wp-content\/uploads\/2023\/03\/Cover-Varia-mobile.jpg\" alt='' title='Varia.indd'  height=\"800\" width=\"560\"  itemprop=\"thumbnailUrl\" srcset=\"https:\/\/www.auction.de\/wp-content\/uploads\/2023\/03\/Cover-Varia-mobile.jpg 560w, https:\/\/www.auction.de\/wp-content\/uploads\/2023\/03\/Cover-Varia-mobile-210x300.jpg 210w, https:\/\/www.auction.de\/wp-content\/uploads\/2023\/03\/Cover-Varia-mobile-494x705.jpg 494w, https:\/\/www.auction.de\/wp-content\/uploads\/2023\/03\/Cover-Varia-mobile-17x24.jpg 17w, https:\/\/www.auction.de\/wp-content\/uploads\/2023\/03\/Cover-Varia-mobile-25x36.jpg 25w, https:\/\/www.auction.de\/wp-content\/uploads\/2023\/03\/Cover-Varia-mobile-34x48.jpg 34w\" sizes=\"(max-width: 560px) 100vw, 560px\" \/><\/div><\/div><\/div><br \/>\n\n<style type=\"text\/css\" data-created_by=\"avia_inline_auto\" id=\"style-css-av-5xib74-b538f6e34614274b0f880a57917be110\">\n#top .hr.hr-invisible.av-5xib74-b538f6e34614274b0f880a57917be110{\nheight:10px;\n}\n<\/style>\n<div  class='hr av-5xib74-b538f6e34614274b0f880a57917be110 hr-invisible  avia-builder-el-15  el_after_av_image  el_before_av_textblock '><span class='hr-inner '><span class=\"hr-inner-style\"><\/span><\/span><\/div><br \/>\n\n<style type=\"text\/css\" data-created_by=\"avia_inline_auto\" id=\"style-css-av-3z4g28-56f8bb17a8f882fb744b287853f7813c\">\n#top .av_textblock_section.av-3z4g28-56f8bb17a8f882fb744b287853f7813c .avia_textblock{\nfont-size:22px;\ncolor:#474747;\n}\n<\/style>\n<section  class='av_textblock_section av-3z4g28-56f8bb17a8f882fb744b287853f7813c '   itemscope=\"itemscope\" itemtype=\"https:\/\/schema.org\/CreativeWork\" ><div class='avia_textblock av_inherit_color'  itemprop=\"text\" ><h5>813 | Varia<\/h5>\n<\/div><\/section><br \/>\n\n<style type=\"text\/css\" data-created_by=\"avia_inline_auto\" id=\"style-css-av-36r534-8c64d3b3396b293c67c56703bf2cabd1\">\n#top .av_textblock_section.av-36r534-8c64d3b3396b293c67c56703bf2cabd1 .avia_textblock{\nfont-size:16px;\ncolor:#0a0a0a;\n}\n<\/style>\n<section  class='av_textblock_section av-36r534-8c64d3b3396b293c67c56703bf2cabd1 '   itemscope=\"itemscope\" itemtype=\"https:\/\/schema.org\/CreativeWork\" ><div class='avia_textblock av_inherit_color'  itemprop=\"text\" ><p>20.04.2023<\/p>\n<\/div><\/section><\/p><\/div><\/div><\/div><\/div><!-- close content main div --><\/div><\/div><div id='after_section_1'  class='main_color av_default_container_wrap container_wrap fullsize'  ><div class='container av-section-cont-open' ><div class='template-page content  av-content-full alpha units'><div class='post-entry post-entry-type-page post-entry-12070'><div class='entry-content-wrapper clearfix'>\n<style type=\"text\/css\" data-created_by=\"avia_inline_auto\" id=\"style-css-av-l81of7eu-20fed35d7c4260ab30bb51ef38ad511e\">\n#top .hr.hr-invisible.av-l81of7eu-20fed35d7c4260ab30bb51ef38ad511e{\nheight:20px;\n}\n<\/style>\n<div  class='hr av-l81of7eu-20fed35d7c4260ab30bb51ef38ad511e hr-invisible  avia-builder-el-18  el_after_av_section  el_before_av_one_half  avia-builder-el-first '><span class='hr-inner '><span class=\"hr-inner-style\"><\/span><\/span><\/div><\/p>\n<div class='flex_column_table av-l81og1il-4893559994895de530a89b5094c95227 sc-av_one_half av-equal-height-column-flextable'>\n<style type=\"text\/css\" data-created_by=\"avia_inline_auto\" id=\"style-css-av-l81og1il-4893559994895de530a89b5094c95227\">\n.flex_column.av-l81og1il-4893559994895de530a89b5094c95227{\npadding:0 0 0 20%;\nbackground:url(https:\/\/www.auction.de\/wp-content\/uploads\/2022\/09\/Vorbesichtigung-Moderne-Kunst-2005-1030x712.jpg) 0% 0% no-repeat scroll ;\n}\n<\/style>\n<div  class='flex_column av-l81og1il-4893559994895de530a89b5094c95227 av_one_half  avia-builder-el-19  el_after_av_hr  el_before_av_one_half  first no_margin flex_column_table_cell av-equal-height-column av-align-top avia-full-stretch  '     ><\/div>\n\n<style type=\"text\/css\" data-created_by=\"avia_inline_auto\" id=\"style-css-av-l81oej6z-57e8e64854ab9838d18e4f567fa33ba7\">\n@keyframes av_boxShadowEffect_av-l81oej6z-57e8e64854ab9838d18e4f567fa33ba7-column {\n0%   { box-shadow:  0 0 0 0 #757575; opacity: 1; }\n100% { box-shadow:  0 0 40px 0 #757575; opacity: 1; }\n}\n.flex_column.av-l81oej6z-57e8e64854ab9838d18e4f567fa33ba7{\nbox-shadow: 0 0 40px 0 #757575;\npadding:30px 30px 30px 30px;\nbackground-color:#ffffff;\n}\n<\/style>\n<div  class='flex_column av-l81oej6z-57e8e64854ab9838d18e4f567fa33ba7 av_one_half  avia-builder-el-20  el_after_av_one_half  el_before_av_hr  no_margin flex_column_table_cell av-equal-height-column av-align-top shadow-not-animated  '     ><style type=\"text\/css\" data-created_by=\"avia_inline_auto\" id=\"style-css-av-2g72kwq-366afb72dc001ec2d2067a6c788b220b\">\n#top .av_textblock_section.av-2g72kwq-366afb72dc001ec2d2067a6c788b220b .avia_textblock{\nfont-size:16px;\n}\n<\/style>\n<section  class='av_textblock_section av-2g72kwq-366afb72dc001ec2d2067a6c788b220b '   itemscope=\"itemscope\" itemtype=\"https:\/\/schema.org\/CreativeWork\" ><div class='avia_textblock'  itemprop=\"text\" ><h2><span style=\"color: #333333;\">Newsletter:<\/span><\/h2>\n<p>Subscribe to our newsletter now and stay informed!<\/p>\n<p>You will receive frequent information about our auctions, exhibitions and other events.<\/p>\n<\/div><\/section><br \/>\n<\/p><\/div><\/div><!--close column table wrapper. Autoclose: 1 -->\n\n<style type=\"text\/css\" data-created_by=\"avia_inline_auto\" id=\"style-css-av-2euqnu-86f9533fa3d3a7103bcc7347db9931d4\">\n#top .hr.hr-invisible.av-2euqnu-86f9533fa3d3a7103bcc7347db9931d4{\nheight:20px;\n}\n<\/style>\n<div  class='hr av-2euqnu-86f9533fa3d3a7103bcc7347db9931d4 hr-invisible  avia-builder-el-23  el_after_av_one_half  avia-builder-el-last '><span class='hr-inner '><span class=\"hr-inner-style\"><\/span><\/span><\/div>\n","protected":false},"excerpt":{"rendered":"","protected":false},"author":7,"featured_media":0,"parent":0,"menu_order":0,"comment_status":"closed","ping_status":"closed","template":"","meta":{"footnotes":""},"class_list":["post-12070","page","type-page","status-publish","hentry"],"yoast_head":"<!-- This site is optimized with the Yoast SEO Premium plugin v27.1 (Yoast SEO v27.5) - https:\/\/yoast.com\/product\/yoast-seo-premium-wordpress\/ -->\n<title>After-Sale | Auktionshaus f\u00fcr Kunst, Schmuck &amp; Antiquit\u00e4ten<\/title>\n<meta name=\"robots\" content=\"index, follow, max-snippet:-1, max-image-preview:large, max-video-preview:-1\" \/>\n<link rel=\"canonical\" href=\"https:\/\/www.auction.de\/en\/after-sale\/\" \/>\n<meta property=\"og:locale\" content=\"en_US\" \/>\n<meta property=\"og:type\" content=\"article\" \/>\n<meta property=\"og:title\" content=\"After-Sale\" \/>\n<meta property=\"og:url\" content=\"https:\/\/www.auction.de\/en\/after-sale\/\" \/>\n<meta property=\"og:site_name\" content=\"Nagel Auktionen\" \/>\n<meta property=\"article:publisher\" content=\"https:\/\/www.facebook.com\/Nagelauction\" \/>\n<meta property=\"article:modified_time\" content=\"2023-04-21T05:40:00+00:00\" \/>\n<meta property=\"og:image\" content=\"https:\/\/www.auction.de\/wp-content\/uploads\/2025\/03\/Nagel-Auktionshaus.jpg\" \/>\n\t<meta property=\"og:image:width\" content=\"1201\" \/>\n\t<meta property=\"og:image:height\" content=\"676\" \/>\n\t<meta property=\"og:image:type\" content=\"image\/jpeg\" \/>\n<meta name=\"twitter:card\" content=\"summary_large_image\" \/>\n<meta name=\"twitter:label1\" content=\"Est. reading time\" \/>\n\t<meta name=\"twitter:data1\" content=\"13 minutes\" \/>\n<script type=\"application\/ld+json\" class=\"yoast-schema-graph\">{\"@context\":\"https:\\\/\\\/schema.org\",\"@graph\":[{\"@type\":\"WebPage\",\"@id\":\"https:\\\/\\\/www.auction.de\\\/en\\\/after-sale\\\/\",\"url\":\"https:\\\/\\\/www.auction.de\\\/en\\\/after-sale\\\/\",\"name\":\"After-Sale | Auktionshaus f\u00fcr Kunst, Schmuck &amp; Antiquit\u00e4ten\",\"isPartOf\":{\"@id\":\"https:\\\/\\\/www.auction.de\\\/en\\\/#website\"},\"datePublished\":\"2023-04-21T05:37:49+00:00\",\"dateModified\":\"2023-04-21T05:40:00+00:00\",\"breadcrumb\":{\"@id\":\"https:\\\/\\\/www.auction.de\\\/en\\\/after-sale\\\/#breadcrumb\"},\"inLanguage\":\"en-US\",\"potentialAction\":[{\"@type\":\"ReadAction\",\"target\":[\"https:\\\/\\\/www.auction.de\\\/en\\\/after-sale\\\/\"]}]},{\"@type\":\"BreadcrumbList\",\"@id\":\"https:\\\/\\\/www.auction.de\\\/en\\\/after-sale\\\/#breadcrumb\",\"itemListElement\":[{\"@type\":\"ListItem\",\"position\":1,\"name\":\"Startseite\",\"item\":\"https:\\\/\\\/www.auction.de\\\/en\\\/\"},{\"@type\":\"ListItem\",\"position\":2,\"name\":\"After-Sale\"}]},{\"@type\":\"WebSite\",\"@id\":\"https:\\\/\\\/www.auction.de\\\/en\\\/#website\",\"url\":\"https:\\\/\\\/www.auction.de\\\/en\\\/\",\"name\":\"Nagel Auktionen\",\"description\":\"Auktionshaus f\u00fcr Kunst, Schmuck &amp; Antiquit\u00e4ten\",\"publisher\":{\"@id\":\"https:\\\/\\\/www.auction.de\\\/en\\\/#organization\"},\"alternateName\":\"Auktionshaus Stuttgart\",\"potentialAction\":[{\"@type\":\"SearchAction\",\"target\":{\"@type\":\"EntryPoint\",\"urlTemplate\":\"https:\\\/\\\/www.auction.de\\\/en\\\/?s={search_term_string}\"},\"query-input\":{\"@type\":\"PropertyValueSpecification\",\"valueRequired\":true,\"valueName\":\"search_term_string\"}}],\"inLanguage\":\"en-US\"},{\"@type\":\"Organization\",\"@id\":\"https:\\\/\\\/www.auction.de\\\/en\\\/#organization\",\"name\":\"Nagel Auktionen\",\"alternateName\":\"F\u00fchrendes Auktionshaus in Stuttgart mit internationaler Pr\u00e4senz\",\"url\":\"https:\\\/\\\/www.auction.de\\\/en\\\/\",\"logo\":{\"@type\":\"ImageObject\",\"inLanguage\":\"en-US\",\"@id\":\"https:\\\/\\\/www.auction.de\\\/en\\\/#\\\/schema\\\/logo\\\/image\\\/\",\"url\":\"https:\\\/\\\/www.auction.de\\\/wp-content\\\/uploads\\\/2025\\\/03\\\/Nagel-Auktionen.jpg\",\"contentUrl\":\"https:\\\/\\\/www.auction.de\\\/wp-content\\\/uploads\\\/2025\\\/03\\\/Nagel-Auktionen.jpg\",\"width\":1921,\"height\":1081,\"caption\":\"Nagel Auktionen\"},\"image\":{\"@id\":\"https:\\\/\\\/www.auction.de\\\/en\\\/#\\\/schema\\\/logo\\\/image\\\/\"},\"sameAs\":[\"https:\\\/\\\/www.facebook.com\\\/Nagelauction\",\"https:\\\/\\\/www.instagram.com\\\/nagelauction\\\/\",\"https:\\\/\\\/de.linkedin.com\\\/company\\\/nagelauktionen\"],\"description\":\"Nagel Auktionen ist ein f\u00fchrendes Auktionshaus in Stuttgart mit internationaler Pr\u00e4senz f\u00fcr herausragende Kunstwerke, Antiquit\u00e4ten, Schmuck & Uhren\",\"email\":\"contact@auction.de\",\"telephone\":\"+49 151 2013 4427\",\"legalName\":\"Nagel Auktionen GmbH\",\"numberOfEmployees\":{\"@type\":\"QuantitativeValue\",\"minValue\":\"11\",\"maxValue\":\"50\"}}]}<\/script>\n<!-- \/ Yoast SEO Premium plugin. -->","yoast_head_json":{"title":"After-Sale | Auktionshaus f\u00fcr Kunst, Schmuck &amp; Antiquit\u00e4ten","robots":{"index":"index","follow":"follow","max-snippet":"max-snippet:-1","max-image-preview":"max-image-preview:large","max-video-preview":"max-video-preview:-1"},"canonical":"https:\/\/www.auction.de\/en\/after-sale\/","og_locale":"en_US","og_type":"article","og_title":"After-Sale","og_url":"https:\/\/www.auction.de\/en\/after-sale\/","og_site_name":"Nagel Auktionen","article_publisher":"https:\/\/www.facebook.com\/Nagelauction","article_modified_time":"2023-04-21T05:40:00+00:00","og_image":[{"width":1201,"height":676,"url":"https:\/\/www.auction.de\/wp-content\/uploads\/2025\/03\/Nagel-Auktionshaus.jpg","type":"image\/jpeg"}],"twitter_card":"summary_large_image","twitter_misc":{"Est. reading time":"13 minutes"},"schema":{"@context":"https:\/\/schema.org","@graph":[{"@type":"WebPage","@id":"https:\/\/www.auction.de\/en\/after-sale\/","url":"https:\/\/www.auction.de\/en\/after-sale\/","name":"After-Sale | Auktionshaus f\u00fcr Kunst, Schmuck &amp; Antiquit\u00e4ten","isPartOf":{"@id":"https:\/\/www.auction.de\/en\/#website"},"datePublished":"2023-04-21T05:37:49+00:00","dateModified":"2023-04-21T05:40:00+00:00","breadcrumb":{"@id":"https:\/\/www.auction.de\/en\/after-sale\/#breadcrumb"},"inLanguage":"en-US","potentialAction":[{"@type":"ReadAction","target":["https:\/\/www.auction.de\/en\/after-sale\/"]}]},{"@type":"BreadcrumbList","@id":"https:\/\/www.auction.de\/en\/after-sale\/#breadcrumb","itemListElement":[{"@type":"ListItem","position":1,"name":"Startseite","item":"https:\/\/www.auction.de\/en\/"},{"@type":"ListItem","position":2,"name":"After-Sale"}]},{"@type":"WebSite","@id":"https:\/\/www.auction.de\/en\/#website","url":"https:\/\/www.auction.de\/en\/","name":"Nagel Auktionen","description":"Auktionshaus f\u00fcr Kunst, Schmuck &amp; Antiquit\u00e4ten","publisher":{"@id":"https:\/\/www.auction.de\/en\/#organization"},"alternateName":"Auktionshaus Stuttgart","potentialAction":[{"@type":"SearchAction","target":{"@type":"EntryPoint","urlTemplate":"https:\/\/www.auction.de\/en\/?s={search_term_string}"},"query-input":{"@type":"PropertyValueSpecification","valueRequired":true,"valueName":"search_term_string"}}],"inLanguage":"en-US"},{"@type":"Organization","@id":"https:\/\/www.auction.de\/en\/#organization","name":"Nagel Auktionen","alternateName":"F\u00fchrendes Auktionshaus in Stuttgart mit internationaler Pr\u00e4senz","url":"https:\/\/www.auction.de\/en\/","logo":{"@type":"ImageObject","inLanguage":"en-US","@id":"https:\/\/www.auction.de\/en\/#\/schema\/logo\/image\/","url":"https:\/\/www.auction.de\/wp-content\/uploads\/2025\/03\/Nagel-Auktionen.jpg","contentUrl":"https:\/\/www.auction.de\/wp-content\/uploads\/2025\/03\/Nagel-Auktionen.jpg","width":1921,"height":1081,"caption":"Nagel Auktionen"},"image":{"@id":"https:\/\/www.auction.de\/en\/#\/schema\/logo\/image\/"},"sameAs":["https:\/\/www.facebook.com\/Nagelauction","https:\/\/www.instagram.com\/nagelauction\/","https:\/\/de.linkedin.com\/company\/nagelauktionen"],"description":"Nagel Auktionen ist ein f\u00fchrendes Auktionshaus in Stuttgart mit internationaler Pr\u00e4senz f\u00fcr herausragende Kunstwerke, Antiquit\u00e4ten, Schmuck & Uhren","email":"contact@auction.de","telephone":"+49 151 2013 4427","legalName":"Nagel Auktionen GmbH","numberOfEmployees":{"@type":"QuantitativeValue","minValue":"11","maxValue":"50"}}]}},"_links":{"self":[{"href":"https:\/\/www.auction.de\/en\/wp-json\/wp\/v2\/pages\/12070","targetHints":{"allow":["GET"]}}],"collection":[{"href":"https:\/\/www.auction.de\/en\/wp-json\/wp\/v2\/pages"}],"about":[{"href":"https:\/\/www.auction.de\/en\/wp-json\/wp\/v2\/types\/page"}],"author":[{"embeddable":true,"href":"https:\/\/www.auction.de\/en\/wp-json\/wp\/v2\/users\/7"}],"replies":[{"embeddable":true,"href":"https:\/\/www.auction.de\/en\/wp-json\/wp\/v2\/comments?post=12070"}],"version-history":[{"count":0,"href":"https:\/\/www.auction.de\/en\/wp-json\/wp\/v2\/pages\/12070\/revisions"}],"wp:attachment":[{"href":"https:\/\/www.auction.de\/en\/wp-json\/wp\/v2\/media?parent=12070"}],"curies":[{"name":"wp","href":"https:\/\/api.w.org\/{rel}","templated":true}]}}