{"id":18230,"date":"2024-06-24T16:03:30","date_gmt":"2024-06-24T14:03:30","guid":{"rendered":"https:\/\/www.auction.de\/livestream\/"},"modified":"2026-03-10T12:15:32","modified_gmt":"2026-03-10T11:15:32","slug":"livestream","status":"publish","type":"page","link":"https:\/\/www.auction.de\/en\/livestream\/","title":{"rendered":"Livestream"},"content":{"rendered":"\n<style type=\"text\/css\" data-created_by=\"avia_inline_auto\" id=\"style-css-av-l3zzbhlr-48e96852a27252b7f3afbb2a2e544c8c\">\n.flex_column.av-l3zzbhlr-48e96852a27252b7f3afbb2a2e544c8c{\nborder-radius:10px 10px 10px 10px;\npadding:0 0 0 0;\n}\n<\/style>\n<div  id=\"Auktioninfobox\"  class='flex_column av-l3zzbhlr-48e96852a27252b7f3afbb2a2e544c8c av_one_full  avia-builder-el-0  el_before_av_one_full  avia-builder-el-first  first flex_column_div av-zero-column-padding  '     ><p>\n<style type=\"text\/css\" data-created_by=\"avia_inline_auto\" id=\"style-css-av-2ihaln-42dabe768b22e2230f6eb80c35e65060\">\n#top .hr.hr-invisible.av-2ihaln-42dabe768b22e2230f6eb80c35e65060{\nheight:25px;\n}\n<\/style>\n<div  class='hr av-2ihaln-42dabe768b22e2230f6eb80c35e65060 hr-invisible  avia-builder-el-1  el_before_av_textblock  avia-builder-el-first '><span class='hr-inner '><span class=\"hr-inner-style\"><\/span><\/span><\/div><br \/>\n\n<style type=\"text\/css\" data-created_by=\"avia_inline_auto\" id=\"style-css-av-2ggxnv-45d5f2f64b2f2d2a4d8573773df6f77d\">\n#top .av_textblock_section.av-2ggxnv-45d5f2f64b2f2d2a4d8573773df6f77d .avia_textblock{\nfont-size:12px;\n}\n<\/style>\n<section  class='av_textblock_section av-2ggxnv-45d5f2f64b2f2d2a4d8573773df6f77d '   itemscope=\"itemscope\" itemtype=\"https:\/\/schema.org\/CreativeWork\" ><div class='avia_textblock'  itemprop=\"text\" ><p><strong>Livestream<\/strong><\/p>\n<\/div><\/section><br \/>\n<section  class='av_textblock_section av-2az5aj-72360ae4f84bc9d82bac1e21ee6b9335 '   itemscope=\"itemscope\" itemtype=\"https:\/\/schema.org\/CreativeWork\" ><div class='avia_textblock'  itemprop=\"text\" ><h3>842 | Six Continents<\/h3>\n<h1><\/h1>\n<\/div><\/section><br \/>\n\n<style type=\"text\/css\" data-created_by=\"avia_inline_auto\" id=\"style-css-av-lrt2r-91c1635cd7eee947da6a199c17037905\">\n#top .hr.av-lrt2r-91c1635cd7eee947da6a199c17037905{\nmargin-top:0px;\nmargin-bottom:30px;\n}\n.hr.av-lrt2r-91c1635cd7eee947da6a199c17037905 .hr-inner{\nwidth:50px;\nborder-color:#ec8907;\n}\n<\/style>\n<div  class='hr av-lrt2r-91c1635cd7eee947da6a199c17037905 hr-custom  avia-builder-el-4  el_after_av_textblock  el_before_av_textblock  hr-left hr-icon-no'><span class='hr-inner inner-border-av-border-fat'><span class=\"hr-inner-style\"><\/span><\/span><\/div><br \/>\n\n<style type=\"text\/css\" data-created_by=\"avia_inline_auto\" id=\"style-css-av-l4zdag3m-ddd2f5435272dbca542058cc32cfd9f2\">\n#top .av_textblock_section.av-l4zdag3m-ddd2f5435272dbca542058cc32cfd9f2 .avia_textblock{\nfont-size:16px;\ncolor:#8e8e8e;\n}\n<\/style>\n<section  class='av_textblock_section av-l4zdag3m-ddd2f5435272dbca542058cc32cfd9f2 '   itemscope=\"itemscope\" itemtype=\"https:\/\/schema.org\/CreativeWork\" ><div class='avia_textblock av_inherit_color'  itemprop=\"text\" ><p style=\"text-align: left;\"><span style=\"color: #333333;\">Auction date: 11.03.2026, 10:00 a.m.<\/span><\/p>\n<p style=\"text-align: left;\">\n<\/div><\/section><br \/>\n\n<style type=\"text\/css\" data-created_by=\"avia_inline_auto\" id=\"style-css-av-1sjtnv-cf3708927b356afdf58cd1b7543202a2\">\n#top .hr.hr-invisible.av-1sjtnv-cf3708927b356afdf58cd1b7543202a2{\nheight:25px;\n}\n<\/style>\n<div  class='hr av-1sjtnv-cf3708927b356afdf58cd1b7543202a2 hr-invisible  avia-builder-el-6  el_after_av_textblock  avia-builder-el-last '><span class='hr-inner '><span class=\"hr-inner-style\"><\/span><\/span><\/div><\/p><\/div>\n<style type=\"text\/css\" data-created_by=\"avia_inline_auto\" id=\"style-css-av-ubiddy-72c180cfddaa4d4d9fd90858e222d3a9\">\n.flex_column.av-ubiddy-72c180cfddaa4d4d9fd90858e222d3a9{\nborder-radius:10px 10px 10px 10px;\npadding:0 0 0 0;\n}\n<\/style>\n<div  id=\"Auktioninfobox\"  class='flex_column av-ubiddy-72c180cfddaa4d4d9fd90858e222d3a9 av_one_full  avia-builder-el-7  el_after_av_one_full  el_before_av_buttonrow  first flex_column_div av-zero-column-padding  column-top-margin'     ><\/div><\/p>\n<div  class='avia-buttonrow-wrap av-lxvgct68-951056f00d7f851660224c4d8866c938 avia-buttonrow-left  avia-builder-el-9  el_after_av_one_full  avia-builder-el-last '>\n\n<style type=\"text\/css\" data-created_by=\"avia_inline_auto\" id=\"style-css-av-lxvgcpxn-bc449812e32b12bbfdc2876059e470a1\">\n#top #wrap_all .avia-button.av-lxvgcpxn-bc449812e32b12bbfdc2876059e470a1{\nmargin-bottom:5px;\nmargin-right:5px;\n}\n<\/style>\n<a href='https:\/\/nagel-live.de\/#\/guest-live-auction?lang=en'  class='avia-button av-lxvgcpxn-bc449812e32b12bbfdc2876059e470a1 avia-icon_select-yes-left-icon avia-size-small avia-color-theme-color'  target=\"_blank\"  rel=\"noopener noreferrer\"  aria-label=\"Directly to live bidding\"><span class='avia_button_icon avia_button_icon_left avia-iconfont avia-font-entypo-fontello' data-av_icon='\ue835' data-av_iconfont='entypo-fontello' ><\/span><span class='avia_iconbox_title' >Directly to live bidding<\/span><\/a>\n<\/div>\n","protected":false},"excerpt":{"rendered":"","protected":false},"author":7,"featured_media":0,"parent":0,"menu_order":0,"comment_status":"closed","ping_status":"closed","template":"","meta":{"footnotes":""},"class_list":["post-18230","page","type-page","status-publish","hentry"],"yoast_head":"<!-- This site is optimized with the Yoast SEO Premium plugin v27.1 (Yoast SEO v27.3) - https:\/\/yoast.com\/product\/yoast-seo-premium-wordpress\/ -->\n<title>Livestream | Auktionshaus f\u00fcr Kunst, Schmuck &amp; Antiquit\u00e4ten<\/title>\n<meta name=\"robots\" content=\"index, follow, max-snippet:-1, max-image-preview:large, max-video-preview:-1\" \/>\n<link rel=\"canonical\" href=\"https:\/\/www.auction.de\/en\/livestream\/\" \/>\n<meta property=\"og:locale\" content=\"en_US\" \/>\n<meta property=\"og:type\" content=\"article\" \/>\n<meta property=\"og:title\" content=\"Livestream\" \/>\n<meta property=\"og:url\" content=\"https:\/\/www.auction.de\/en\/livestream\/\" \/>\n<meta property=\"og:site_name\" content=\"Nagel Auktionen\" \/>\n<meta property=\"article:publisher\" content=\"https:\/\/www.facebook.com\/Nagelauction\" \/>\n<meta property=\"article:modified_time\" content=\"2026-03-10T11:15:32+00:00\" \/>\n<meta property=\"og:image\" content=\"https:\/\/www.auction.de\/wp-content\/uploads\/2025\/03\/Nagel-Auktionshaus.jpg\" \/>\n\t<meta property=\"og:image:width\" content=\"1201\" \/>\n\t<meta property=\"og:image:height\" content=\"676\" \/>\n\t<meta property=\"og:image:type\" content=\"image\/jpeg\" \/>\n<meta name=\"twitter:card\" content=\"summary_large_image\" \/>\n<meta name=\"twitter:label1\" content=\"Est. reading time\" \/>\n\t<meta name=\"twitter:data1\" content=\"1 minute\" \/>\n<script type=\"application\/ld+json\" class=\"yoast-schema-graph\">{\"@context\":\"https:\\\/\\\/schema.org\",\"@graph\":[{\"@type\":\"WebPage\",\"@id\":\"https:\\\/\\\/www.auction.de\\\/en\\\/livestream\\\/\",\"url\":\"https:\\\/\\\/www.auction.de\\\/en\\\/livestream\\\/\",\"name\":\"Livestream | Auktionshaus f\u00fcr Kunst, Schmuck &amp; Antiquit\u00e4ten\",\"isPartOf\":{\"@id\":\"https:\\\/\\\/www.auction.de\\\/en\\\/#website\"},\"datePublished\":\"2024-06-24T14:03:30+00:00\",\"dateModified\":\"2026-03-10T11:15:32+00:00\",\"breadcrumb\":{\"@id\":\"https:\\\/\\\/www.auction.de\\\/en\\\/livestream\\\/#breadcrumb\"},\"inLanguage\":\"en-US\",\"potentialAction\":[{\"@type\":\"ReadAction\",\"target\":[\"https:\\\/\\\/www.auction.de\\\/en\\\/livestream\\\/\"]}]},{\"@type\":\"BreadcrumbList\",\"@id\":\"https:\\\/\\\/www.auction.de\\\/en\\\/livestream\\\/#breadcrumb\",\"itemListElement\":[{\"@type\":\"ListItem\",\"position\":1,\"name\":\"Startseite\",\"item\":\"https:\\\/\\\/www.auction.de\\\/en\\\/\"},{\"@type\":\"ListItem\",\"position\":2,\"name\":\"Livestream\"}]},{\"@type\":\"WebSite\",\"@id\":\"https:\\\/\\\/www.auction.de\\\/en\\\/#website\",\"url\":\"https:\\\/\\\/www.auction.de\\\/en\\\/\",\"name\":\"Nagel Auktionen\",\"description\":\"Auktionshaus f\u00fcr Kunst, Schmuck &amp; Antiquit\u00e4ten\",\"publisher\":{\"@id\":\"https:\\\/\\\/www.auction.de\\\/en\\\/#organization\"},\"alternateName\":\"Auktionshaus Stuttgart\",\"potentialAction\":[{\"@type\":\"SearchAction\",\"target\":{\"@type\":\"EntryPoint\",\"urlTemplate\":\"https:\\\/\\\/www.auction.de\\\/en\\\/?s={search_term_string}\"},\"query-input\":{\"@type\":\"PropertyValueSpecification\",\"valueRequired\":true,\"valueName\":\"search_term_string\"}}],\"inLanguage\":\"en-US\"},{\"@type\":\"Organization\",\"@id\":\"https:\\\/\\\/www.auction.de\\\/en\\\/#organization\",\"name\":\"Nagel Auktionen\",\"alternateName\":\"F\u00fchrendes Auktionshaus in Stuttgart mit internationaler Pr\u00e4senz\",\"url\":\"https:\\\/\\\/www.auction.de\\\/en\\\/\",\"logo\":{\"@type\":\"ImageObject\",\"inLanguage\":\"en-US\",\"@id\":\"https:\\\/\\\/www.auction.de\\\/en\\\/#\\\/schema\\\/logo\\\/image\\\/\",\"url\":\"https:\\\/\\\/www.auction.de\\\/wp-content\\\/uploads\\\/2025\\\/03\\\/Nagel-Auktionen.jpg\",\"contentUrl\":\"https:\\\/\\\/www.auction.de\\\/wp-content\\\/uploads\\\/2025\\\/03\\\/Nagel-Auktionen.jpg\",\"width\":1921,\"height\":1081,\"caption\":\"Nagel Auktionen\"},\"image\":{\"@id\":\"https:\\\/\\\/www.auction.de\\\/en\\\/#\\\/schema\\\/logo\\\/image\\\/\"},\"sameAs\":[\"https:\\\/\\\/www.facebook.com\\\/Nagelauction\",\"https:\\\/\\\/www.instagram.com\\\/nagelauction\\\/\",\"https:\\\/\\\/de.linkedin.com\\\/company\\\/nagelauktionen\"],\"description\":\"Nagel Auktionen ist ein f\u00fchrendes Auktionshaus in Stuttgart mit internationaler Pr\u00e4senz f\u00fcr herausragende Kunstwerke, Antiquit\u00e4ten, Schmuck & Uhren\",\"email\":\"contact@auction.de\",\"telephone\":\"+49 151 2013 4427\",\"legalName\":\"Nagel Auktionen GmbH\",\"numberOfEmployees\":{\"@type\":\"QuantitativeValue\",\"minValue\":\"11\",\"maxValue\":\"50\"}}]}<\/script>\n<!-- \/ Yoast SEO Premium plugin. -->","yoast_head_json":{"title":"Livestream | Auktionshaus f\u00fcr Kunst, Schmuck &amp; Antiquit\u00e4ten","robots":{"index":"index","follow":"follow","max-snippet":"max-snippet:-1","max-image-preview":"max-image-preview:large","max-video-preview":"max-video-preview:-1"},"canonical":"https:\/\/www.auction.de\/en\/livestream\/","og_locale":"en_US","og_type":"article","og_title":"Livestream","og_url":"https:\/\/www.auction.de\/en\/livestream\/","og_site_name":"Nagel Auktionen","article_publisher":"https:\/\/www.facebook.com\/Nagelauction","article_modified_time":"2026-03-10T11:15:32+00:00","og_image":[{"width":1201,"height":676,"url":"https:\/\/www.auction.de\/wp-content\/uploads\/2025\/03\/Nagel-Auktionshaus.jpg","type":"image\/jpeg"}],"twitter_card":"summary_large_image","twitter_misc":{"Est. reading time":"1 minute"},"schema":{"@context":"https:\/\/schema.org","@graph":[{"@type":"WebPage","@id":"https:\/\/www.auction.de\/en\/livestream\/","url":"https:\/\/www.auction.de\/en\/livestream\/","name":"Livestream | Auktionshaus f\u00fcr Kunst, Schmuck &amp; Antiquit\u00e4ten","isPartOf":{"@id":"https:\/\/www.auction.de\/en\/#website"},"datePublished":"2024-06-24T14:03:30+00:00","dateModified":"2026-03-10T11:15:32+00:00","breadcrumb":{"@id":"https:\/\/www.auction.de\/en\/livestream\/#breadcrumb"},"inLanguage":"en-US","potentialAction":[{"@type":"ReadAction","target":["https:\/\/www.auction.de\/en\/livestream\/"]}]},{"@type":"BreadcrumbList","@id":"https:\/\/www.auction.de\/en\/livestream\/#breadcrumb","itemListElement":[{"@type":"ListItem","position":1,"name":"Startseite","item":"https:\/\/www.auction.de\/en\/"},{"@type":"ListItem","position":2,"name":"Livestream"}]},{"@type":"WebSite","@id":"https:\/\/www.auction.de\/en\/#website","url":"https:\/\/www.auction.de\/en\/","name":"Nagel Auktionen","description":"Auktionshaus f\u00fcr Kunst, Schmuck &amp; Antiquit\u00e4ten","publisher":{"@id":"https:\/\/www.auction.de\/en\/#organization"},"alternateName":"Auktionshaus Stuttgart","potentialAction":[{"@type":"SearchAction","target":{"@type":"EntryPoint","urlTemplate":"https:\/\/www.auction.de\/en\/?s={search_term_string}"},"query-input":{"@type":"PropertyValueSpecification","valueRequired":true,"valueName":"search_term_string"}}],"inLanguage":"en-US"},{"@type":"Organization","@id":"https:\/\/www.auction.de\/en\/#organization","name":"Nagel Auktionen","alternateName":"F\u00fchrendes Auktionshaus in Stuttgart mit internationaler Pr\u00e4senz","url":"https:\/\/www.auction.de\/en\/","logo":{"@type":"ImageObject","inLanguage":"en-US","@id":"https:\/\/www.auction.de\/en\/#\/schema\/logo\/image\/","url":"https:\/\/www.auction.de\/wp-content\/uploads\/2025\/03\/Nagel-Auktionen.jpg","contentUrl":"https:\/\/www.auction.de\/wp-content\/uploads\/2025\/03\/Nagel-Auktionen.jpg","width":1921,"height":1081,"caption":"Nagel Auktionen"},"image":{"@id":"https:\/\/www.auction.de\/en\/#\/schema\/logo\/image\/"},"sameAs":["https:\/\/www.facebook.com\/Nagelauction","https:\/\/www.instagram.com\/nagelauction\/","https:\/\/de.linkedin.com\/company\/nagelauktionen"],"description":"Nagel Auktionen ist ein f\u00fchrendes Auktionshaus in Stuttgart mit internationaler Pr\u00e4senz f\u00fcr herausragende Kunstwerke, Antiquit\u00e4ten, Schmuck & Uhren","email":"contact@auction.de","telephone":"+49 151 2013 4427","legalName":"Nagel Auktionen GmbH","numberOfEmployees":{"@type":"QuantitativeValue","minValue":"11","maxValue":"50"}}]}},"_links":{"self":[{"href":"https:\/\/www.auction.de\/en\/wp-json\/wp\/v2\/pages\/18230","targetHints":{"allow":["GET"]}}],"collection":[{"href":"https:\/\/www.auction.de\/en\/wp-json\/wp\/v2\/pages"}],"about":[{"href":"https:\/\/www.auction.de\/en\/wp-json\/wp\/v2\/types\/page"}],"author":[{"embeddable":true,"href":"https:\/\/www.auction.de\/en\/wp-json\/wp\/v2\/users\/7"}],"replies":[{"embeddable":true,"href":"https:\/\/www.auction.de\/en\/wp-json\/wp\/v2\/comments?post=18230"}],"version-history":[{"count":0,"href":"https:\/\/www.auction.de\/en\/wp-json\/wp\/v2\/pages\/18230\/revisions"}],"wp:attachment":[{"href":"https:\/\/www.auction.de\/en\/wp-json\/wp\/v2\/media?parent=18230"}],"curies":[{"name":"wp","href":"https:\/\/api.w.org\/{rel}","templated":true}]}}