{"id":19378,"date":"2024-09-13T16:18:05","date_gmt":"2024-09-13T14:18:05","guid":{"rendered":"https:\/\/www.auction.de\/830-six-continents-highlights\/"},"modified":"2024-09-13T17:10:40","modified_gmt":"2024-09-13T15:10:40","slug":"830-six-continents-highlights","status":"publish","type":"page","link":"https:\/\/www.auction.de\/en\/830-six-continents-highlights\/","title":{"rendered":"830 | Six Continents Highlights"},"content":{"rendered":"\n<style type=\"text\/css\" data-created_by=\"avia_inline_auto\" id=\"style-css-av-l99tytrb-1048ee7c6135114aaaa62c81ca117384\">\n#top .av_textblock_section.av-l99tytrb-1048ee7c6135114aaaa62c81ca117384 .avia_textblock{\nfont-size:16px;\n}\n<\/style>\n<section  class='av_textblock_section av-l99tytrb-1048ee7c6135114aaaa62c81ca117384 '   itemscope=\"itemscope\" itemtype=\"https:\/\/schema.org\/CreativeWork\" ><div class='avia_textblock'  itemprop=\"text\" ><h2 style=\"text-align: center;\">830 | Six Continents Highlights<\/h2>\n<p style=\"text-align: center;\">Auction: December 09, 2024<br \/>\nViewing: December 06 &#8211; December 08, 2024, 10 a.m. &#8211; 5 p.m.<\/p>\n<p style=\"text-align: center;\"><strong>December 09, 2024<\/strong> 9:30 a.m. &#8211; China 3:00 p.m. &#8211; Six Continents<\/p>\n<p style=\"text-align: center;\"><strong>December 02 &#8211; 10, 2024<\/strong> Asian Art Online (Timed Auction)<\/p>\n<p style=\"text-align: center;\"><strong>December 02 &#8211; 11, 2024<\/strong> Asian Art Online (Timed Auction)<\/p>\n<p style=\"text-align: center;\"><strong>December 02 &#8211; 12, 2024<\/strong> Six Continents Online (Timed Auction)<\/p>\n<p style=\"text-align: center;\">\n<div class=\"box3ahighlights\" style=\"text-align: center;\"><\/div>\n<div class=\"box3ahighlights\" style=\"text-align: center;\"><\/div>\n<\/div><\/section>\n\n<style type=\"text\/css\" data-created_by=\"avia_inline_auto\" id=\"style-css-av-lgul43jj-e6bf176a16bbd88398cf539d032c8343\">\n#top .av_textblock_section.av-lgul43jj-e6bf176a16bbd88398cf539d032c8343 .avia_textblock{\nfont-size:16px;\n}\n<\/style>\n<section  class='av_textblock_section av-lgul43jj-e6bf176a16bbd88398cf539d032c8343 '   itemscope=\"itemscope\" itemtype=\"https:\/\/schema.org\/CreativeWork\" ><div class='avia_textblock'  itemprop=\"text\" ><p style=\"text-align: center;\"><span style=\"color: #ff6600;\">IMPORTANT NOTICE:<\/span><\/p>\n<p style=\"text-align: center;\"><span style=\"color: #ff6600;\">Please only visit the official NAGEL AUKTIONEN website (www.auction.de) for information on consignments and auctions.<\/span><br \/>\n<span style=\"color: #ff6600;\">We have not authorized any external delivery and distribution partners in Asia.<\/span><\/p>\n<p style=\"text-align: center;\"><span style=\"color: #ff6600;\">\u56b4\u6b63\u8072\u660e\uff01<\/span><\/p>\n<p style=\"text-align: center;\"><span style=\"color: #ff6600;\">\u6709\u95dc\u9001\u62cd\u7b49\u62cd\u8ce3\u6703\u76f8\u95dc\u696d\u52d9\u548c\u4fe1\u606f\uff0c\u8acb\u52d9\u5fc5\u8a2a\u554f\u5fb7\u570b\u7d0d\u9ad8\u62cd\u8ce3\u516c\u53f8\u5b98\u65b9\u7db2\u7ad9\uff08www.auction.de\uff09<\/span><span style=\"color: #ff6600;\">\u672c\u516c\u53f8\u672a\u5728\u4e9e\u6d32\u6388\u6b0a\u4efb\u4f55\u7b2c\u4e09\u65b9\u4f5c\u7232\u9001\u62cd\u548c\u92b7\u552e\u696d\u52d9\u7684\u5408\u4f5c\u65b9\uff0c\u4ea6\u672a\u4ee5\u516c\u53f8\u540d\u7fa9\u958b\u5c55\u5fb5\u96c6\u62cd\u54c1\u7684\u6d3b\u52d5\u53ca\u696d\u52d9\u3002<\/span><\/p>\n<\/div><\/section>\n\n<style type=\"text\/css\" data-created_by=\"avia_inline_auto\" id=\"style-css-av-l99u535b-350004dd91eefb196684c495618c514e\">\n#top .hr.av-l99u535b-350004dd91eefb196684c495618c514e{\nmargin-top:30px;\nmargin-bottom:30px;\n}\n.hr.av-l99u535b-350004dd91eefb196684c495618c514e .hr-inner{\nwidth:40;\nmax-width:45%;\n}\n<\/style>\n<div  class='hr av-l99u535b-350004dd91eefb196684c495618c514e hr-custom  avia-builder-el-2  el_after_av_textblock  el_before_av_one_fourth  hr-center hr-icon-yes'><span class='hr-inner inner-border-av-border-thin'><span class=\"hr-inner-style\"><\/span><\/span><span class='av-seperator-icon avia-iconfont avia-font-entypo-fontello' data-av_icon='\ue87b' data-av_iconfont='entypo-fontello' ><\/span><span class='hr-inner inner-border-av-border-thin'><span class=\"hr-inner-style\"><\/span><\/span><\/div>\n<div  class='flex_column av-24rg4l-280ea7e811f7e44625976c9d461609ed av_one_fourth  avia-builder-el-3  el_after_av_hr  el_before_av_one_half  first flex_column_div  '     ><\/div>\n<div  class='flex_column av-1wi0u6-b06d5023b25b8deaa7176cfa4bb76678 av_one_half  avia-builder-el-4  el_after_av_one_fourth  el_before_av_hr  flex_column_div av-animated-generic right-to-left  '     ><p><div  class='avia-slideshow av-lsd1czgr-e5d0431e8353081db58ac606dda8e468 avia-slideshow-no scaling av_slideshow avia-slide-slider  avia-builder-el-5  el_before_av_textblock  avia-builder-el-first  av-slideshow-ui av-control-default av-slideshow-manual av-loop-once av-loop-manual-endless av-default-height-applied avia-slideshow-1' data-slideshow-options=\"{&quot;animation&quot;:&quot;slide&quot;,&quot;autoplay&quot;:false,&quot;loop_autoplay&quot;:&quot;once&quot;,&quot;interval&quot;:5,&quot;loop_manual&quot;:&quot;manual-endless&quot;,&quot;autoplay_stopper&quot;:false,&quot;noNavigation&quot;:false,&quot;bg_slider&quot;:false,&quot;keep_padding&quot;:false,&quot;hoverpause&quot;:false,&quot;show_slide_delay&quot;:0}\"  itemprop=\"image\" itemscope=\"itemscope\" itemtype=\"https:\/\/schema.org\/ImageObject\" ><ul class='avia-slideshow-inner ' style='padding-bottom: 57.164179104478%;'><li  class='avia-slideshow-slide av-lsd1czgr-e5d0431e8353081db58ac606dda8e468__0  av-single-slide slide-1 slide-odd'><div data-rel='slideshow-1' class='avia-slide-wrap '   ><img decoding=\"async\" fetchpriority=\"high\" class=\"wp-image-19300 avia-img-lazy-loading-not-19300\"  src=\"https:\/\/www.auction.de\/wp-content\/uploads\/2024\/09\/3058-13.jpg\" width=\"670\" height=\"383\" title='3058-13' alt=''  itemprop=\"thumbnailUrl\" srcset=\"https:\/\/www.auction.de\/wp-content\/uploads\/2024\/09\/3058-13.jpg 670w, https:\/\/www.auction.de\/wp-content\/uploads\/2024\/09\/3058-13-300x171.jpg 300w, https:\/\/www.auction.de\/wp-content\/uploads\/2024\/09\/3058-13-24x14.jpg 24w, https:\/\/www.auction.de\/wp-content\/uploads\/2024\/09\/3058-13-36x21.jpg 36w, https:\/\/www.auction.de\/wp-content\/uploads\/2024\/09\/3058-13-48x27.jpg 48w\" sizes=\"(max-width: 670px) 100vw, 670px\" \/><\/div><\/li><\/ul><\/div><br \/>\n\n<style type=\"text\/css\" data-created_by=\"avia_inline_auto\" id=\"style-css-av-lsd183ip-d80788cefc70612753c9e5d57a853eb0\">\n#top .av_textblock_section.av-lsd183ip-d80788cefc70612753c9e5d57a853eb0 .avia_textblock{\nfont-size:16px;\n}\n<\/style>\n<section  class='av_textblock_section av-lsd183ip-d80788cefc70612753c9e5d57a853eb0 '   itemscope=\"itemscope\" itemtype=\"https:\/\/schema.org\/CreativeWork\" ><div class='avia_textblock'  itemprop=\"text\" ><p style=\"text-align: center;\"><b>DEPICTION OF A SOUL SHIP ON SOFTWOOD WITH PIGMENTS<br \/>\nBorneo, Dayak<\/b><\/p>\n<p style=\"text-align: center;\"><b><\/b>From an old German private collection, assembled since the 1950s<br \/>\n26 x 60 cm<\/p>\n<div class=\"box3ahighlights\" style=\"text-align: center;\"><\/div>\n<div class=\"box3ahighlights\" style=\"text-align: center;\"><\/div>\n<\/div><\/section><br \/>\n<div  class='hr av-4d8l6bg-501a1bfc39b2b8947bd26ddf4369ff48 hr-default  avia-builder-el-7  el_after_av_textblock  el_before_av_slideshow '><span class='hr-inner '><span class=\"hr-inner-style\"><\/span><\/span><\/div><br \/>\n<div  class='avia-slideshow av-yw4r1e-f4282871185440ad7908e675e9108f50 avia-slideshow-no scaling av_slideshow avia-slide-slider  avia-builder-el-8  el_after_av_hr  el_before_av_textblock  av-slideshow-ui av-control-default av-slideshow-manual av-loop-once av-loop-manual-endless av-default-height-applied avia-slideshow-2' data-slideshow-options=\"{&quot;animation&quot;:&quot;slide&quot;,&quot;autoplay&quot;:false,&quot;loop_autoplay&quot;:&quot;once&quot;,&quot;interval&quot;:5,&quot;loop_manual&quot;:&quot;manual-endless&quot;,&quot;autoplay_stopper&quot;:false,&quot;noNavigation&quot;:false,&quot;bg_slider&quot;:false,&quot;keep_padding&quot;:false,&quot;hoverpause&quot;:false,&quot;show_slide_delay&quot;:0}\"  itemprop=\"image\" itemscope=\"itemscope\" itemtype=\"https:\/\/schema.org\/ImageObject\" ><ul class='avia-slideshow-inner ' style='padding-bottom: 87.611940298507%;'><li  class='avia-slideshow-slide av-yw4r1e-f4282871185440ad7908e675e9108f50__0  av-single-slide slide-1 slide-odd'><div data-rel='slideshow-2' class='avia-slide-wrap '   ><img decoding=\"async\" fetchpriority=\"high\" class=\"wp-image-19306 avia-img-lazy-loading-not-19306\"  src=\"https:\/\/www.auction.de\/wp-content\/uploads\/2024\/09\/3470-52.jpg\" width=\"670\" height=\"587\" title='3470-52' alt=''  itemprop=\"thumbnailUrl\" srcset=\"https:\/\/www.auction.de\/wp-content\/uploads\/2024\/09\/3470-52.jpg 670w, https:\/\/www.auction.de\/wp-content\/uploads\/2024\/09\/3470-52-300x263.jpg 300w, https:\/\/www.auction.de\/wp-content\/uploads\/2024\/09\/3470-52-24x21.jpg 24w, https:\/\/www.auction.de\/wp-content\/uploads\/2024\/09\/3470-52-36x32.jpg 36w, https:\/\/www.auction.de\/wp-content\/uploads\/2024\/09\/3470-52-48x42.jpg 48w\" sizes=\"(max-width: 670px) 100vw, 670px\" \/><\/div><\/li><\/ul><\/div><br \/>\n\n<style type=\"text\/css\" data-created_by=\"avia_inline_auto\" id=\"style-css-av-lsd1guav-1d8050117fa1f04d9d8ee20ae9c393c4\">\n#top .av_textblock_section.av-lsd1guav-1d8050117fa1f04d9d8ee20ae9c393c4 .avia_textblock{\nfont-size:16px;\n}\n<\/style>\n<section  class='av_textblock_section av-lsd1guav-1d8050117fa1f04d9d8ee20ae9c393c4 '   itemscope=\"itemscope\" itemtype=\"https:\/\/schema.org\/CreativeWork\" ><div class='avia_textblock'  itemprop=\"text\" ><p style=\"text-align: center;\"><b>FIGURAL GROUP BULUL, BULOL Ifugao; Northern Philippines, Luzon, Lagawe to Banaue <\/b><\/p>\n<p style=\"text-align: center;\"><b><\/b>Old German private collection, assembled since the 1950s<br \/>H. 29\/34.5 cm (without the bases) <\/p>\n<div class=\"box3ahighlights\" style=\"text-align: center;\"><\/div>\n<div class=\"box3ahighlights\" style=\"text-align: center;\"><\/div>\n<\/div><\/section><br \/>\n<div  class='hr av-kig8t8-a2c1b2430323623296a10dc3d4951663 hr-default  avia-builder-el-10  el_after_av_textblock  el_before_av_slideshow '><span class='hr-inner '><span class=\"hr-inner-style\"><\/span><\/span><\/div><br \/>\n<div  class='avia-slideshow av-3rymz16-c5d98e11cd5973a519ef0dd1b3efb510 avia-slideshow-no scaling av_slideshow avia-slide-slider  avia-builder-el-11  el_after_av_hr  el_before_av_textblock  av-slideshow-ui av-control-default av-slideshow-manual av-loop-once av-loop-manual-endless av-default-height-applied avia-slideshow-3' data-slideshow-options=\"{&quot;animation&quot;:&quot;slide&quot;,&quot;autoplay&quot;:false,&quot;loop_autoplay&quot;:&quot;once&quot;,&quot;interval&quot;:5,&quot;loop_manual&quot;:&quot;manual-endless&quot;,&quot;autoplay_stopper&quot;:false,&quot;noNavigation&quot;:false,&quot;bg_slider&quot;:false,&quot;keep_padding&quot;:false,&quot;hoverpause&quot;:false,&quot;show_slide_delay&quot;:0}\"  itemprop=\"image\" itemscope=\"itemscope\" itemtype=\"https:\/\/schema.org\/ImageObject\" ><ul class='avia-slideshow-inner ' style='padding-bottom: 126.11940298507%;'><li  class='avia-slideshow-slide av-3rymz16-c5d98e11cd5973a519ef0dd1b3efb510__0  av-single-slide slide-1 slide-odd'><div data-rel='slideshow-3' class='avia-slide-wrap '   ><img decoding=\"async\" fetchpriority=\"high\" class=\"wp-image-19312 avia-img-lazy-loading-not-19312\"  src=\"https:\/\/www.auction.de\/wp-content\/uploads\/2024\/09\/3470-17.jpg\" width=\"670\" height=\"845\" title='3470-17' alt=''  itemprop=\"thumbnailUrl\" srcset=\"https:\/\/www.auction.de\/wp-content\/uploads\/2024\/09\/3470-17.jpg 670w, https:\/\/www.auction.de\/wp-content\/uploads\/2024\/09\/3470-17-238x300.jpg 238w, https:\/\/www.auction.de\/wp-content\/uploads\/2024\/09\/3470-17-559x705.jpg 559w, https:\/\/www.auction.de\/wp-content\/uploads\/2024\/09\/3470-17-19x24.jpg 19w, https:\/\/www.auction.de\/wp-content\/uploads\/2024\/09\/3470-17-29x36.jpg 29w, https:\/\/www.auction.de\/wp-content\/uploads\/2024\/09\/3470-17-38x48.jpg 38w\" sizes=\"(max-width: 670px) 100vw, 670px\" \/><\/div><\/li><\/ul><\/div><br \/>\n\n<style type=\"text\/css\" data-created_by=\"avia_inline_auto\" id=\"style-css-av-33e9p22-292a5524c34a7c0822b14f4f4ea84f3f\">\n#top .av_textblock_section.av-33e9p22-292a5524c34a7c0822b14f4f4ea84f3f .avia_textblock{\nfont-size:16px;\n}\n<\/style>\n<section  class='av_textblock_section av-33e9p22-292a5524c34a7c0822b14f4f4ea84f3f '   itemscope=\"itemscope\" itemtype=\"https:\/\/schema.org\/CreativeWork\" ><div class='avia_textblock'  itemprop=\"text\" ><p style=\"text-align: center;\"><b>LONG KNIFE &#8220;PISO SANALENGGAM&#8221; (SURIK) Pakpak-Batak (possibly Toba), probably 17th or  18th century <\/b><b> <\/b><\/p>\n<p style=\"text-align: center;\">From an old German private collection, assembled since the 1950s<br \/>L. 70 cm<\/p>\n<div class=\"box3ahighlights\" style=\"text-align: center;\"><\/div>\n<div class=\"box3ahighlights\" style=\"text-align: center;\"><\/div>\n<\/div><\/section><br \/>\n<div  class='hr av-2qvzk8q-293c9c84af572401cf43d1c0242a472a hr-default  avia-builder-el-13  el_after_av_textblock  avia-builder-el-last '><span class='hr-inner '><span class=\"hr-inner-style\"><\/span><\/span><\/div><\/p><\/div><div  class='hr av-6vgoh-27f6bd1acfeef840c53a6c3abbe59f52 hr-default  avia-builder-el-14  el_after_av_one_half  el_before_av_one_full '><span class='hr-inner '><span class=\"hr-inner-style\"><\/span><\/span><\/div><\/p>\n<div  class='flex_column av-3aud5x-9c4350d8ab0b23d10d6467d2fadad761 av_one_full  avia-builder-el-15  el_after_av_hr  avia-builder-el-last  first flex_column_div  '     ><\/div>\n","protected":false},"excerpt":{"rendered":"","protected":false},"author":7,"featured_media":0,"parent":0,"menu_order":0,"comment_status":"closed","ping_status":"closed","template":"","meta":{"footnotes":""},"class_list":["post-19378","page","type-page","status-publish","hentry"],"yoast_head":"<!-- This site is optimized with the Yoast SEO Premium plugin v27.1 (Yoast SEO v27.5) - https:\/\/yoast.com\/product\/yoast-seo-premium-wordpress\/ -->\n<title>830 | Six Continents Highlights | Auktionshaus f\u00fcr Kunst, Schmuck &amp; Antiquit\u00e4ten<\/title>\n<meta name=\"robots\" content=\"index, follow, max-snippet:-1, max-image-preview:large, max-video-preview:-1\" \/>\n<link rel=\"canonical\" href=\"https:\/\/www.auction.de\/en\/830-six-continents-highlights\/\" \/>\n<meta property=\"og:locale\" content=\"en_US\" \/>\n<meta property=\"og:type\" content=\"article\" \/>\n<meta property=\"og:title\" content=\"830 | Six Continents Highlights\" \/>\n<meta property=\"og:url\" content=\"https:\/\/www.auction.de\/en\/830-six-continents-highlights\/\" \/>\n<meta property=\"og:site_name\" content=\"Nagel Auktionen\" \/>\n<meta property=\"article:publisher\" content=\"https:\/\/www.facebook.com\/Nagelauction\" \/>\n<meta property=\"article:modified_time\" content=\"2024-09-13T15:10:40+00:00\" \/>\n<meta property=\"og:image\" content=\"https:\/\/www.auction.de\/wp-content\/uploads\/2025\/03\/Nagel-Auktionshaus.jpg\" \/>\n\t<meta property=\"og:image:width\" content=\"1201\" \/>\n\t<meta property=\"og:image:height\" content=\"676\" \/>\n\t<meta property=\"og:image:type\" content=\"image\/jpeg\" \/>\n<meta name=\"twitter:card\" content=\"summary_large_image\" \/>\n<meta name=\"twitter:label1\" content=\"Est. reading time\" \/>\n\t<meta name=\"twitter:data1\" content=\"9 minutes\" \/>\n<script type=\"application\/ld+json\" class=\"yoast-schema-graph\">{\"@context\":\"https:\\\/\\\/schema.org\",\"@graph\":[{\"@type\":\"WebPage\",\"@id\":\"https:\\\/\\\/www.auction.de\\\/en\\\/830-six-continents-highlights\\\/\",\"url\":\"https:\\\/\\\/www.auction.de\\\/en\\\/830-six-continents-highlights\\\/\",\"name\":\"830 | Six Continents Highlights | Auktionshaus f\u00fcr Kunst, Schmuck &amp; Antiquit\u00e4ten\",\"isPartOf\":{\"@id\":\"https:\\\/\\\/www.auction.de\\\/en\\\/#website\"},\"datePublished\":\"2024-09-13T14:18:05+00:00\",\"dateModified\":\"2024-09-13T15:10:40+00:00\",\"breadcrumb\":{\"@id\":\"https:\\\/\\\/www.auction.de\\\/en\\\/830-six-continents-highlights\\\/#breadcrumb\"},\"inLanguage\":\"en-US\",\"potentialAction\":[{\"@type\":\"ReadAction\",\"target\":[\"https:\\\/\\\/www.auction.de\\\/en\\\/830-six-continents-highlights\\\/\"]}]},{\"@type\":\"BreadcrumbList\",\"@id\":\"https:\\\/\\\/www.auction.de\\\/en\\\/830-six-continents-highlights\\\/#breadcrumb\",\"itemListElement\":[{\"@type\":\"ListItem\",\"position\":1,\"name\":\"Startseite\",\"item\":\"https:\\\/\\\/www.auction.de\\\/en\\\/\"},{\"@type\":\"ListItem\",\"position\":2,\"name\":\"830 | Six Continents Highlights\"}]},{\"@type\":\"WebSite\",\"@id\":\"https:\\\/\\\/www.auction.de\\\/en\\\/#website\",\"url\":\"https:\\\/\\\/www.auction.de\\\/en\\\/\",\"name\":\"Nagel Auktionen\",\"description\":\"Auktionshaus f\u00fcr Kunst, Schmuck &amp; Antiquit\u00e4ten\",\"publisher\":{\"@id\":\"https:\\\/\\\/www.auction.de\\\/en\\\/#organization\"},\"alternateName\":\"Auktionshaus Stuttgart\",\"potentialAction\":[{\"@type\":\"SearchAction\",\"target\":{\"@type\":\"EntryPoint\",\"urlTemplate\":\"https:\\\/\\\/www.auction.de\\\/en\\\/?s={search_term_string}\"},\"query-input\":{\"@type\":\"PropertyValueSpecification\",\"valueRequired\":true,\"valueName\":\"search_term_string\"}}],\"inLanguage\":\"en-US\"},{\"@type\":\"Organization\",\"@id\":\"https:\\\/\\\/www.auction.de\\\/en\\\/#organization\",\"name\":\"Nagel Auktionen\",\"alternateName\":\"F\u00fchrendes Auktionshaus in Stuttgart mit internationaler Pr\u00e4senz\",\"url\":\"https:\\\/\\\/www.auction.de\\\/en\\\/\",\"logo\":{\"@type\":\"ImageObject\",\"inLanguage\":\"en-US\",\"@id\":\"https:\\\/\\\/www.auction.de\\\/en\\\/#\\\/schema\\\/logo\\\/image\\\/\",\"url\":\"https:\\\/\\\/www.auction.de\\\/wp-content\\\/uploads\\\/2025\\\/03\\\/Nagel-Auktionen.jpg\",\"contentUrl\":\"https:\\\/\\\/www.auction.de\\\/wp-content\\\/uploads\\\/2025\\\/03\\\/Nagel-Auktionen.jpg\",\"width\":1921,\"height\":1081,\"caption\":\"Nagel Auktionen\"},\"image\":{\"@id\":\"https:\\\/\\\/www.auction.de\\\/en\\\/#\\\/schema\\\/logo\\\/image\\\/\"},\"sameAs\":[\"https:\\\/\\\/www.facebook.com\\\/Nagelauction\",\"https:\\\/\\\/www.instagram.com\\\/nagelauction\\\/\",\"https:\\\/\\\/de.linkedin.com\\\/company\\\/nagelauktionen\"],\"description\":\"Nagel Auktionen ist ein f\u00fchrendes Auktionshaus in Stuttgart mit internationaler Pr\u00e4senz f\u00fcr herausragende Kunstwerke, Antiquit\u00e4ten, Schmuck & Uhren\",\"email\":\"contact@auction.de\",\"telephone\":\"+49 151 2013 4427\",\"legalName\":\"Nagel Auktionen GmbH\",\"numberOfEmployees\":{\"@type\":\"QuantitativeValue\",\"minValue\":\"11\",\"maxValue\":\"50\"}}]}<\/script>\n<!-- \/ Yoast SEO Premium plugin. -->","yoast_head_json":{"title":"830 | Six Continents Highlights | Auktionshaus f\u00fcr Kunst, Schmuck &amp; Antiquit\u00e4ten","robots":{"index":"index","follow":"follow","max-snippet":"max-snippet:-1","max-image-preview":"max-image-preview:large","max-video-preview":"max-video-preview:-1"},"canonical":"https:\/\/www.auction.de\/en\/830-six-continents-highlights\/","og_locale":"en_US","og_type":"article","og_title":"830 | Six Continents Highlights","og_url":"https:\/\/www.auction.de\/en\/830-six-continents-highlights\/","og_site_name":"Nagel Auktionen","article_publisher":"https:\/\/www.facebook.com\/Nagelauction","article_modified_time":"2024-09-13T15:10:40+00:00","og_image":[{"width":1201,"height":676,"url":"https:\/\/www.auction.de\/wp-content\/uploads\/2025\/03\/Nagel-Auktionshaus.jpg","type":"image\/jpeg"}],"twitter_card":"summary_large_image","twitter_misc":{"Est. reading time":"9 minutes"},"schema":{"@context":"https:\/\/schema.org","@graph":[{"@type":"WebPage","@id":"https:\/\/www.auction.de\/en\/830-six-continents-highlights\/","url":"https:\/\/www.auction.de\/en\/830-six-continents-highlights\/","name":"830 | Six Continents Highlights | Auktionshaus f\u00fcr Kunst, Schmuck &amp; Antiquit\u00e4ten","isPartOf":{"@id":"https:\/\/www.auction.de\/en\/#website"},"datePublished":"2024-09-13T14:18:05+00:00","dateModified":"2024-09-13T15:10:40+00:00","breadcrumb":{"@id":"https:\/\/www.auction.de\/en\/830-six-continents-highlights\/#breadcrumb"},"inLanguage":"en-US","potentialAction":[{"@type":"ReadAction","target":["https:\/\/www.auction.de\/en\/830-six-continents-highlights\/"]}]},{"@type":"BreadcrumbList","@id":"https:\/\/www.auction.de\/en\/830-six-continents-highlights\/#breadcrumb","itemListElement":[{"@type":"ListItem","position":1,"name":"Startseite","item":"https:\/\/www.auction.de\/en\/"},{"@type":"ListItem","position":2,"name":"830 | Six Continents Highlights"}]},{"@type":"WebSite","@id":"https:\/\/www.auction.de\/en\/#website","url":"https:\/\/www.auction.de\/en\/","name":"Nagel Auktionen","description":"Auktionshaus f\u00fcr Kunst, Schmuck &amp; Antiquit\u00e4ten","publisher":{"@id":"https:\/\/www.auction.de\/en\/#organization"},"alternateName":"Auktionshaus Stuttgart","potentialAction":[{"@type":"SearchAction","target":{"@type":"EntryPoint","urlTemplate":"https:\/\/www.auction.de\/en\/?s={search_term_string}"},"query-input":{"@type":"PropertyValueSpecification","valueRequired":true,"valueName":"search_term_string"}}],"inLanguage":"en-US"},{"@type":"Organization","@id":"https:\/\/www.auction.de\/en\/#organization","name":"Nagel Auktionen","alternateName":"F\u00fchrendes Auktionshaus in Stuttgart mit internationaler Pr\u00e4senz","url":"https:\/\/www.auction.de\/en\/","logo":{"@type":"ImageObject","inLanguage":"en-US","@id":"https:\/\/www.auction.de\/en\/#\/schema\/logo\/image\/","url":"https:\/\/www.auction.de\/wp-content\/uploads\/2025\/03\/Nagel-Auktionen.jpg","contentUrl":"https:\/\/www.auction.de\/wp-content\/uploads\/2025\/03\/Nagel-Auktionen.jpg","width":1921,"height":1081,"caption":"Nagel Auktionen"},"image":{"@id":"https:\/\/www.auction.de\/en\/#\/schema\/logo\/image\/"},"sameAs":["https:\/\/www.facebook.com\/Nagelauction","https:\/\/www.instagram.com\/nagelauction\/","https:\/\/de.linkedin.com\/company\/nagelauktionen"],"description":"Nagel Auktionen ist ein f\u00fchrendes Auktionshaus in Stuttgart mit internationaler Pr\u00e4senz f\u00fcr herausragende Kunstwerke, Antiquit\u00e4ten, Schmuck & Uhren","email":"contact@auction.de","telephone":"+49 151 2013 4427","legalName":"Nagel Auktionen GmbH","numberOfEmployees":{"@type":"QuantitativeValue","minValue":"11","maxValue":"50"}}]}},"_links":{"self":[{"href":"https:\/\/www.auction.de\/en\/wp-json\/wp\/v2\/pages\/19378","targetHints":{"allow":["GET"]}}],"collection":[{"href":"https:\/\/www.auction.de\/en\/wp-json\/wp\/v2\/pages"}],"about":[{"href":"https:\/\/www.auction.de\/en\/wp-json\/wp\/v2\/types\/page"}],"author":[{"embeddable":true,"href":"https:\/\/www.auction.de\/en\/wp-json\/wp\/v2\/users\/7"}],"replies":[{"embeddable":true,"href":"https:\/\/www.auction.de\/en\/wp-json\/wp\/v2\/comments?post=19378"}],"version-history":[{"count":0,"href":"https:\/\/www.auction.de\/en\/wp-json\/wp\/v2\/pages\/19378\/revisions"}],"wp:attachment":[{"href":"https:\/\/www.auction.de\/en\/wp-json\/wp\/v2\/media?parent=19378"}],"curies":[{"name":"wp","href":"https:\/\/api.w.org\/{rel}","templated":true}]}}