{"id":21058,"date":"2025-05-09T17:12:55","date_gmt":"2025-05-09T15:12:55","guid":{"rendered":"https:\/\/www.auction.de\/?page_id=21058"},"modified":"2025-05-09T17:13:00","modified_gmt":"2025-05-09T15:13:00","slug":"auction-834a_draft","status":"publish","type":"page","link":"https:\/\/www.auction.de\/en\/auction-834a_draft\/","title":{"rendered":"auction-834A_Draft"},"content":{"rendered":"\n<style type=\"text\/css\" data-created_by=\"avia_inline_auto\" id=\"style-css-av-l3zzbhlr-48e96852a27252b7f3afbb2a2e544c8c\">\n.flex_column.av-l3zzbhlr-48e96852a27252b7f3afbb2a2e544c8c{\nborder-radius:10px 10px 10px 10px;\npadding:0 0 0 0;\n}\n<\/style>\n<div  id=\"Auktioninfobox\"  class='flex_column av-l3zzbhlr-48e96852a27252b7f3afbb2a2e544c8c av_one_half  avia-builder-el-0  el_before_av_one_half  avia-builder-el-first  first flex_column_div av-zero-column-padding  '     ><p>\n<style type=\"text\/css\" data-created_by=\"avia_inline_auto\" id=\"style-css-av-2ihaln-42dabe768b22e2230f6eb80c35e65060\">\n#top .hr.hr-invisible.av-2ihaln-42dabe768b22e2230f6eb80c35e65060{\nheight:25px;\n}\n<\/style>\n<div  class='hr av-2ihaln-42dabe768b22e2230f6eb80c35e65060 hr-invisible  avia-builder-el-1  el_before_av_textblock  avia-builder-el-first '><span class='hr-inner '><span class=\"hr-inner-style\"><\/span><\/span><\/div><br \/>\n\n<style type=\"text\/css\" data-created_by=\"avia_inline_auto\" id=\"style-css-av-2ggxnv-45d5f2f64b2f2d2a4d8573773df6f77d\">\n#top .av_textblock_section.av-2ggxnv-45d5f2f64b2f2d2a4d8573773df6f77d .avia_textblock{\nfont-size:12px;\n}\n<\/style>\n<section  class='av_textblock_section av-2ggxnv-45d5f2f64b2f2d2a4d8573773df6f77d '   itemscope=\"itemscope\" itemtype=\"https:\/\/schema.org\/CreativeWork\" ><div class='avia_textblock'  itemprop=\"text\" ><p><strong>Auction<\/strong><\/p>\n<\/div><\/section><br \/>\n<section  class='av_textblock_section av-2az5aj-e2c16c3bb252800cd9ce012189fdda18 '   itemscope=\"itemscope\" itemtype=\"https:\/\/schema.org\/CreativeWork\" ><div class='avia_textblock'  itemprop=\"text\" ><h4>834 | Asian Art I<\/h4>\n<h1><\/h1>\n<\/div><\/section><br \/>\n\n<style type=\"text\/css\" data-created_by=\"avia_inline_auto\" id=\"style-css-av-lrt2r-91c1635cd7eee947da6a199c17037905\">\n#top .hr.av-lrt2r-91c1635cd7eee947da6a199c17037905{\nmargin-top:0px;\nmargin-bottom:30px;\n}\n.hr.av-lrt2r-91c1635cd7eee947da6a199c17037905 .hr-inner{\nwidth:50px;\nborder-color:#ec8907;\n}\n<\/style>\n<div  class='hr av-lrt2r-91c1635cd7eee947da6a199c17037905 hr-custom  avia-builder-el-4  el_after_av_textblock  el_before_av_textblock  hr-left hr-icon-no'><span class='hr-inner inner-border-av-border-fat'><span class=\"hr-inner-style\"><\/span><\/span><\/div><br \/>\n\n<style type=\"text\/css\" data-created_by=\"avia_inline_auto\" id=\"style-css-av-l4zdag3m-21c6d14bebbb2add5dc0415a40f3d6ac\">\n#top .av_textblock_section.av-l4zdag3m-21c6d14bebbb2add5dc0415a40f3d6ac .avia_textblock{\nfont-size:16px;\ncolor:#8e8e8e;\n}\n<\/style>\n<section  class='av_textblock_section av-l4zdag3m-21c6d14bebbb2add5dc0415a40f3d6ac '   itemscope=\"itemscope\" itemtype=\"https:\/\/schema.org\/CreativeWork\" ><div class='avia_textblock av_inherit_color'  itemprop=\"text\" ><p style=\"text-align: left;\"><span style=\"color: #333333;\">Auction date: 06.06.2025<br \/>\nTime: 09:30 am <\/span><\/p>\n<p style=\"text-align: left;\">\n<p style=\"text-align: left;\">\n<\/div><\/section><br \/>\n\n<style type=\"text\/css\" data-created_by=\"avia_inline_auto\" id=\"style-css-av-1sjtnv-cf3708927b356afdf58cd1b7543202a2\">\n#top .hr.hr-invisible.av-1sjtnv-cf3708927b356afdf58cd1b7543202a2{\nheight:25px;\n}\n<\/style>\n<div  class='hr av-1sjtnv-cf3708927b356afdf58cd1b7543202a2 hr-invisible  avia-builder-el-6  el_after_av_textblock  el_before_av_buttonrow '><span class='hr-inner '><span class=\"hr-inner-style\"><\/span><\/span><\/div><br \/>\n<div  class='avia-buttonrow-wrap av-l3zzhecz-060306a3f4b8732c69b2173146086745 avia-buttonrow-left  avia-builder-el-7  el_after_av_hr  el_before_av_hr '>\n\n<style type=\"text\/css\" data-created_by=\"avia_inline_auto\" id=\"style-css-av-1jnmnn-2905bff6b7c7eea265d96ea65780c2ee\">\n#top #wrap_all .avia-button.av-1jnmnn-2905bff6b7c7eea265d96ea65780c2ee{\nmargin-bottom:5px;\nmargin-right:5px;\n}\n<\/style>\n<a href='https:\/\/www.auction.de\/en\/service\/bidding\/'  class='avia-button av-1jnmnn-2905bff6b7c7eea265d96ea65780c2ee avia-icon_select-yes-left-icon avia-size-large avia-color-theme-color'   aria-label=\"Bidding\"><span class='avia_button_icon avia_button_icon_left avia-iconfont avia-font-entypo-fontello' data-av_icon='\ue83c' data-av_iconfont='entypo-fontello' ><\/span><span class='avia_iconbox_title' >Bidding<\/span><\/a>\n\n<style type=\"text\/css\" data-created_by=\"avia_inline_auto\" id=\"style-css-av-1jnmnn-1-ae32af6a0e1a12b6a069f7180b8b7496\">\n#top #wrap_all .avia-button.av-1jnmnn-1-ae32af6a0e1a12b6a069f7180b8b7496{\nmargin-bottom:5px;\nmargin-right:5px;\n}\n<\/style>\n<a href='https:\/\/nagel-live.de\/#\/catalogue\/830?lang=en'  class='avia-button av-1jnmnn-1-ae32af6a0e1a12b6a069f7180b8b7496 avia-icon_select-yes-left-icon avia-size-large avia-color-theme-color'  target=\"_blank\"  rel=\"noopener noreferrer\"  aria-label=\"Bid4it\"><span class='avia_button_icon avia_button_icon_left avia-iconfont avia-font-entypo-fontello' data-av_icon='\ue835' data-av_iconfont='entypo-fontello' ><\/span><span class='avia_iconbox_title' >Bid4it<\/span><\/a>\n<\/div><br \/>\n\n<style type=\"text\/css\" data-created_by=\"avia_inline_auto\" id=\"style-css-av-1f79ib-557683ef1c23a61a9e97d8975cf32063\">\n#top .hr.hr-invisible.av-1f79ib-557683ef1c23a61a9e97d8975cf32063{\nheight:50px;\n}\n<\/style>\n<div  class='hr av-1f79ib-557683ef1c23a61a9e97d8975cf32063 hr-invisible  avia-builder-el-8  el_after_av_buttonrow  avia-builder-el-last '><span class='hr-inner '><span class=\"hr-inner-style\"><\/span><\/span><\/div><\/p><\/div><div  class='flex_column av-1wi0u6-b06d5023b25b8deaa7176cfa4bb76678 av_one_half  avia-builder-el-9  el_after_av_one_half  el_before_av_section  avia-builder-el-last  flex_column_div av-animated-generic right-to-left  '     ><p>\n<style type=\"text\/css\" data-created_by=\"avia_inline_auto\" id=\"style-css-av-6av9q-bc168fc8e4b677f300c3be61e1d71f9a\">\n#top .hr.hr-invisible.av-6av9q-bc168fc8e4b677f300c3be61e1d71f9a{\nheight:25px;\n}\n<\/style>\n<div  class='hr av-6av9q-bc168fc8e4b677f300c3be61e1d71f9a hr-invisible  avia-builder-el-10  el_before_av_hr  avia-builder-el-first '><span class='hr-inner '><span class=\"hr-inner-style\"><\/span><\/span><\/div><br \/>\n\n<style type=\"text\/css\" data-created_by=\"avia_inline_auto\" id=\"style-css-av-1lcse6-eaa83297b47fbb61dd6e241782dac4e0\">\n#top .hr.hr-invisible.av-1lcse6-eaa83297b47fbb61dd6e241782dac4e0{\nheight:25px;\n}\n<\/style>\n<div  class='hr av-1lcse6-eaa83297b47fbb61dd6e241782dac4e0 hr-invisible  avia-builder-el-11  el_after_av_hr  el_before_av_hr '><span class='hr-inner '><span class=\"hr-inner-style\"><\/span><\/span><\/div><br \/>\n\n<style type=\"text\/css\" data-created_by=\"avia_inline_auto\" id=\"style-css-av-7xbfq-b1b7a3771bf470e785f90ea6c045ee97\">\n#top .hr.hr-invisible.av-7xbfq-b1b7a3771bf470e785f90ea6c045ee97{\nheight:25px;\n}\n<\/style>\n<div  class='hr av-7xbfq-b1b7a3771bf470e785f90ea6c045ee97 hr-invisible  avia-builder-el-12  el_after_av_hr  el_before_av_toggle_container '><span class='hr-inner '><span class=\"hr-inner-style\"><\/span><\/span><\/div><br \/>\n<div  class='togglecontainer av-l3zw51az-27cc2e745e10da9947af90e458eff557 av-minimal-toggle  avia-builder-el-13  el_after_av_hr  avia-builder-el-last  toggle_close_all' >\n<section class='av_toggle_section av-l4ze6i79-07b5cfe60e9d9596d5ebcdcd91ebabb5'  itemscope=\"itemscope\" itemtype=\"https:\/\/schema.org\/CreativeWork\" ><div role=\"tablist\" class=\"single_toggle\" data-tags=\"{All} \"  ><p id='toggle-toggle-id-1' data-fake-id='#toggle-id-1' class='toggler  av-title-above '  itemprop=\"headline\"  role='tab' tabindex='0' aria-controls='toggle-id-1' data-slide-speed=\"200\" data-title=\"Place of auction\" data-title-open=\"\" data-aria_collapsed=\"Click to expand: Place of auction\" data-aria_expanded=\"Click to collapse: Place of auction\">Place of auction<span class=\"toggle_icon\"><span class=\"vert_icon\"><\/span><span class=\"hor_icon\"><\/span><\/span><\/p><div id='toggle-id-1' aria-labelledby='toggle-toggle-id-1' role='region' class='toggle_wrap  av-title-above'  ><div class='toggle_content invers-color '  itemprop=\"text\" ><p>Auktionshaus Nagel<br \/>\nNeckarstra\u00dfe 189 &#8211; 191<br \/>\nD &#8211; 70190 Stuttgart<\/p>\n<\/div><\/div><\/div><\/section>\n<section class='av_toggle_section av-l4ze6w7v-6a02e3e859b39bffba9f4f26c5829ac4'  itemscope=\"itemscope\" itemtype=\"https:\/\/schema.org\/CreativeWork\" ><div role=\"tablist\" class=\"single_toggle\" data-tags=\"{All} \"  ><p id='toggle-toggle-id-2' data-fake-id='#toggle-id-2' class='toggler  av-title-above '  itemprop=\"headline\"  role='tab' tabindex='0' aria-controls='toggle-id-2' data-slide-speed=\"200\" data-title=\"Viewing\" data-title-open=\"\" data-aria_collapsed=\"Click to expand: Viewing\" data-aria_expanded=\"Click to collapse: Viewing\">Viewing<span class=\"toggle_icon\"><span class=\"vert_icon\"><\/span><span class=\"hor_icon\"><\/span><\/span><\/p><div id='toggle-id-2' aria-labelledby='toggle-toggle-id-2' role='region' class='toggle_wrap  av-title-above'  ><div class='toggle_content invers-color '  itemprop=\"text\" ><p>June 04 &#8211; June 04, 2025, 10 am &#8211; 5 pm<\/p>\n<p>Nagel Auktionen GmbH<br \/>\nNeckarstra\u00dfe 189 &#8211; 191<br \/>\nD &#8211; 70190 Stuttgart<\/p>\n<\/div><\/div><\/div><\/section>\n<section class='av_toggle_section av-l3zw5yot-334c405386663b7bada6d5d0896d3b5d'  itemscope=\"itemscope\" itemtype=\"https:\/\/schema.org\/CreativeWork\" ><div role=\"tablist\" class=\"single_toggle\" data-tags=\"{All} \"  ><p id='toggle-toggle-id-3' data-fake-id='#toggle-id-3' class='toggler  av-title-above '  itemprop=\"headline\"  role='tab' tabindex='0' aria-controls='toggle-id-3' data-slide-speed=\"200\" data-title=\"Conditions of Sale\" data-title-open=\"\" data-aria_collapsed=\"Click to expand: Conditions of Sale\" data-aria_expanded=\"Click to collapse: Conditions of Sale\">Conditions of Sale<span class=\"toggle_icon\"><span class=\"vert_icon\"><\/span><span class=\"hor_icon\"><\/span><\/span><\/p><div id='toggle-id-3' aria-labelledby='toggle-toggle-id-3' role='region' class='toggle_wrap  av-title-above'  ><div class='toggle_content invers-color '  itemprop=\"text\" ><p><a href=\"http:\/\/auction.dolde.de\/versteigerungsbedingungen\/\">Conditions of Sale<\/a><\/p>\n<\/div><\/div><\/div><\/section>\n<section class='av_toggle_section av-l80a1ck8-094748dbaeb4c4eff12a464311ed0105'  itemscope=\"itemscope\" itemtype=\"https:\/\/schema.org\/CreativeWork\" ><div role=\"tablist\" class=\"single_toggle\" data-tags=\"{All} \"  ><p id='toggle-toggle-id-4' data-fake-id='#toggle-id-4' class='toggler  av-title-above '  itemprop=\"headline\"  role='tab' tabindex='0' aria-controls='toggle-id-4' data-slide-speed=\"200\" data-title=\"Important additional information\" data-title-open=\"\" data-aria_collapsed=\"Click to expand: Important additional information\" data-aria_expanded=\"Click to collapse: Important additional information\">Important additional information<span class=\"toggle_icon\"><span class=\"vert_icon\"><\/span><span class=\"hor_icon\"><\/span><\/span><\/p><div id='toggle-id-4' aria-labelledby='toggle-toggle-id-4' role='region' class='toggle_wrap  av-title-above'  ><div class='toggle_content invers-color '  itemprop=\"text\" ><p>Please note that the lots marked with the symbol &#8220;Y&#8221; are subject to CITES restrictions if they are to be exported from the EU.<\/p>\n<\/div><\/div><\/div><\/section>\n<\/div><\/p><\/div><\/div><\/div><\/div><!-- close content main div --><\/div><\/div><div id='av_section_1'  class='avia-section av-uphb5-b06452c37221a36cc344791ef295b61f main_color avia-section-small avia-no-border-styling  avia-builder-el-14  el_after_av_one_half  el_before_av_section  avia-bg-style-scroll container_wrap fullsize'  ><div class='container av-section-cont-open' ><div class='template-page content  av-content-full alpha units'><div class='post-entry post-entry-type-page post-entry-21058'><div class='entry-content-wrapper clearfix'>\n\n<style type=\"text\/css\" data-created_by=\"avia_inline_auto\" id=\"style-css-av-lab96l7c-ab01dff47b92fa6f26a55e540fe86b0d\">\n.flex_column.av-lab96l7c-ab01dff47b92fa6f26a55e540fe86b0d{\nwidth:19.2%;\n}\n<\/style>\n<div  class='flex_column av-lab96l7c-ab01dff47b92fa6f26a55e540fe86b0d av_one_fifth  avia-builder-el-15  el_before_av_one_fifth  avia-builder-el-first  nagel-hover-effekt first flex_column_div avia-link-column av-column-link avia-link-column-hover  '    data-link-column-url=\"https:\/\/auction.de\/download\/830_Tibet.pdf\"  data-link-column-target=\"_blank\"   ><a class=\"av-screen-reader-only\" href=https:\/\/auction.de\/download\/830_Tibet.pdf  target=\"_blank\" >Follow a manual added link<\/a><\/div>\n<style type=\"text\/css\" data-created_by=\"avia_inline_auto\" id=\"style-css-av-lab97uco-1fe9a304afefd9cb96c832579503745c\">\n.flex_column.av-lab97uco-1fe9a304afefd9cb96c832579503745c{\nwidth:19.2%;\nmargin-left:1%;\n}\n<\/style>\n<div  class='flex_column av-lab97uco-1fe9a304afefd9cb96c832579503745c av_one_fifth  avia-builder-el-16  el_after_av_one_fifth  el_before_av_one_fifth  nagel-hover-effekt flex_column_div avia-link-column av-column-link avia-link-column-hover  '    data-link-column-url=\"https:\/\/auction.de\/download\/830_China.pdf\"  data-link-column-target=\"_blank\"   ><a class=\"av-screen-reader-only\" href=https:\/\/auction.de\/download\/830_China.pdf  target=\"_blank\" >Follow a manual added link<\/a><\/div>\n<style type=\"text\/css\" data-created_by=\"avia_inline_auto\" id=\"style-css-av-lw3fyal7-830f5077c93f03a90443e379f53a2119\">\n.flex_column.av-lw3fyal7-830f5077c93f03a90443e379f53a2119{\nwidth:19.2%;\nmargin-left:1%;\n}\n<\/style>\n<div  class='flex_column av-lw3fyal7-830f5077c93f03a90443e379f53a2119 av_one_fifth  avia-builder-el-17  el_after_av_one_fifth  el_before_av_one_fifth  nagel-hover-effekt flex_column_div avia-link-column av-column-link avia-link-column-hover  '    data-link-column-url=\"https:\/\/auction.de\/download\/830_China1.pdf\"  data-link-column-target=\"_blank\"   ><a class=\"av-screen-reader-only\" href=https:\/\/auction.de\/download\/830_China1.pdf  target=\"_blank\" >Follow a manual added link<\/a><\/div>\n<style type=\"text\/css\" data-created_by=\"avia_inline_auto\" id=\"style-css-av-av_one_fifth-16d74c75e269061c7895cca7e8ca2c47\">\n.flex_column.av-av_one_fifth-16d74c75e269061c7895cca7e8ca2c47{\nwidth:19.2%;\nmargin-left:1%;\n}\n<\/style>\n<div  class='flex_column av-av_one_fifth-16d74c75e269061c7895cca7e8ca2c47 av_one_fifth  avia-builder-el-18  el_after_av_one_fifth  el_before_av_one_fifth  nagel-hover-effekt flex_column_div avia-link-column av-column-link avia-link-column-hover  '    data-link-column-url=\"https:\/\/auction.de\/download\/830_China1.pdf\"  data-link-column-target=\"_blank\"   ><a class=\"av-screen-reader-only\" href=https:\/\/auction.de\/download\/830_China1.pdf  target=\"_blank\" >Follow a manual added link<\/a><\/div>\n<style type=\"text\/css\" data-created_by=\"avia_inline_auto\" id=\"style-css-av-av_one_fifth-16d74c75e269061c7895cca7e8ca2c47\">\n.flex_column.av-av_one_fifth-16d74c75e269061c7895cca7e8ca2c47{\nwidth:19.2%;\nmargin-left:1%;\n}\n<\/style>\n<div  class='flex_column av-av_one_fifth-16d74c75e269061c7895cca7e8ca2c47 av_one_fifth  avia-builder-el-19  el_after_av_one_fifth  avia-builder-el-last  nagel-hover-effekt flex_column_div avia-link-column av-column-link avia-link-column-hover  '    data-link-column-url=\"https:\/\/auction.de\/download\/830_China1.pdf\"  data-link-column-target=\"_blank\"   ><a class=\"av-screen-reader-only\" href=https:\/\/auction.de\/download\/830_China1.pdf  target=\"_blank\" >Follow a manual added link<\/a><\/div><\/div><\/div><\/div><!-- close content main div --><\/div><\/div><div id='sticky-schubser'  class='avia-section av-l3zyr4ra-cce8e008d92125bdc8dd826286c0f8c2 main_color avia-section-default avia-no-border-styling  avia-builder-el-20  el_after_av_section  avia-builder-el-last  abs-lot-list avia-bg-style-scroll container_wrap fullsize'  ><div class='container av-section-cont-open' ><div class='template-page content  av-content-full alpha units'><div class='post-entry post-entry-type-page post-entry-21058'><div class='entry-content-wrapper clearfix'>\n\n<\/p>\n","protected":false},"excerpt":{"rendered":"","protected":false},"author":7,"featured_media":0,"parent":0,"menu_order":-1,"comment_status":"closed","ping_status":"closed","template":"","meta":{"footnotes":""},"class_list":["post-21058","page","type-page","status-publish","hentry"],"yoast_head":"<!-- This site is optimized with the Yoast SEO Premium plugin v27.1 (Yoast SEO v27.4) - https:\/\/yoast.com\/product\/yoast-seo-premium-wordpress\/ -->\n<title>auction-834A_Draft | Auktionshaus f\u00fcr Kunst, Schmuck &amp; Antiquit\u00e4ten<\/title>\n<meta name=\"robots\" content=\"index, follow, max-snippet:-1, max-image-preview:large, max-video-preview:-1\" \/>\n<link rel=\"canonical\" href=\"https:\/\/www.auction.de\/en\/auction-834a_draft\/\" \/>\n<meta property=\"og:locale\" content=\"en_US\" \/>\n<meta property=\"og:type\" content=\"article\" \/>\n<meta property=\"og:title\" content=\"auction-834A_Draft\" \/>\n<meta property=\"og:url\" content=\"https:\/\/www.auction.de\/en\/auction-834a_draft\/\" \/>\n<meta property=\"og:site_name\" content=\"Nagel Auktionen\" \/>\n<meta property=\"article:publisher\" content=\"https:\/\/www.facebook.com\/Nagelauction\" \/>\n<meta property=\"article:modified_time\" content=\"2025-05-09T15:13:00+00:00\" \/>\n<meta property=\"og:image\" content=\"https:\/\/www.auction.de\/wp-content\/uploads\/2025\/03\/Nagel-Auktionshaus.jpg\" \/>\n\t<meta property=\"og:image:width\" content=\"1201\" \/>\n\t<meta property=\"og:image:height\" content=\"676\" \/>\n\t<meta property=\"og:image:type\" content=\"image\/jpeg\" \/>\n<meta name=\"twitter:card\" content=\"summary_large_image\" \/>\n<meta name=\"twitter:label1\" content=\"Est. reading time\" \/>\n\t<meta name=\"twitter:data1\" content=\"1 minute\" \/>\n<script type=\"application\/ld+json\" class=\"yoast-schema-graph\">{\"@context\":\"https:\\\/\\\/schema.org\",\"@graph\":[{\"@type\":\"WebPage\",\"@id\":\"https:\\\/\\\/www.auction.de\\\/en\\\/auction-834a_draft\\\/\",\"url\":\"https:\\\/\\\/www.auction.de\\\/en\\\/auction-834a_draft\\\/\",\"name\":\"auction-834A_Draft | Auktionshaus f\u00fcr Kunst, Schmuck &amp; Antiquit\u00e4ten\",\"isPartOf\":{\"@id\":\"https:\\\/\\\/www.auction.de\\\/en\\\/#website\"},\"datePublished\":\"2025-05-09T15:12:55+00:00\",\"dateModified\":\"2025-05-09T15:13:00+00:00\",\"breadcrumb\":{\"@id\":\"https:\\\/\\\/www.auction.de\\\/en\\\/auction-834a_draft\\\/#breadcrumb\"},\"inLanguage\":\"en-US\",\"potentialAction\":[{\"@type\":\"ReadAction\",\"target\":[\"https:\\\/\\\/www.auction.de\\\/en\\\/auction-834a_draft\\\/\"]}]},{\"@type\":\"BreadcrumbList\",\"@id\":\"https:\\\/\\\/www.auction.de\\\/en\\\/auction-834a_draft\\\/#breadcrumb\",\"itemListElement\":[{\"@type\":\"ListItem\",\"position\":1,\"name\":\"Startseite\",\"item\":\"https:\\\/\\\/www.auction.de\\\/en\\\/homepage\\\/\"},{\"@type\":\"ListItem\",\"position\":2,\"name\":\"auction-834A_Draft\"}]},{\"@type\":\"WebSite\",\"@id\":\"https:\\\/\\\/www.auction.de\\\/en\\\/#website\",\"url\":\"https:\\\/\\\/www.auction.de\\\/en\\\/\",\"name\":\"Nagel Auktionen\",\"description\":\"Auktionshaus f\u00fcr Kunst, Schmuck &amp; Antiquit\u00e4ten\",\"publisher\":{\"@id\":\"https:\\\/\\\/www.auction.de\\\/en\\\/#organization\"},\"alternateName\":\"Auktionshaus Stuttgart\",\"potentialAction\":[{\"@type\":\"SearchAction\",\"target\":{\"@type\":\"EntryPoint\",\"urlTemplate\":\"https:\\\/\\\/www.auction.de\\\/en\\\/?s={search_term_string}\"},\"query-input\":{\"@type\":\"PropertyValueSpecification\",\"valueRequired\":true,\"valueName\":\"search_term_string\"}}],\"inLanguage\":\"en-US\"},{\"@type\":\"Organization\",\"@id\":\"https:\\\/\\\/www.auction.de\\\/en\\\/#organization\",\"name\":\"Nagel Auktionen\",\"alternateName\":\"F\u00fchrendes Auktionshaus in Stuttgart mit internationaler Pr\u00e4senz\",\"url\":\"https:\\\/\\\/www.auction.de\\\/en\\\/\",\"logo\":{\"@type\":\"ImageObject\",\"inLanguage\":\"en-US\",\"@id\":\"https:\\\/\\\/www.auction.de\\\/en\\\/#\\\/schema\\\/logo\\\/image\\\/\",\"url\":\"https:\\\/\\\/www.auction.de\\\/wp-content\\\/uploads\\\/2025\\\/03\\\/Nagel-Auktionen.jpg\",\"contentUrl\":\"https:\\\/\\\/www.auction.de\\\/wp-content\\\/uploads\\\/2025\\\/03\\\/Nagel-Auktionen.jpg\",\"width\":1921,\"height\":1081,\"caption\":\"Nagel Auktionen\"},\"image\":{\"@id\":\"https:\\\/\\\/www.auction.de\\\/en\\\/#\\\/schema\\\/logo\\\/image\\\/\"},\"sameAs\":[\"https:\\\/\\\/www.facebook.com\\\/Nagelauction\",\"https:\\\/\\\/www.instagram.com\\\/nagelauction\\\/\",\"https:\\\/\\\/de.linkedin.com\\\/company\\\/nagelauktionen\"],\"description\":\"Nagel Auktionen ist ein f\u00fchrendes Auktionshaus in Stuttgart mit internationaler Pr\u00e4senz f\u00fcr herausragende Kunstwerke, Antiquit\u00e4ten, Schmuck & Uhren\",\"email\":\"contact@auction.de\",\"telephone\":\"+49 151 2013 4427\",\"legalName\":\"Nagel Auktionen GmbH\",\"numberOfEmployees\":{\"@type\":\"QuantitativeValue\",\"minValue\":\"11\",\"maxValue\":\"50\"}}]}<\/script>\n<!-- \/ Yoast SEO Premium plugin. -->","yoast_head_json":{"title":"auction-834A_Draft | Auktionshaus f\u00fcr Kunst, Schmuck &amp; Antiquit\u00e4ten","robots":{"index":"index","follow":"follow","max-snippet":"max-snippet:-1","max-image-preview":"max-image-preview:large","max-video-preview":"max-video-preview:-1"},"canonical":"https:\/\/www.auction.de\/en\/auction-834a_draft\/","og_locale":"en_US","og_type":"article","og_title":"auction-834A_Draft","og_url":"https:\/\/www.auction.de\/en\/auction-834a_draft\/","og_site_name":"Nagel Auktionen","article_publisher":"https:\/\/www.facebook.com\/Nagelauction","article_modified_time":"2025-05-09T15:13:00+00:00","og_image":[{"width":1201,"height":676,"url":"https:\/\/www.auction.de\/wp-content\/uploads\/2025\/03\/Nagel-Auktionshaus.jpg","type":"image\/jpeg"}],"twitter_card":"summary_large_image","twitter_misc":{"Est. reading time":"1 minute"},"schema":{"@context":"https:\/\/schema.org","@graph":[{"@type":"WebPage","@id":"https:\/\/www.auction.de\/en\/auction-834a_draft\/","url":"https:\/\/www.auction.de\/en\/auction-834a_draft\/","name":"auction-834A_Draft | Auktionshaus f\u00fcr Kunst, Schmuck &amp; Antiquit\u00e4ten","isPartOf":{"@id":"https:\/\/www.auction.de\/en\/#website"},"datePublished":"2025-05-09T15:12:55+00:00","dateModified":"2025-05-09T15:13:00+00:00","breadcrumb":{"@id":"https:\/\/www.auction.de\/en\/auction-834a_draft\/#breadcrumb"},"inLanguage":"en-US","potentialAction":[{"@type":"ReadAction","target":["https:\/\/www.auction.de\/en\/auction-834a_draft\/"]}]},{"@type":"BreadcrumbList","@id":"https:\/\/www.auction.de\/en\/auction-834a_draft\/#breadcrumb","itemListElement":[{"@type":"ListItem","position":1,"name":"Startseite","item":"https:\/\/www.auction.de\/en\/homepage\/"},{"@type":"ListItem","position":2,"name":"auction-834A_Draft"}]},{"@type":"WebSite","@id":"https:\/\/www.auction.de\/en\/#website","url":"https:\/\/www.auction.de\/en\/","name":"Nagel Auktionen","description":"Auktionshaus f\u00fcr Kunst, Schmuck &amp; Antiquit\u00e4ten","publisher":{"@id":"https:\/\/www.auction.de\/en\/#organization"},"alternateName":"Auktionshaus Stuttgart","potentialAction":[{"@type":"SearchAction","target":{"@type":"EntryPoint","urlTemplate":"https:\/\/www.auction.de\/en\/?s={search_term_string}"},"query-input":{"@type":"PropertyValueSpecification","valueRequired":true,"valueName":"search_term_string"}}],"inLanguage":"en-US"},{"@type":"Organization","@id":"https:\/\/www.auction.de\/en\/#organization","name":"Nagel Auktionen","alternateName":"F\u00fchrendes Auktionshaus in Stuttgart mit internationaler Pr\u00e4senz","url":"https:\/\/www.auction.de\/en\/","logo":{"@type":"ImageObject","inLanguage":"en-US","@id":"https:\/\/www.auction.de\/en\/#\/schema\/logo\/image\/","url":"https:\/\/www.auction.de\/wp-content\/uploads\/2025\/03\/Nagel-Auktionen.jpg","contentUrl":"https:\/\/www.auction.de\/wp-content\/uploads\/2025\/03\/Nagel-Auktionen.jpg","width":1921,"height":1081,"caption":"Nagel Auktionen"},"image":{"@id":"https:\/\/www.auction.de\/en\/#\/schema\/logo\/image\/"},"sameAs":["https:\/\/www.facebook.com\/Nagelauction","https:\/\/www.instagram.com\/nagelauction\/","https:\/\/de.linkedin.com\/company\/nagelauktionen"],"description":"Nagel Auktionen ist ein f\u00fchrendes Auktionshaus in Stuttgart mit internationaler Pr\u00e4senz f\u00fcr herausragende Kunstwerke, Antiquit\u00e4ten, Schmuck & Uhren","email":"contact@auction.de","telephone":"+49 151 2013 4427","legalName":"Nagel Auktionen GmbH","numberOfEmployees":{"@type":"QuantitativeValue","minValue":"11","maxValue":"50"}}]}},"_links":{"self":[{"href":"https:\/\/www.auction.de\/en\/wp-json\/wp\/v2\/pages\/21058","targetHints":{"allow":["GET"]}}],"collection":[{"href":"https:\/\/www.auction.de\/en\/wp-json\/wp\/v2\/pages"}],"about":[{"href":"https:\/\/www.auction.de\/en\/wp-json\/wp\/v2\/types\/page"}],"author":[{"embeddable":true,"href":"https:\/\/www.auction.de\/en\/wp-json\/wp\/v2\/users\/7"}],"replies":[{"embeddable":true,"href":"https:\/\/www.auction.de\/en\/wp-json\/wp\/v2\/comments?post=21058"}],"version-history":[{"count":0,"href":"https:\/\/www.auction.de\/en\/wp-json\/wp\/v2\/pages\/21058\/revisions"}],"wp:attachment":[{"href":"https:\/\/www.auction.de\/en\/wp-json\/wp\/v2\/media?parent=21058"}],"curies":[{"name":"wp","href":"https:\/\/api.w.org\/{rel}","templated":true}]}}