{"id":23417,"date":"2026-01-22T13:29:40","date_gmt":"2026-01-22T12:29:40","guid":{"rendered":"https:\/\/www.auction.de\/za39-collect-online\/"},"modified":"2026-03-26T13:03:31","modified_gmt":"2026-03-26T12:03:31","slug":"za39-collect-online","status":"publish","type":"page","link":"https:\/\/www.auction.de\/en\/za39-collect-online\/","title":{"rendered":"ZA39 &#8211; Collect Online"},"content":{"rendered":"<div id='av_section_1'  class='avia-section av-l8ptjdhh-9466eec81744f71b6cafb528a9cb53a7 main_color avia-section-default avia-no-border-styling  avia-builder-el-0  el_before_av_hr  avia-builder-el-first  avia-bg-style-scroll container_wrap fullsize'  ><div class='container av-section-cont-open' ><main  role=\"main\" itemprop=\"mainContentOfPage\"  class='template-page content  av-content-full alpha units'><div class='post-entry post-entry-type-page post-entry-23417'><div class='entry-content-wrapper clearfix'>\n<div class='av-column-wrapper-individual av-break-at-tablet-flexwrapper av-mobile-columns-flex av-columns-individual'>\n<style type=\"text\/css\" data-created_by=\"avia_inline_auto\" id=\"style-css-av-zzp1i4-6ef29589abc2bbf6b308a1757eb8724b\">\n.flex_column.av-zzp1i4-6ef29589abc2bbf6b308a1757eb8724b{\nwidth:47%;\norder:2;\n}\n<\/style>\n<div  class='flex_column av-zzp1i4-6ef29589abc2bbf6b308a1757eb8724b av_one_half  avia-builder-el-1  el_before_av_one_half  avia-builder-el-first  first av-break-at-tablet flex_column_div  '     ><p>\n<style type=\"text\/css\" data-created_by=\"avia_inline_auto\" id=\"style-css-av-ygexzg-67bfe87c9e3bb00db921c49a105d6fe4\">\n#top .hr.hr-invisible.av-ygexzg-67bfe87c9e3bb00db921c49a105d6fe4{\nheight:50px;\n}\n<\/style>\n<div  class='hr av-ygexzg-67bfe87c9e3bb00db921c49a105d6fe4 hr-invisible  avia-builder-el-2  el_before_av_textblock  avia-builder-el-first '><span class='hr-inner '><span class=\"hr-inner-style\"><\/span><\/span><\/div><br \/>\n\n<style type=\"text\/css\" data-created_by=\"avia_inline_auto\" id=\"style-css-av-wkigfw-e44b1d9b88a6aa12777300bd8d5e3a79\">\n#top .av_textblock_section.av-wkigfw-e44b1d9b88a6aa12777300bd8d5e3a79 .avia_textblock{\ncolor:#808080;\n}\n<\/style>\n<section  class='av_textblock_section av-wkigfw-e44b1d9b88a6aa12777300bd8d5e3a79 '   itemscope=\"itemscope\" itemtype=\"https:\/\/schema.org\/CreativeWork\" ><div class='avia_textblock av_inherit_color'  itemprop=\"text\" ><p>TIMED AUCTION<\/p>\n<\/div><\/section><br \/>\n<section  class='av_textblock_section av-v498oc-8836683dc1d19e3a03e666ee65cda833 '   itemscope=\"itemscope\" itemtype=\"https:\/\/schema.org\/CreativeWork\" ><div class='avia_textblock'  itemprop=\"text\" ><h1>Collect Online &#8211; Timed Auction<\/h1>\n<\/div><\/section><br \/>\n<section  class='av_textblock_section av-lvky66hl-92c45b1b2e55b1a8a27fc9efa99cb31b '   itemscope=\"itemscope\" itemtype=\"https:\/\/schema.org\/CreativeWork\" ><div class='avia_textblock'  itemprop=\"text\" ><p>06.05.2026 &#8211; 15.05.2026, ends from 10.00 a.m.<\/p>\n<\/div><\/section><br \/>\n<div  class='hr av-2m9sr0-4d0f71a41e52804d4202b54a15189fd1 hr-default  avia-builder-el-6  el_after_av_textblock  el_before_av_textblock '><span class='hr-inner '><span class=\"hr-inner-style\"><\/span><\/span><\/div><br \/>\n<section  class='av_textblock_section av-2qmh6k-bb95aa1a079db5b1438011d8146a7262 '   itemscope=\"itemscope\" itemtype=\"https:\/\/schema.org\/CreativeWork\" ><div class='avia_textblock'  itemprop=\"text\" ><p><strong>Auction<\/strong><\/p>\n<p>The &#8220;Collect Online&#8221; auction will take place as a pure timed auction between<br \/>\n06.05.26. and 15.05.26. During this time, you can bid on the auction lots online. Registrations can be accepted from the start of the Timed Auction.<\/p>\n<\/div><\/section><br \/>\n<section  class='av_textblock_section av-lvkye8dy-db53482c7aeb490068ce5d61eca746f8 '   itemscope=\"itemscope\" itemtype=\"https:\/\/schema.org\/CreativeWork\" ><div class='avia_textblock'  itemprop=\"text\" ><p><strong>Preview<\/strong><\/p>\n<p>09.05. &#8211; 11.05.2026, 11 a.m. &#8211; 5 p.m.<\/p>\n<\/div><\/section><br \/>\n<div  class='hr av-17pxw4n-3bf90bdb483b5028abd80603b4efe8ef hr-default  avia-builder-el-9  el_after_av_textblock  el_before_av_button '><span class='hr-inner '><span class=\"hr-inner-style\"><\/span><\/span><\/div><br \/>\n<div  class='avia-button-wrap av-qzd2rr-0c3e159e021db4ff5f3fb510b7187e34-wrap avia-button-left  avia-builder-el-10  el_after_av_hr  el_before_av_button '>\n<style type=\"text\/css\" data-created_by=\"avia_inline_auto\" id=\"style-css-av-qzd2rr-0c3e159e021db4ff5f3fb510b7187e34\">\n#top #wrap_all .avia-button.av-qzd2rr-0c3e159e021db4ff5f3fb510b7187e34{\nborder-style:none;\nbox-shadow: 5px 5px 20px 3px #bcbcbc;\ntransition:all 0.4s ease-in-out;\n}\n<\/style>\n<a href='https:\/\/www.auction.de\/en\/conditions-of-sale\/'  class='avia-button av-qzd2rr-0c3e159e021db4ff5f3fb510b7187e34 av-link-btn avia-icon_select-no avia-size-large avia-position-left avia-color-theme-color'  target=\"_blank\"  rel=\"noopener noreferrer\"  aria-label=\"Conditions of Sale (Web)\"><span class='avia_iconbox_title' >Conditions of Sale (Web)<\/span><\/a><\/div><br \/>\n<div  class='avia-button-wrap av-lvkywwlz-1e1045a7e3a835767256f0b11515cc22-wrap avia-button-left  avia-builder-el-11  el_after_av_button  avia-builder-el-last '>\n<style type=\"text\/css\" data-created_by=\"avia_inline_auto\" id=\"style-css-av-lvkywwlz-1e1045a7e3a835767256f0b11515cc22\">\n#top #wrap_all .avia-button.av-lvkywwlz-1e1045a7e3a835767256f0b11515cc22{\nborder-style:none;\nbox-shadow: 5px 5px 20px 3px #bcbcbc;\ntransition:all 0.4s ease-in-out;\n}\n<\/style>\n<a href='https:\/\/www.auction.de\/wp-content\/uploads\/2024\/01\/ConditionSale_2024.pdf'  class='avia-button av-lvkywwlz-1e1045a7e3a835767256f0b11515cc22 av-link-btn avia-icon_select-no avia-size-large avia-position-left avia-color-theme-color'  target=\"_blank\"  rel=\"noopener noreferrer\"  aria-label=\"Condition of Sale (PDF)\"><span class='avia_iconbox_title' >Condition of Sale (PDF)<\/span><\/a><\/div><\/p><\/div>\n<style type=\"text\/css\" data-created_by=\"avia_inline_auto\" id=\"style-css-av-293ouk-861f11b7ce8063099244bc19b9051bd1\">\n.flex_column.av-293ouk-861f11b7ce8063099244bc19b9051bd1{\nwidth:47%;\nmargin-left:6%;\norder:1;\n}\n<\/style>\n<div  class='flex_column av-293ouk-861f11b7ce8063099244bc19b9051bd1 av_one_half  avia-builder-el-12  el_after_av_one_half  avia-builder-el-last  av-break-at-tablet flex_column_div av-hide-on-mobile  '     ><div  class='avia-content-slider-element-container av-l3w7cs-4c8d8707f820e5759f39599d9e5b9a1b avia-content-slider-element-slider avia-content-slider avia-smallarrow-slider avia-content-slider-active avia-content-slider-odd  avia-builder-el-13  avia-builder-el-no-sibling  av-slideshow-ui av-control-hidden av-nav-arrows-visible av-nav-dots-visible av-no-slider-navigation av-hide-nav-arrows av-slideshow-autoplay av-loop-endless av-loop-manual-endless avia-content-slider1' data-slideshow-options=\"{&quot;animation&quot;:&quot;slide&quot;,&quot;autoplay&quot;:true,&quot;loop_autoplay&quot;:&quot;endless&quot;,&quot;interval&quot;:5,&quot;loop_manual&quot;:&quot;manual-endless&quot;,&quot;autoplay_stopper&quot;:false,&quot;noNavigation&quot;:true,&quot;bg_slider&quot;:false,&quot;keep_padding&quot;:&quot;&quot;,&quot;hoverpause&quot;:false,&quot;show_slide_delay&quot;:30}\"><div class='avia-smallarrow-slider-heading  no-content-slider-heading '><div class='new-special-heading'>&nbsp;<\/div><\/div><div class=\"avia-content-slider-inner\"><div class=\"slide-entry-wrap\"><section class='slide-entry av-hopmak-61d9db88c1dc954def696440ea519c41 flex_column av_fullwidth post-entry slide-entry-overview slide-loop-1 slide-parity-odd  post-entry-last  first'  itemscope=\"itemscope\" itemtype=\"https:\/\/schema.org\/CreativeWork\" ><div class='slide-entry-excerpt entry-content'  itemprop=\"text\" ><p><img loading=\"lazy\" decoding=\"async\" class=\"alignnone wp-image-23411 size-full\" src=\"https:\/\/www.auction.de\/wp-content\/uploads\/2026\/01\/Z39.jpg\" alt=\"\" width=\"1024\" height=\"670\" srcset=\"https:\/\/www.auction.de\/wp-content\/uploads\/2026\/01\/Z39.jpg 1024w, https:\/\/www.auction.de\/wp-content\/uploads\/2026\/01\/Z39-300x196.jpg 300w, https:\/\/www.auction.de\/wp-content\/uploads\/2026\/01\/Z39-768x503.jpg 768w, https:\/\/www.auction.de\/wp-content\/uploads\/2026\/01\/Z39-705x461.jpg 705w, https:\/\/www.auction.de\/wp-content\/uploads\/2026\/01\/Z39-24x16.jpg 24w, https:\/\/www.auction.de\/wp-content\/uploads\/2026\/01\/Z39-36x24.jpg 36w, https:\/\/www.auction.de\/wp-content\/uploads\/2026\/01\/Z39-48x31.jpg 48w\" sizes=\"auto, (max-width: 1024px) 100vw, 1024px\" \/><\/p>\n<\/div><\/section><\/div><\/div><\/div><\/div><\/div><!--close flex column wrapper. Autoclose: 1 --><\/div><\/div><\/main><!-- close content main element --><\/div><\/div><div id='after_section_1'  class='main_color av_default_container_wrap container_wrap fullsize'  ><div class='container av-section-cont-open' ><div class='template-page content  av-content-full alpha units'><div class='post-entry post-entry-type-page post-entry-23417'><div class='entry-content-wrapper clearfix'>\n<style type=\"text\/css\" data-created_by=\"avia_inline_auto\" id=\"style-css-av-2by54c-fed3003fbd13af09e68d488a9fd92f43\">\n#top .hr.hr-invisible.av-2by54c-fed3003fbd13af09e68d488a9fd92f43{\nheight:70px;\n}\n<\/style>\n<div  class='hr av-2by54c-fed3003fbd13af09e68d488a9fd92f43 hr-invisible  avia-builder-el-14  el_after_av_section  avia-builder-el-no-sibling '><span class='hr-inner '><span class=\"hr-inner-style\"><\/span><\/span><\/div><\/p>\n","protected":false},"excerpt":{"rendered":"","protected":false},"author":13,"featured_media":0,"parent":0,"menu_order":0,"comment_status":"closed","ping_status":"closed","template":"","meta":{"footnotes":""},"class_list":["post-23417","page","type-page","status-publish","hentry"],"yoast_head":"<!-- This site is optimized with the Yoast SEO Premium plugin v27.1 (Yoast SEO v27.5) - https:\/\/yoast.com\/product\/yoast-seo-premium-wordpress\/ -->\n<title>ZA39 - Collect Online | Auktionshaus f\u00fcr Kunst, Schmuck &amp; Antiquit\u00e4ten<\/title>\n<meta name=\"robots\" content=\"index, follow, max-snippet:-1, max-image-preview:large, max-video-preview:-1\" \/>\n<link rel=\"canonical\" href=\"https:\/\/www.auction.de\/en\/za39-collect-online\/\" \/>\n<meta property=\"og:locale\" content=\"en_US\" \/>\n<meta property=\"og:type\" content=\"article\" \/>\n<meta property=\"og:title\" content=\"ZA39 - Collect Online\" \/>\n<meta property=\"og:url\" content=\"https:\/\/www.auction.de\/en\/za39-collect-online\/\" \/>\n<meta property=\"og:site_name\" content=\"Nagel Auktionen\" \/>\n<meta property=\"article:publisher\" content=\"https:\/\/www.facebook.com\/Nagelauction\" \/>\n<meta property=\"article:modified_time\" content=\"2026-03-26T12:03:31+00:00\" \/>\n<meta property=\"og:image\" content=\"https:\/\/www.auction.de\/wp-content\/uploads\/2026\/01\/Z39.jpg\" \/>\n\t<meta property=\"og:image:width\" content=\"1024\" \/>\n\t<meta property=\"og:image:height\" content=\"670\" \/>\n\t<meta property=\"og:image:type\" content=\"image\/jpeg\" \/>\n<meta name=\"twitter:card\" content=\"summary_large_image\" \/>\n<meta name=\"twitter:label1\" content=\"Est. reading time\" \/>\n\t<meta name=\"twitter:data1\" content=\"1 minute\" \/>\n<script type=\"application\/ld+json\" class=\"yoast-schema-graph\">{\"@context\":\"https:\\\/\\\/schema.org\",\"@graph\":[{\"@type\":\"WebPage\",\"@id\":\"https:\\\/\\\/www.auction.de\\\/en\\\/za39-collect-online\\\/\",\"url\":\"https:\\\/\\\/www.auction.de\\\/en\\\/za39-collect-online\\\/\",\"name\":\"ZA39 - Collect Online | Auktionshaus f\u00fcr Kunst, Schmuck &amp; Antiquit\u00e4ten\",\"isPartOf\":{\"@id\":\"https:\\\/\\\/www.auction.de\\\/en\\\/#website\"},\"primaryImageOfPage\":{\"@id\":\"https:\\\/\\\/www.auction.de\\\/en\\\/za39-collect-online\\\/#primaryimage\"},\"image\":{\"@id\":\"https:\\\/\\\/www.auction.de\\\/en\\\/za39-collect-online\\\/#primaryimage\"},\"thumbnailUrl\":\"https:\\\/\\\/www.auction.de\\\/wp-content\\\/uploads\\\/2026\\\/01\\\/Z39.jpg\",\"datePublished\":\"2026-01-22T12:29:40+00:00\",\"dateModified\":\"2026-03-26T12:03:31+00:00\",\"breadcrumb\":{\"@id\":\"https:\\\/\\\/www.auction.de\\\/en\\\/za39-collect-online\\\/#breadcrumb\"},\"inLanguage\":\"en-US\",\"potentialAction\":[{\"@type\":\"ReadAction\",\"target\":[\"https:\\\/\\\/www.auction.de\\\/en\\\/za39-collect-online\\\/\"]}]},{\"@type\":\"ImageObject\",\"inLanguage\":\"en-US\",\"@id\":\"https:\\\/\\\/www.auction.de\\\/en\\\/za39-collect-online\\\/#primaryimage\",\"url\":\"https:\\\/\\\/www.auction.de\\\/wp-content\\\/uploads\\\/2026\\\/01\\\/Z39.jpg\",\"contentUrl\":\"https:\\\/\\\/www.auction.de\\\/wp-content\\\/uploads\\\/2026\\\/01\\\/Z39.jpg\"},{\"@type\":\"BreadcrumbList\",\"@id\":\"https:\\\/\\\/www.auction.de\\\/en\\\/za39-collect-online\\\/#breadcrumb\",\"itemListElement\":[{\"@type\":\"ListItem\",\"position\":1,\"name\":\"Startseite\",\"item\":\"https:\\\/\\\/www.auction.de\\\/en\\\/\"},{\"@type\":\"ListItem\",\"position\":2,\"name\":\"ZA39 &#8211; Collect Online\"}]},{\"@type\":\"WebSite\",\"@id\":\"https:\\\/\\\/www.auction.de\\\/en\\\/#website\",\"url\":\"https:\\\/\\\/www.auction.de\\\/en\\\/\",\"name\":\"Nagel Auktionen\",\"description\":\"Auktionshaus f\u00fcr Kunst, Schmuck &amp; Antiquit\u00e4ten\",\"publisher\":{\"@id\":\"https:\\\/\\\/www.auction.de\\\/en\\\/#organization\"},\"alternateName\":\"Auktionshaus Stuttgart\",\"potentialAction\":[{\"@type\":\"SearchAction\",\"target\":{\"@type\":\"EntryPoint\",\"urlTemplate\":\"https:\\\/\\\/www.auction.de\\\/en\\\/?s={search_term_string}\"},\"query-input\":{\"@type\":\"PropertyValueSpecification\",\"valueRequired\":true,\"valueName\":\"search_term_string\"}}],\"inLanguage\":\"en-US\"},{\"@type\":\"Organization\",\"@id\":\"https:\\\/\\\/www.auction.de\\\/en\\\/#organization\",\"name\":\"Nagel Auktionen\",\"alternateName\":\"F\u00fchrendes Auktionshaus in Stuttgart mit internationaler Pr\u00e4senz\",\"url\":\"https:\\\/\\\/www.auction.de\\\/en\\\/\",\"logo\":{\"@type\":\"ImageObject\",\"inLanguage\":\"en-US\",\"@id\":\"https:\\\/\\\/www.auction.de\\\/en\\\/#\\\/schema\\\/logo\\\/image\\\/\",\"url\":\"https:\\\/\\\/www.auction.de\\\/wp-content\\\/uploads\\\/2025\\\/03\\\/Nagel-Auktionen.jpg\",\"contentUrl\":\"https:\\\/\\\/www.auction.de\\\/wp-content\\\/uploads\\\/2025\\\/03\\\/Nagel-Auktionen.jpg\",\"width\":1921,\"height\":1081,\"caption\":\"Nagel Auktionen\"},\"image\":{\"@id\":\"https:\\\/\\\/www.auction.de\\\/en\\\/#\\\/schema\\\/logo\\\/image\\\/\"},\"sameAs\":[\"https:\\\/\\\/www.facebook.com\\\/Nagelauction\",\"https:\\\/\\\/www.instagram.com\\\/nagelauction\\\/\",\"https:\\\/\\\/de.linkedin.com\\\/company\\\/nagelauktionen\"],\"description\":\"Nagel Auktionen ist ein f\u00fchrendes Auktionshaus in Stuttgart mit internationaler Pr\u00e4senz f\u00fcr herausragende Kunstwerke, Antiquit\u00e4ten, Schmuck & Uhren\",\"email\":\"contact@auction.de\",\"telephone\":\"+49 151 2013 4427\",\"legalName\":\"Nagel Auktionen GmbH\",\"numberOfEmployees\":{\"@type\":\"QuantitativeValue\",\"minValue\":\"11\",\"maxValue\":\"50\"}}]}<\/script>\n<!-- \/ Yoast SEO Premium plugin. -->","yoast_head_json":{"title":"ZA39 - Collect Online | Auktionshaus f\u00fcr Kunst, Schmuck &amp; Antiquit\u00e4ten","robots":{"index":"index","follow":"follow","max-snippet":"max-snippet:-1","max-image-preview":"max-image-preview:large","max-video-preview":"max-video-preview:-1"},"canonical":"https:\/\/www.auction.de\/en\/za39-collect-online\/","og_locale":"en_US","og_type":"article","og_title":"ZA39 - Collect Online","og_url":"https:\/\/www.auction.de\/en\/za39-collect-online\/","og_site_name":"Nagel Auktionen","article_publisher":"https:\/\/www.facebook.com\/Nagelauction","article_modified_time":"2026-03-26T12:03:31+00:00","og_image":[{"width":1024,"height":670,"url":"https:\/\/www.auction.de\/wp-content\/uploads\/2026\/01\/Z39.jpg","type":"image\/jpeg"}],"twitter_card":"summary_large_image","twitter_misc":{"Est. reading time":"1 minute"},"schema":{"@context":"https:\/\/schema.org","@graph":[{"@type":"WebPage","@id":"https:\/\/www.auction.de\/en\/za39-collect-online\/","url":"https:\/\/www.auction.de\/en\/za39-collect-online\/","name":"ZA39 - Collect Online | Auktionshaus f\u00fcr Kunst, Schmuck &amp; Antiquit\u00e4ten","isPartOf":{"@id":"https:\/\/www.auction.de\/en\/#website"},"primaryImageOfPage":{"@id":"https:\/\/www.auction.de\/en\/za39-collect-online\/#primaryimage"},"image":{"@id":"https:\/\/www.auction.de\/en\/za39-collect-online\/#primaryimage"},"thumbnailUrl":"https:\/\/www.auction.de\/wp-content\/uploads\/2026\/01\/Z39.jpg","datePublished":"2026-01-22T12:29:40+00:00","dateModified":"2026-03-26T12:03:31+00:00","breadcrumb":{"@id":"https:\/\/www.auction.de\/en\/za39-collect-online\/#breadcrumb"},"inLanguage":"en-US","potentialAction":[{"@type":"ReadAction","target":["https:\/\/www.auction.de\/en\/za39-collect-online\/"]}]},{"@type":"ImageObject","inLanguage":"en-US","@id":"https:\/\/www.auction.de\/en\/za39-collect-online\/#primaryimage","url":"https:\/\/www.auction.de\/wp-content\/uploads\/2026\/01\/Z39.jpg","contentUrl":"https:\/\/www.auction.de\/wp-content\/uploads\/2026\/01\/Z39.jpg"},{"@type":"BreadcrumbList","@id":"https:\/\/www.auction.de\/en\/za39-collect-online\/#breadcrumb","itemListElement":[{"@type":"ListItem","position":1,"name":"Startseite","item":"https:\/\/www.auction.de\/en\/"},{"@type":"ListItem","position":2,"name":"ZA39 &#8211; Collect Online"}]},{"@type":"WebSite","@id":"https:\/\/www.auction.de\/en\/#website","url":"https:\/\/www.auction.de\/en\/","name":"Nagel Auktionen","description":"Auktionshaus f\u00fcr Kunst, Schmuck &amp; Antiquit\u00e4ten","publisher":{"@id":"https:\/\/www.auction.de\/en\/#organization"},"alternateName":"Auktionshaus Stuttgart","potentialAction":[{"@type":"SearchAction","target":{"@type":"EntryPoint","urlTemplate":"https:\/\/www.auction.de\/en\/?s={search_term_string}"},"query-input":{"@type":"PropertyValueSpecification","valueRequired":true,"valueName":"search_term_string"}}],"inLanguage":"en-US"},{"@type":"Organization","@id":"https:\/\/www.auction.de\/en\/#organization","name":"Nagel Auktionen","alternateName":"F\u00fchrendes Auktionshaus in Stuttgart mit internationaler Pr\u00e4senz","url":"https:\/\/www.auction.de\/en\/","logo":{"@type":"ImageObject","inLanguage":"en-US","@id":"https:\/\/www.auction.de\/en\/#\/schema\/logo\/image\/","url":"https:\/\/www.auction.de\/wp-content\/uploads\/2025\/03\/Nagel-Auktionen.jpg","contentUrl":"https:\/\/www.auction.de\/wp-content\/uploads\/2025\/03\/Nagel-Auktionen.jpg","width":1921,"height":1081,"caption":"Nagel Auktionen"},"image":{"@id":"https:\/\/www.auction.de\/en\/#\/schema\/logo\/image\/"},"sameAs":["https:\/\/www.facebook.com\/Nagelauction","https:\/\/www.instagram.com\/nagelauction\/","https:\/\/de.linkedin.com\/company\/nagelauktionen"],"description":"Nagel Auktionen ist ein f\u00fchrendes Auktionshaus in Stuttgart mit internationaler Pr\u00e4senz f\u00fcr herausragende Kunstwerke, Antiquit\u00e4ten, Schmuck & Uhren","email":"contact@auction.de","telephone":"+49 151 2013 4427","legalName":"Nagel Auktionen GmbH","numberOfEmployees":{"@type":"QuantitativeValue","minValue":"11","maxValue":"50"}}]}},"_links":{"self":[{"href":"https:\/\/www.auction.de\/en\/wp-json\/wp\/v2\/pages\/23417","targetHints":{"allow":["GET"]}}],"collection":[{"href":"https:\/\/www.auction.de\/en\/wp-json\/wp\/v2\/pages"}],"about":[{"href":"https:\/\/www.auction.de\/en\/wp-json\/wp\/v2\/types\/page"}],"author":[{"embeddable":true,"href":"https:\/\/www.auction.de\/en\/wp-json\/wp\/v2\/users\/13"}],"replies":[{"embeddable":true,"href":"https:\/\/www.auction.de\/en\/wp-json\/wp\/v2\/comments?post=23417"}],"version-history":[{"count":0,"href":"https:\/\/www.auction.de\/en\/wp-json\/wp\/v2\/pages\/23417\/revisions"}],"wp:attachment":[{"href":"https:\/\/www.auction.de\/en\/wp-json\/wp\/v2\/media?parent=23417"}],"curies":[{"name":"wp","href":"https:\/\/api.w.org\/{rel}","templated":true}]}}