{"id":23482,"date":"2026-02-05T09:53:37","date_gmt":"2026-02-05T08:53:37","guid":{"rendered":"https:\/\/www.auction.de\/auktion-839-nv\/"},"modified":"2026-02-05T09:54:55","modified_gmt":"2026-02-05T08:54:55","slug":"auktion-839-nv","status":"publish","type":"page","link":"https:\/\/www.auction.de\/en\/auktion-839-nv\/","title":{"rendered":"auktion-839-nv"},"content":{"rendered":"\n<style type=\"text\/css\" data-created_by=\"avia_inline_auto\" id=\"style-css-av-l3zzbhlr-48e96852a27252b7f3afbb2a2e544c8c\">\n.flex_column.av-l3zzbhlr-48e96852a27252b7f3afbb2a2e544c8c{\nborder-radius:10px 10px 10px 10px;\npadding:0 0 0 0;\n}\n<\/style>\n<div  id=\"Auktioninfobox\"  class='flex_column av-l3zzbhlr-48e96852a27252b7f3afbb2a2e544c8c av_one_half  avia-builder-el-0  el_before_av_one_half  avia-builder-el-first  first flex_column_div av-zero-column-padding  '     ><p>\n<style type=\"text\/css\" data-created_by=\"avia_inline_auto\" id=\"style-css-av-2ihaln-42dabe768b22e2230f6eb80c35e65060\">\n#top .hr.hr-invisible.av-2ihaln-42dabe768b22e2230f6eb80c35e65060{\nheight:25px;\n}\n<\/style>\n<div  class='hr av-2ihaln-42dabe768b22e2230f6eb80c35e65060 hr-invisible  avia-builder-el-1  el_before_av_textblock  avia-builder-el-first '><span class='hr-inner '><span class=\"hr-inner-style\"><\/span><\/span><\/div><br \/>\n\n<style type=\"text\/css\" data-created_by=\"avia_inline_auto\" id=\"style-css-av-2ggxnv-4dc6dcec6c558da9b17681c6fa96659b\">\n#top .av_textblock_section.av-2ggxnv-4dc6dcec6c558da9b17681c6fa96659b .avia_textblock{\nfont-size:16px;\n}\n<\/style>\n<section  class='av_textblock_section av-2ggxnv-4dc6dcec6c558da9b17681c6fa96659b '   itemscope=\"itemscope\" itemtype=\"https:\/\/schema.org\/CreativeWork\" ><div class='avia_textblock'  itemprop=\"text\" ><p><strong>Post Sale<\/strong><\/p>\n<\/div><\/section><br \/>\n<section  class='av_textblock_section av-2az5aj-72360ae4f84bc9d82bac1e21ee6b9335 '   itemscope=\"itemscope\" itemtype=\"https:\/\/schema.org\/CreativeWork\" ><div class='avia_textblock'  itemprop=\"text\" ><h4>839 | Modern &amp; Contemporary Art, Design<\/h4>\n<h1><\/h1>\n<\/div><\/section><br \/>\n\n<style type=\"text\/css\" data-created_by=\"avia_inline_auto\" id=\"style-css-av-lrt2r-91c1635cd7eee947da6a199c17037905\">\n#top .hr.av-lrt2r-91c1635cd7eee947da6a199c17037905{\nmargin-top:0px;\nmargin-bottom:30px;\n}\n.hr.av-lrt2r-91c1635cd7eee947da6a199c17037905 .hr-inner{\nwidth:50px;\nborder-color:#ec8907;\n}\n<\/style>\n<div  class='hr av-lrt2r-91c1635cd7eee947da6a199c17037905 hr-custom  avia-builder-el-4  el_after_av_textblock  el_before_av_textblock  hr-left hr-icon-no'><span class='hr-inner inner-border-av-border-fat'><span class=\"hr-inner-style\"><\/span><\/span><\/div><br \/>\n\n<style type=\"text\/css\" data-created_by=\"avia_inline_auto\" id=\"style-css-av-m5w9nm4c-e8f68c2ee822514ca0cc0009f3905590\">\n#top .av_textblock_section.av-m5w9nm4c-e8f68c2ee822514ca0cc0009f3905590 .avia_textblock{\nfont-size:16px;\ncolor:#0a0a0a;\n}\n<\/style>\n<section  class='av_textblock_section av-m5w9nm4c-e8f68c2ee822514ca0cc0009f3905590 '   itemscope=\"itemscope\" itemtype=\"https:\/\/schema.org\/CreativeWork\" ><div class='avia_textblock av_inherit_color'  itemprop=\"text\" ><p style=\"text-align: left;\"><span style=\"color: #333333;\"><strong>Auction<\/strong><br \/>\n4 February 2026<\/span><\/p>\n<p style=\"text-align: left;\">\n<\/div><\/section><br \/>\n\n<style type=\"text\/css\" data-created_by=\"avia_inline_auto\" id=\"style-css-av-1sjtnv-cf3708927b356afdf58cd1b7543202a2\">\n#top .hr.hr-invisible.av-1sjtnv-cf3708927b356afdf58cd1b7543202a2{\nheight:25px;\n}\n<\/style>\n<div  class='hr av-1sjtnv-cf3708927b356afdf58cd1b7543202a2 hr-invisible  avia-builder-el-6  el_after_av_textblock  el_before_av_buttonrow '><span class='hr-inner '><span class=\"hr-inner-style\"><\/span><\/span><\/div><br \/>\n<div  class='avia-buttonrow-wrap av-l3zzhecz-65e3af82d8e38c84a194af91abd67fed avia-buttonrow-left  avia-builder-el-7  el_after_av_hr  el_before_av_hr '>\n\n<style type=\"text\/css\" data-created_by=\"avia_inline_auto\" id=\"style-css-av-1jnmnn-e8457502bf48b581e549a47802919758\">\n#top #wrap_all .avia-button.av-1jnmnn-e8457502bf48b581e549a47802919758{\nmargin-bottom:5px;\nmargin-right:5px;\n}\n<\/style>\n<a href='https:\/\/www.auction.de\/en\/service\/bidding\/'  class='avia-button av-1jnmnn-e8457502bf48b581e549a47802919758 avia-icon_select-yes-left-icon avia-size-large avia-color-theme-color'   aria-label=\"Bidding\"><span class='avia_button_icon avia_button_icon_left avia-iconfont avia-font-entypo-fontello' data-av_icon='\ue83c' data-av_iconfont='entypo-fontello' ><\/span><span class='avia_iconbox_title' >Bidding<\/span><\/a>\n<\/div><br \/>\n\n<style type=\"text\/css\" data-created_by=\"avia_inline_auto\" id=\"style-css-av-1f79ib-557683ef1c23a61a9e97d8975cf32063\">\n#top .hr.hr-invisible.av-1f79ib-557683ef1c23a61a9e97d8975cf32063{\nheight:50px;\n}\n<\/style>\n<div  class='hr av-1f79ib-557683ef1c23a61a9e97d8975cf32063 hr-invisible  avia-builder-el-8  el_after_av_buttonrow  avia-builder-el-last '><span class='hr-inner '><span class=\"hr-inner-style\"><\/span><\/span><\/div><\/p><\/div>\n<div  class='flex_column av-1wi0u6-b06d5023b25b8deaa7176cfa4bb76678 av_one_half  avia-builder-el-9  el_after_av_one_half  el_before_av_section  avia-builder-el-last  flex_column_div av-animated-generic right-to-left  '     ><p>\n<style type=\"text\/css\" data-created_by=\"avia_inline_auto\" id=\"style-css-av-6av9q-bc168fc8e4b677f300c3be61e1d71f9a\">\n#top .hr.hr-invisible.av-6av9q-bc168fc8e4b677f300c3be61e1d71f9a{\nheight:25px;\n}\n<\/style>\n<div  class='hr av-6av9q-bc168fc8e4b677f300c3be61e1d71f9a hr-invisible  avia-builder-el-10  el_before_av_hr  avia-builder-el-first '><span class='hr-inner '><span class=\"hr-inner-style\"><\/span><\/span><\/div><br \/>\n\n<style type=\"text\/css\" data-created_by=\"avia_inline_auto\" id=\"style-css-av-1lcse6-eaa83297b47fbb61dd6e241782dac4e0\">\n#top .hr.hr-invisible.av-1lcse6-eaa83297b47fbb61dd6e241782dac4e0{\nheight:25px;\n}\n<\/style>\n<div  class='hr av-1lcse6-eaa83297b47fbb61dd6e241782dac4e0 hr-invisible  avia-builder-el-11  el_after_av_hr  el_before_av_hr '><span class='hr-inner '><span class=\"hr-inner-style\"><\/span><\/span><\/div><br \/>\n\n<style type=\"text\/css\" data-created_by=\"avia_inline_auto\" id=\"style-css-av-7xbfq-b1b7a3771bf470e785f90ea6c045ee97\">\n#top .hr.hr-invisible.av-7xbfq-b1b7a3771bf470e785f90ea6c045ee97{\nheight:25px;\n}\n<\/style>\n<div  class='hr av-7xbfq-b1b7a3771bf470e785f90ea6c045ee97 hr-invisible  avia-builder-el-12  el_after_av_hr  el_before_av_toggle_container '><span class='hr-inner '><span class=\"hr-inner-style\"><\/span><\/span><\/div><br \/>\n<div  class='togglecontainer av-l3zw51az-27cc2e745e10da9947af90e458eff557 av-minimal-toggle  avia-builder-el-13  el_after_av_hr  avia-builder-el-last  toggle_close_all' >\n<section class='av_toggle_section av-l4ze6i79-07b5cfe60e9d9596d5ebcdcd91ebabb5'  itemscope=\"itemscope\" itemtype=\"https:\/\/schema.org\/CreativeWork\" ><div role=\"tablist\" class=\"single_toggle\" data-tags=\"{All} \"  ><p id='toggle-toggle-id-1' data-fake-id='#toggle-id-1' class='toggler  av-title-above '  itemprop=\"headline\"  role='tab' tabindex='0' aria-controls='toggle-id-1' data-slide-speed=\"200\" data-title=\"Place of auction\" data-title-open=\"\" data-aria_collapsed=\"Click to expand: Place of auction\" data-aria_expanded=\"Click to collapse: Place of auction\">Place of auction<span class=\"toggle_icon\"><span class=\"vert_icon\"><\/span><span class=\"hor_icon\"><\/span><\/span><\/p><div id='toggle-id-1' aria-labelledby='toggle-toggle-id-1' role='region' class='toggle_wrap  av-title-above'  ><div class='toggle_content invers-color '  itemprop=\"text\" ><p>Auktionshaus Nagel<br \/>\nNeckarstra\u00dfe 189 &#8211; 191<br \/>\nD &#8211; 70190 Stuttgart<\/p>\n<\/div><\/div><\/div><\/section>\n<section class='av_toggle_section av-l4ze6w7v-6a02e3e859b39bffba9f4f26c5829ac4'  itemscope=\"itemscope\" itemtype=\"https:\/\/schema.org\/CreativeWork\" ><div role=\"tablist\" class=\"single_toggle\" data-tags=\"{All} \"  ><p id='toggle-toggle-id-2' data-fake-id='#toggle-id-2' class='toggler  av-title-above '  itemprop=\"headline\"  role='tab' tabindex='0' aria-controls='toggle-id-2' data-slide-speed=\"200\" data-title=\"Viewing\" data-title-open=\"\" data-aria_collapsed=\"Click to expand: Viewing\" data-aria_expanded=\"Click to collapse: Viewing\">Viewing<span class=\"toggle_icon\"><span class=\"vert_icon\"><\/span><span class=\"hor_icon\"><\/span><\/span><\/p><div id='toggle-id-2' aria-labelledby='toggle-toggle-id-2' role='region' class='toggle_wrap  av-title-above'  ><div class='toggle_content invers-color '  itemprop=\"text\" ><p>Viewing: 31 January &#8211; 2 February 2026, 11 a.m. &#8211; 5 p.m.<\/p>\n<p>Auktionshaus Nagel<br \/>\nNeckarstra\u00dfe 189 \u2013 191<br \/>\nD \u2013 70190 Stuttgart<\/p>\n<\/div><\/div><\/div><\/section>\n<section class='av_toggle_section av-l3zw5yot-334c405386663b7bada6d5d0896d3b5d'  itemscope=\"itemscope\" itemtype=\"https:\/\/schema.org\/CreativeWork\" ><div role=\"tablist\" class=\"single_toggle\" data-tags=\"{All} \"  ><p id='toggle-toggle-id-3' data-fake-id='#toggle-id-3' class='toggler  av-title-above '  itemprop=\"headline\"  role='tab' tabindex='0' aria-controls='toggle-id-3' data-slide-speed=\"200\" data-title=\"Conditions of Sale\" data-title-open=\"\" data-aria_collapsed=\"Click to expand: Conditions of Sale\" data-aria_expanded=\"Click to collapse: Conditions of Sale\">Conditions of Sale<span class=\"toggle_icon\"><span class=\"vert_icon\"><\/span><span class=\"hor_icon\"><\/span><\/span><\/p><div id='toggle-id-3' aria-labelledby='toggle-toggle-id-3' role='region' class='toggle_wrap  av-title-above'  ><div class='toggle_content invers-color '  itemprop=\"text\" ><p><a href=\"https:\/\/www.auction.de\/en\/conditions-of-sale\/\">Conditions of Sale<\/a><\/p>\n<\/div><\/div><\/div><\/section>\n<section class='av_toggle_section av-l80a1ck8-094748dbaeb4c4eff12a464311ed0105'  itemscope=\"itemscope\" itemtype=\"https:\/\/schema.org\/CreativeWork\" ><div role=\"tablist\" class=\"single_toggle\" data-tags=\"{All} \"  ><p id='toggle-toggle-id-4' data-fake-id='#toggle-id-4' class='toggler  av-title-above '  itemprop=\"headline\"  role='tab' tabindex='0' aria-controls='toggle-id-4' data-slide-speed=\"200\" data-title=\"Important additional information\" data-title-open=\"\" data-aria_collapsed=\"Click to expand: Important additional information\" data-aria_expanded=\"Click to collapse: Important additional information\">Important additional information<span class=\"toggle_icon\"><span class=\"vert_icon\"><\/span><span class=\"hor_icon\"><\/span><\/span><\/p><div id='toggle-id-4' aria-labelledby='toggle-toggle-id-4' role='region' class='toggle_wrap  av-title-above'  ><div class='toggle_content invers-color '  itemprop=\"text\" ><p>Please note that the lots marked with the symbol &#8220;Y&#8221; are subject to CITES restrictions if they are to be exported from the EU.<\/p>\n<p>Dear customers and friends of Nagel Auctions,<\/p>\n<p>All auctions conducted by NAGEL AUKTIONEN are public auctions, to which the provisions governing consumer sales do not apply.<\/p>\n<p>Lots marked with * require special attention. Invoicing is carried out under standard taxation, with a buyer\u2019s premium of 10% on the hammer price. Statutory VAT is payable in addition to both the hammer price and the buyer\u2019s premium.<\/p>\n<p>We thank you for your understanding and wish you every success.<\/p>\n<p>Your team of Nagel Auktionen<\/p>\n<\/div><\/div><\/div><\/section>\n<\/div><\/p><\/div>\n<\/div><\/div><\/div><!-- close content main div --><\/div><\/div><div id='av_section_1'  class='avia-section av-85j5rx-6a509e167e64e5f6e64ba2b1d3f5e5e6 main_color avia-section-default avia-no-border-styling  avia-builder-el-14  el_after_av_one_half  el_before_av_section  avia-bg-style-scroll container_wrap fullsize'  ><div class='container av-section-cont-open' ><div class='template-page content  av-content-full alpha units'><div class='post-entry post-entry-type-page post-entry-23482'><div class='entry-content-wrapper clearfix'>\n<div  class='flex_column av-1nk6ykd-dc9db0f9c70b81dda65e8f995bbb1770 av_one_fourth  avia-builder-el-15  el_before_av_one_fourth  avia-builder-el-first  first flex_column_div avia-link-column av-column-link  '    data-link-column-url=\"https:\/\/www.auction.de\/download\/839MK.pdf\"   ><a class=\"av-screen-reader-only\" href=https:\/\/www.auction.de\/download\/839MK.pdf >Follow a manual added link<\/a><p>\n<style type=\"text\/css\" data-created_by=\"avia_inline_auto\" id=\"style-css-av-mcc2xwb0-7296f92c0e50c933b1bfc2563b1df2bb\">\n.avia-image-container.av-mcc2xwb0-7296f92c0e50c933b1bfc2563b1df2bb img.avia_image{\nbox-shadow:none;\n}\n.avia-image-container.av-mcc2xwb0-7296f92c0e50c933b1bfc2563b1df2bb .av-image-caption-overlay-center{\ncolor:#ffffff;\n}\n<\/style>\n<div  class='avia-image-container av-mcc2xwb0-7296f92c0e50c933b1bfc2563b1df2bb av-styling- avia-align-center  avia-builder-el-16  el_before_av_textblock  avia-builder-el-first '   itemprop=\"image\" itemscope=\"itemscope\" itemtype=\"https:\/\/schema.org\/ImageObject\" ><div class=\"avia-image-container-inner\"><div class=\"avia-image-overlay-wrap\"><img decoding=\"async\" fetchpriority=\"high\" class='wp-image-23284 avia-img-lazy-loading-not-23284 avia_image ' src=\"https:\/\/www.auction.de\/wp-content\/uploads\/2026\/01\/839_mobile.jpg\" alt='' title=''  height=\"800\" width=\"560\"  itemprop=\"thumbnailUrl\" srcset=\"https:\/\/www.auction.de\/wp-content\/uploads\/2026\/01\/839_mobile.jpg 560w, https:\/\/www.auction.de\/wp-content\/uploads\/2026\/01\/839_mobile-210x300.jpg 210w, https:\/\/www.auction.de\/wp-content\/uploads\/2026\/01\/839_mobile-494x705.jpg 494w, https:\/\/www.auction.de\/wp-content\/uploads\/2026\/01\/839_mobile-17x24.jpg 17w, https:\/\/www.auction.de\/wp-content\/uploads\/2026\/01\/839_mobile-25x36.jpg 25w, https:\/\/www.auction.de\/wp-content\/uploads\/2026\/01\/839_mobile-34x48.jpg 34w\" sizes=\"(max-width: 560px) 100vw, 560px\" \/><\/div><\/div><\/div><br \/>\n\n<style type=\"text\/css\" data-created_by=\"avia_inline_auto\" id=\"style-css-av-mcc2xgzc-2d70d9e5a440dd609318102f68b2ed12\">\n#top .av_textblock_section.av-mcc2xgzc-2d70d9e5a440dd609318102f68b2ed12 .avia_textblock{\nfont-size:16px;\ncolor:#0a0a0a;\n}\n<\/style>\n<section  class='av_textblock_section av-mcc2xgzc-2d70d9e5a440dd609318102f68b2ed12 '   itemscope=\"itemscope\" itemtype=\"https:\/\/schema.org\/CreativeWork\" ><div class='avia_textblock av_inherit_color'  itemprop=\"text\" ><h5>Modern &amp; Contemporary Art, Design<br \/>\nOnline catalog<\/h5>\n<p style=\"text-align: left;\">\n<\/div><\/section><\/p><\/div><div  class='flex_column av-19p9pml-d51a601dc65e3d8dc5d5dcf3e8dcaa64 av_one_fourth  avia-builder-el-18  el_after_av_one_fourth  el_before_av_one_fourth  flex_column_div  '     ><\/div><div  class='flex_column av-p0kq65-56f8f2d5fc1c3d7ecf82ac5baf39bdeb av_one_fourth  avia-builder-el-19  el_after_av_one_fourth  el_before_av_one_fourth  flex_column_div  '     ><\/div><div  class='flex_column av-qx5whc-17ec9766141177670d58655283f061f0 av_one_fourth  avia-builder-el-20  el_after_av_one_fourth  avia-builder-el-last  flex_column_div  '     ><\/div>\n\n<\/div><\/div><\/div><!-- close content main div --><\/div><\/div><div id='sticky-schubser'  class='avia-section av-l3zyr4ra-cce8e008d92125bdc8dd826286c0f8c2 main_color avia-section-default avia-no-border-styling  avia-builder-el-21  el_after_av_section  avia-builder-el-last  abs-lot-list avia-bg-style-scroll container_wrap fullsize'  ><div class='container av-section-cont-open' ><div class='template-page content  av-content-full alpha units'><div class='post-entry post-entry-type-page post-entry-23482'><div class='entry-content-wrapper clearfix'>\n\n\n","protected":false},"excerpt":{"rendered":"","protected":false},"author":13,"featured_media":0,"parent":0,"menu_order":-1,"comment_status":"closed","ping_status":"closed","template":"","meta":{"footnotes":""},"class_list":["post-23482","page","type-page","status-publish","hentry"],"yoast_head":"<!-- This site is optimized with the Yoast SEO Premium plugin v27.1 (Yoast SEO v27.3) - https:\/\/yoast.com\/product\/yoast-seo-premium-wordpress\/ -->\n<title>auktion-839-nv | Auktionshaus f\u00fcr Kunst, Schmuck &amp; Antiquit\u00e4ten<\/title>\n<meta name=\"robots\" content=\"index, follow, max-snippet:-1, max-image-preview:large, max-video-preview:-1\" \/>\n<link rel=\"canonical\" href=\"https:\/\/www.auction.de\/en\/auktion-839-nv\/\" \/>\n<meta property=\"og:locale\" content=\"en_US\" \/>\n<meta property=\"og:type\" content=\"article\" \/>\n<meta property=\"og:title\" content=\"auktion-839-nv\" \/>\n<meta property=\"og:url\" content=\"https:\/\/www.auction.de\/en\/auktion-839-nv\/\" \/>\n<meta property=\"og:site_name\" content=\"Nagel Auktionen\" \/>\n<meta property=\"article:publisher\" content=\"https:\/\/www.facebook.com\/Nagelauction\" \/>\n<meta property=\"article:modified_time\" content=\"2026-02-05T08:54:55+00:00\" \/>\n<meta property=\"og:image\" content=\"https:\/\/www.auction.de\/wp-content\/uploads\/2025\/03\/Nagel-Auktionshaus.jpg\" \/>\n\t<meta property=\"og:image:width\" content=\"1201\" \/>\n\t<meta property=\"og:image:height\" content=\"676\" \/>\n\t<meta property=\"og:image:type\" content=\"image\/jpeg\" \/>\n<meta name=\"twitter:card\" content=\"summary_large_image\" \/>\n<meta name=\"twitter:label1\" content=\"Est. reading time\" \/>\n\t<meta name=\"twitter:data1\" content=\"25 minutes\" \/>\n<script type=\"application\/ld+json\" class=\"yoast-schema-graph\">{\"@context\":\"https:\\\/\\\/schema.org\",\"@graph\":[{\"@type\":\"WebPage\",\"@id\":\"https:\\\/\\\/www.auction.de\\\/en\\\/auktion-839-nv\\\/\",\"url\":\"https:\\\/\\\/www.auction.de\\\/en\\\/auktion-839-nv\\\/\",\"name\":\"auktion-839-nv | Auktionshaus f\u00fcr Kunst, Schmuck &amp; Antiquit\u00e4ten\",\"isPartOf\":{\"@id\":\"https:\\\/\\\/www.auction.de\\\/en\\\/#website\"},\"datePublished\":\"2026-02-05T08:53:37+00:00\",\"dateModified\":\"2026-02-05T08:54:55+00:00\",\"breadcrumb\":{\"@id\":\"https:\\\/\\\/www.auction.de\\\/en\\\/auktion-839-nv\\\/#breadcrumb\"},\"inLanguage\":\"en-US\",\"potentialAction\":[{\"@type\":\"ReadAction\",\"target\":[\"https:\\\/\\\/www.auction.de\\\/en\\\/auktion-839-nv\\\/\"]}]},{\"@type\":\"BreadcrumbList\",\"@id\":\"https:\\\/\\\/www.auction.de\\\/en\\\/auktion-839-nv\\\/#breadcrumb\",\"itemListElement\":[{\"@type\":\"ListItem\",\"position\":1,\"name\":\"Startseite\",\"item\":\"https:\\\/\\\/www.auction.de\\\/en\\\/\"},{\"@type\":\"ListItem\",\"position\":2,\"name\":\"auktion-839-nv\"}]},{\"@type\":\"WebSite\",\"@id\":\"https:\\\/\\\/www.auction.de\\\/en\\\/#website\",\"url\":\"https:\\\/\\\/www.auction.de\\\/en\\\/\",\"name\":\"Nagel Auktionen\",\"description\":\"Auktionshaus f\u00fcr Kunst, Schmuck &amp; Antiquit\u00e4ten\",\"publisher\":{\"@id\":\"https:\\\/\\\/www.auction.de\\\/en\\\/#organization\"},\"alternateName\":\"Auktionshaus Stuttgart\",\"potentialAction\":[{\"@type\":\"SearchAction\",\"target\":{\"@type\":\"EntryPoint\",\"urlTemplate\":\"https:\\\/\\\/www.auction.de\\\/en\\\/?s={search_term_string}\"},\"query-input\":{\"@type\":\"PropertyValueSpecification\",\"valueRequired\":true,\"valueName\":\"search_term_string\"}}],\"inLanguage\":\"en-US\"},{\"@type\":\"Organization\",\"@id\":\"https:\\\/\\\/www.auction.de\\\/en\\\/#organization\",\"name\":\"Nagel Auktionen\",\"alternateName\":\"F\u00fchrendes Auktionshaus in Stuttgart mit internationaler Pr\u00e4senz\",\"url\":\"https:\\\/\\\/www.auction.de\\\/en\\\/\",\"logo\":{\"@type\":\"ImageObject\",\"inLanguage\":\"en-US\",\"@id\":\"https:\\\/\\\/www.auction.de\\\/en\\\/#\\\/schema\\\/logo\\\/image\\\/\",\"url\":\"https:\\\/\\\/www.auction.de\\\/wp-content\\\/uploads\\\/2025\\\/03\\\/Nagel-Auktionen.jpg\",\"contentUrl\":\"https:\\\/\\\/www.auction.de\\\/wp-content\\\/uploads\\\/2025\\\/03\\\/Nagel-Auktionen.jpg\",\"width\":1921,\"height\":1081,\"caption\":\"Nagel Auktionen\"},\"image\":{\"@id\":\"https:\\\/\\\/www.auction.de\\\/en\\\/#\\\/schema\\\/logo\\\/image\\\/\"},\"sameAs\":[\"https:\\\/\\\/www.facebook.com\\\/Nagelauction\",\"https:\\\/\\\/www.instagram.com\\\/nagelauction\\\/\",\"https:\\\/\\\/de.linkedin.com\\\/company\\\/nagelauktionen\"],\"description\":\"Nagel Auktionen ist ein f\u00fchrendes Auktionshaus in Stuttgart mit internationaler Pr\u00e4senz f\u00fcr herausragende Kunstwerke, Antiquit\u00e4ten, Schmuck & Uhren\",\"email\":\"contact@auction.de\",\"telephone\":\"+49 151 2013 4427\",\"legalName\":\"Nagel Auktionen GmbH\",\"numberOfEmployees\":{\"@type\":\"QuantitativeValue\",\"minValue\":\"11\",\"maxValue\":\"50\"}}]}<\/script>\n<!-- \/ Yoast SEO Premium plugin. -->","yoast_head_json":{"title":"auktion-839-nv | Auktionshaus f\u00fcr Kunst, Schmuck &amp; Antiquit\u00e4ten","robots":{"index":"index","follow":"follow","max-snippet":"max-snippet:-1","max-image-preview":"max-image-preview:large","max-video-preview":"max-video-preview:-1"},"canonical":"https:\/\/www.auction.de\/en\/auktion-839-nv\/","og_locale":"en_US","og_type":"article","og_title":"auktion-839-nv","og_url":"https:\/\/www.auction.de\/en\/auktion-839-nv\/","og_site_name":"Nagel Auktionen","article_publisher":"https:\/\/www.facebook.com\/Nagelauction","article_modified_time":"2026-02-05T08:54:55+00:00","og_image":[{"width":1201,"height":676,"url":"https:\/\/www.auction.de\/wp-content\/uploads\/2025\/03\/Nagel-Auktionshaus.jpg","type":"image\/jpeg"}],"twitter_card":"summary_large_image","twitter_misc":{"Est. reading time":"25 minutes"},"schema":{"@context":"https:\/\/schema.org","@graph":[{"@type":"WebPage","@id":"https:\/\/www.auction.de\/en\/auktion-839-nv\/","url":"https:\/\/www.auction.de\/en\/auktion-839-nv\/","name":"auktion-839-nv | Auktionshaus f\u00fcr Kunst, Schmuck &amp; Antiquit\u00e4ten","isPartOf":{"@id":"https:\/\/www.auction.de\/en\/#website"},"datePublished":"2026-02-05T08:53:37+00:00","dateModified":"2026-02-05T08:54:55+00:00","breadcrumb":{"@id":"https:\/\/www.auction.de\/en\/auktion-839-nv\/#breadcrumb"},"inLanguage":"en-US","potentialAction":[{"@type":"ReadAction","target":["https:\/\/www.auction.de\/en\/auktion-839-nv\/"]}]},{"@type":"BreadcrumbList","@id":"https:\/\/www.auction.de\/en\/auktion-839-nv\/#breadcrumb","itemListElement":[{"@type":"ListItem","position":1,"name":"Startseite","item":"https:\/\/www.auction.de\/en\/"},{"@type":"ListItem","position":2,"name":"auktion-839-nv"}]},{"@type":"WebSite","@id":"https:\/\/www.auction.de\/en\/#website","url":"https:\/\/www.auction.de\/en\/","name":"Nagel Auktionen","description":"Auktionshaus f\u00fcr Kunst, Schmuck &amp; Antiquit\u00e4ten","publisher":{"@id":"https:\/\/www.auction.de\/en\/#organization"},"alternateName":"Auktionshaus Stuttgart","potentialAction":[{"@type":"SearchAction","target":{"@type":"EntryPoint","urlTemplate":"https:\/\/www.auction.de\/en\/?s={search_term_string}"},"query-input":{"@type":"PropertyValueSpecification","valueRequired":true,"valueName":"search_term_string"}}],"inLanguage":"en-US"},{"@type":"Organization","@id":"https:\/\/www.auction.de\/en\/#organization","name":"Nagel Auktionen","alternateName":"F\u00fchrendes Auktionshaus in Stuttgart mit internationaler Pr\u00e4senz","url":"https:\/\/www.auction.de\/en\/","logo":{"@type":"ImageObject","inLanguage":"en-US","@id":"https:\/\/www.auction.de\/en\/#\/schema\/logo\/image\/","url":"https:\/\/www.auction.de\/wp-content\/uploads\/2025\/03\/Nagel-Auktionen.jpg","contentUrl":"https:\/\/www.auction.de\/wp-content\/uploads\/2025\/03\/Nagel-Auktionen.jpg","width":1921,"height":1081,"caption":"Nagel Auktionen"},"image":{"@id":"https:\/\/www.auction.de\/en\/#\/schema\/logo\/image\/"},"sameAs":["https:\/\/www.facebook.com\/Nagelauction","https:\/\/www.instagram.com\/nagelauction\/","https:\/\/de.linkedin.com\/company\/nagelauktionen"],"description":"Nagel Auktionen ist ein f\u00fchrendes Auktionshaus in Stuttgart mit internationaler Pr\u00e4senz f\u00fcr herausragende Kunstwerke, Antiquit\u00e4ten, Schmuck & Uhren","email":"contact@auction.de","telephone":"+49 151 2013 4427","legalName":"Nagel Auktionen GmbH","numberOfEmployees":{"@type":"QuantitativeValue","minValue":"11","maxValue":"50"}}]}},"_links":{"self":[{"href":"https:\/\/www.auction.de\/en\/wp-json\/wp\/v2\/pages\/23482","targetHints":{"allow":["GET"]}}],"collection":[{"href":"https:\/\/www.auction.de\/en\/wp-json\/wp\/v2\/pages"}],"about":[{"href":"https:\/\/www.auction.de\/en\/wp-json\/wp\/v2\/types\/page"}],"author":[{"embeddable":true,"href":"https:\/\/www.auction.de\/en\/wp-json\/wp\/v2\/users\/13"}],"replies":[{"embeddable":true,"href":"https:\/\/www.auction.de\/en\/wp-json\/wp\/v2\/comments?post=23482"}],"version-history":[{"count":0,"href":"https:\/\/www.auction.de\/en\/wp-json\/wp\/v2\/pages\/23482\/revisions"}],"wp:attachment":[{"href":"https:\/\/www.auction.de\/en\/wp-json\/wp\/v2\/media?parent=23482"}],"curies":[{"name":"wp","href":"https:\/\/api.w.org\/{rel}","templated":true}]}}