{"id":23502,"date":"2026-02-09T13:29:48","date_gmt":"2026-02-09T12:29:48","guid":{"rendered":"https:\/\/www.auction.de\/za38-japanese-art-online\/"},"modified":"2026-03-10T14:41:55","modified_gmt":"2026-03-10T13:41:55","slug":"za38-japanese-art-online","status":"publish","type":"page","link":"https:\/\/www.auction.de\/en\/za38-japanese-art-online\/","title":{"rendered":"ZA38 &#8211; Asian Art Online I"},"content":{"rendered":"<div class='av-column-wrapper-individual av-break-at-tablet-flexwrapper av-mobile-columns-flex av-columns-individual'>\n<style type=\"text\/css\" data-created_by=\"avia_inline_auto\" id=\"style-css-av-zzp1i4-6ef29589abc2bbf6b308a1757eb8724b\">\n.flex_column.av-zzp1i4-6ef29589abc2bbf6b308a1757eb8724b{\nwidth:47%;\norder:2;\n}\n<\/style>\n<div  class='flex_column av-zzp1i4-6ef29589abc2bbf6b308a1757eb8724b av_one_half  avia-builder-el-0  el_before_av_one_half  avia-builder-el-first  first av-break-at-tablet flex_column_div  '     ><p>\n<style type=\"text\/css\" data-created_by=\"avia_inline_auto\" id=\"style-css-av-ygexzg-67bfe87c9e3bb00db921c49a105d6fe4\">\n#top .hr.hr-invisible.av-ygexzg-67bfe87c9e3bb00db921c49a105d6fe4{\nheight:50px;\n}\n<\/style>\n<div  class='hr av-ygexzg-67bfe87c9e3bb00db921c49a105d6fe4 hr-invisible  avia-builder-el-1  el_before_av_textblock  avia-builder-el-first '><span class='hr-inner '><span class=\"hr-inner-style\"><\/span><\/span><\/div><br \/>\n\n<style type=\"text\/css\" data-created_by=\"avia_inline_auto\" id=\"style-css-av-wkigfw-e44b1d9b88a6aa12777300bd8d5e3a79\">\n#top .av_textblock_section.av-wkigfw-e44b1d9b88a6aa12777300bd8d5e3a79 .avia_textblock{\ncolor:#808080;\n}\n<\/style>\n<section  class='av_textblock_section av-wkigfw-e44b1d9b88a6aa12777300bd8d5e3a79 '   itemscope=\"itemscope\" itemtype=\"https:\/\/schema.org\/CreativeWork\" ><div class='avia_textblock av_inherit_color'  itemprop=\"text\" ><p>TIMED AUCTION<\/p>\n<\/div><\/section><br \/>\n<section  class='av_textblock_section av-v498oc-8836683dc1d19e3a03e666ee65cda833 '   itemscope=\"itemscope\" itemtype=\"https:\/\/schema.org\/CreativeWork\" ><div class='avia_textblock'  itemprop=\"text\" ><h1>Japanese Art Online<\/h1>\n<h3>Tsuba, Ukiyo-e, Works of Art<\/h3>\n<\/div><\/section><br \/>\n<section  class='av_textblock_section av-22xamp4-9f1157cb8d60cacde8e4e3a466506eb0 '   itemscope=\"itemscope\" itemtype=\"https:\/\/schema.org\/CreativeWork\" ><div class='avia_textblock'  itemprop=\"text\" ><p>18.03.2026 &#8211; 27.03.2026, ends at 10:00 a.m.<\/p>\n<\/div><\/section><br \/>\n<div  class='hr av-2m9sr0-4d0f71a41e52804d4202b54a15189fd1 hr-default  avia-builder-el-5  el_after_av_textblock  el_before_av_textblock '><span class='hr-inner '><span class=\"hr-inner-style\"><\/span><\/span><\/div><br \/>\n<section  class='av_textblock_section av-2qmh6k-bb95aa1a079db5b1438011d8146a7262 '   itemscope=\"itemscope\" itemtype=\"https:\/\/schema.org\/CreativeWork\" ><div class='avia_textblock'  itemprop=\"text\" ><p><strong>Auction<\/strong><\/p>\n<p>The auction &#8220;Japanese Art Online&#8221; will take place as a timed auction between 18.03.26 and 27.03.26. During this time, you can bid on the auction lots online. Registrations can be accepted from the start of the Timed Auction.<\/p>\n<\/div><\/section><br \/>\n<section  class='av_textblock_section av-lvkye8dy-db53482c7aeb490068ce5d61eca746f8 '   itemscope=\"itemscope\" itemtype=\"https:\/\/schema.org\/CreativeWork\" ><div class='avia_textblock'  itemprop=\"text\" ><p><strong>Preview <\/strong>of individual lots possible on request.<\/p>\n<\/div><\/section><br \/>\n<div  class='hr av-17pxw4n-3bf90bdb483b5028abd80603b4efe8ef hr-default  avia-builder-el-8  el_after_av_textblock  el_before_av_button '><span class='hr-inner '><span class=\"hr-inner-style\"><\/span><\/span><\/div><br \/>\n<div  class='avia-button-wrap av-qzd2rr-0c3e159e021db4ff5f3fb510b7187e34-wrap avia-button-left  avia-builder-el-9  el_after_av_hr  el_before_av_button '>\n<style type=\"text\/css\" data-created_by=\"avia_inline_auto\" id=\"style-css-av-qzd2rr-0c3e159e021db4ff5f3fb510b7187e34\">\n#top #wrap_all .avia-button.av-qzd2rr-0c3e159e021db4ff5f3fb510b7187e34{\nborder-style:none;\nbox-shadow: 5px 5px 20px 3px #bcbcbc;\ntransition:all 0.4s ease-in-out;\n}\n<\/style>\n<a href='https:\/\/www.auction.de\/en\/conditions-of-sale\/'  class='avia-button av-qzd2rr-0c3e159e021db4ff5f3fb510b7187e34 av-link-btn avia-icon_select-no avia-size-large avia-position-left avia-color-theme-color'  target=\"_blank\"  rel=\"noopener noreferrer\"  aria-label=\"Conditions of Sale (Web)\"><span class='avia_iconbox_title' >Conditions of Sale (Web)<\/span><\/a><\/div><br \/>\n<div  class='avia-button-wrap av-lvkywwlz-1e1045a7e3a835767256f0b11515cc22-wrap avia-button-left  avia-builder-el-10  el_after_av_button  avia-builder-el-last '>\n<style type=\"text\/css\" data-created_by=\"avia_inline_auto\" id=\"style-css-av-lvkywwlz-1e1045a7e3a835767256f0b11515cc22\">\n#top #wrap_all .avia-button.av-lvkywwlz-1e1045a7e3a835767256f0b11515cc22{\nborder-style:none;\nbox-shadow: 5px 5px 20px 3px #bcbcbc;\ntransition:all 0.4s ease-in-out;\n}\n<\/style>\n<a href='https:\/\/www.auction.de\/wp-content\/uploads\/2024\/01\/ConditionSale_2024.pdf'  class='avia-button av-lvkywwlz-1e1045a7e3a835767256f0b11515cc22 av-link-btn avia-icon_select-no avia-size-large avia-position-left avia-color-theme-color'  target=\"_blank\"  rel=\"noopener noreferrer\"  aria-label=\"Condition of Sale (PDF)\"><span class='avia_iconbox_title' >Condition of Sale (PDF)<\/span><\/a><\/div><\/p><\/div>\n<style type=\"text\/css\" data-created_by=\"avia_inline_auto\" id=\"style-css-av-158r9mb-09d07da0dfbee5476cd77859a5bd6987\">\n.flex_column.av-158r9mb-09d07da0dfbee5476cd77859a5bd6987{\nwidth:47%;\nmargin-left:6%;\norder:2;\n}\n<\/style>\n<div  class='flex_column av-158r9mb-09d07da0dfbee5476cd77859a5bd6987 av_one_half  avia-builder-el-11  el_after_av_one_half  el_before_av_hr  av-break-at-tablet flex_column_div  '     ><style type=\"text\/css\" data-created_by=\"avia_inline_auto\" id=\"style-css-av-ss7agj-f5e14b6f8b227ca3d49898dc1db4925b\">\n.avia-image-container.av-ss7agj-f5e14b6f8b227ca3d49898dc1db4925b img.avia_image{\nbox-shadow:none;\n}\n.avia-image-container.av-ss7agj-f5e14b6f8b227ca3d49898dc1db4925b .av-image-caption-overlay-center{\ncolor:#ffffff;\n}\n<\/style>\n<div  class='avia-image-container av-ss7agj-f5e14b6f8b227ca3d49898dc1db4925b av-styling- avia-align-center  avia-builder-el-12  avia-builder-el-no-sibling '   itemprop=\"image\" itemscope=\"itemscope\" itemtype=\"https:\/\/schema.org\/ImageObject\" ><div class=\"avia-image-container-inner\"><div class=\"avia-image-overlay-wrap\"><img decoding=\"async\" fetchpriority=\"high\" class='wp-image-23525 avia-img-lazy-loading-not-23525 avia_image ' src=\"https:\/\/www.auction.de\/wp-content\/uploads\/2026\/02\/ZA38-2.jpg\" alt='' title='ZA38'  height=\"800\" width=\"550\"  itemprop=\"thumbnailUrl\" srcset=\"https:\/\/www.auction.de\/wp-content\/uploads\/2026\/02\/ZA38-2.jpg 550w, https:\/\/www.auction.de\/wp-content\/uploads\/2026\/02\/ZA38-2-206x300.jpg 206w, https:\/\/www.auction.de\/wp-content\/uploads\/2026\/02\/ZA38-2-485x705.jpg 485w, https:\/\/www.auction.de\/wp-content\/uploads\/2026\/02\/ZA38-2-17x24.jpg 17w, https:\/\/www.auction.de\/wp-content\/uploads\/2026\/02\/ZA38-2-25x36.jpg 25w, https:\/\/www.auction.de\/wp-content\/uploads\/2026\/02\/ZA38-2-33x48.jpg 33w\" sizes=\"(max-width: 550px) 100vw, 550px\" \/><\/div><\/div><\/div><\/div><\/div><!--close flex column wrapper. Autoclose: 1 --><\/p>\n<div  class='hr av-hlfi6g-2e74c6e389c01053e369a0e3426a7a1b hr-default  avia-builder-el-13  el_after_av_one_half  el_before_av_hr '><span class='hr-inner '><span class=\"hr-inner-style\"><\/span><\/span><\/div>\n\n<style type=\"text\/css\" data-created_by=\"avia_inline_auto\" id=\"style-css-av-2by54c-fed3003fbd13af09e68d488a9fd92f43\">\n#top .hr.hr-invisible.av-2by54c-fed3003fbd13af09e68d488a9fd92f43{\nheight:70px;\n}\n<\/style>\n<div  class='hr av-2by54c-fed3003fbd13af09e68d488a9fd92f43 hr-invisible  avia-builder-el-14  el_after_av_hr  avia-builder-el-last '><span class='hr-inner '><span class=\"hr-inner-style\"><\/span><\/span><\/div>\n","protected":false},"excerpt":{"rendered":"","protected":false},"author":13,"featured_media":0,"parent":0,"menu_order":0,"comment_status":"closed","ping_status":"closed","template":"","meta":{"footnotes":""},"class_list":["post-23502","page","type-page","status-publish","hentry"],"yoast_head":"<!-- This site is optimized with the Yoast SEO Premium plugin v27.1 (Yoast SEO v27.3) - https:\/\/yoast.com\/product\/yoast-seo-premium-wordpress\/ -->\n<title>ZA38 - Asian Art Online I | Auktionshaus f\u00fcr Kunst, Schmuck &amp; Antiquit\u00e4ten<\/title>\n<meta name=\"robots\" content=\"index, follow, max-snippet:-1, max-image-preview:large, max-video-preview:-1\" \/>\n<link rel=\"canonical\" href=\"https:\/\/www.auction.de\/en\/za38-japanese-art-online\/\" \/>\n<meta property=\"og:locale\" content=\"en_US\" \/>\n<meta property=\"og:type\" content=\"article\" \/>\n<meta property=\"og:title\" content=\"ZA38 - Asian Art Online I\" \/>\n<meta property=\"og:url\" content=\"https:\/\/www.auction.de\/en\/za38-japanese-art-online\/\" \/>\n<meta property=\"og:site_name\" content=\"Nagel Auktionen\" \/>\n<meta property=\"article:publisher\" content=\"https:\/\/www.facebook.com\/Nagelauction\" \/>\n<meta property=\"article:modified_time\" content=\"2026-03-10T13:41:55+00:00\" \/>\n<meta property=\"og:image\" content=\"https:\/\/www.auction.de\/wp-content\/uploads\/2025\/03\/Nagel-Auktionshaus.jpg\" \/>\n\t<meta property=\"og:image:width\" content=\"1201\" \/>\n\t<meta property=\"og:image:height\" content=\"676\" \/>\n\t<meta property=\"og:image:type\" content=\"image\/jpeg\" \/>\n<meta name=\"twitter:card\" content=\"summary_large_image\" \/>\n<meta name=\"twitter:label1\" content=\"Est. reading time\" \/>\n\t<meta name=\"twitter:data1\" content=\"1 minute\" \/>\n<script type=\"application\/ld+json\" class=\"yoast-schema-graph\">{\"@context\":\"https:\\\/\\\/schema.org\",\"@graph\":[{\"@type\":\"WebPage\",\"@id\":\"https:\\\/\\\/www.auction.de\\\/en\\\/za38-japanese-art-online\\\/\",\"url\":\"https:\\\/\\\/www.auction.de\\\/en\\\/za38-japanese-art-online\\\/\",\"name\":\"ZA38 - Asian Art Online I | Auktionshaus f\u00fcr Kunst, Schmuck &amp; Antiquit\u00e4ten\",\"isPartOf\":{\"@id\":\"https:\\\/\\\/www.auction.de\\\/en\\\/#website\"},\"datePublished\":\"2026-02-09T12:29:48+00:00\",\"dateModified\":\"2026-03-10T13:41:55+00:00\",\"breadcrumb\":{\"@id\":\"https:\\\/\\\/www.auction.de\\\/en\\\/za38-japanese-art-online\\\/#breadcrumb\"},\"inLanguage\":\"en-US\",\"potentialAction\":[{\"@type\":\"ReadAction\",\"target\":[\"https:\\\/\\\/www.auction.de\\\/en\\\/za38-japanese-art-online\\\/\"]}]},{\"@type\":\"BreadcrumbList\",\"@id\":\"https:\\\/\\\/www.auction.de\\\/en\\\/za38-japanese-art-online\\\/#breadcrumb\",\"itemListElement\":[{\"@type\":\"ListItem\",\"position\":1,\"name\":\"Startseite\",\"item\":\"https:\\\/\\\/www.auction.de\\\/en\\\/\"},{\"@type\":\"ListItem\",\"position\":2,\"name\":\"ZA38 &#8211; Asian Art Online I\"}]},{\"@type\":\"WebSite\",\"@id\":\"https:\\\/\\\/www.auction.de\\\/en\\\/#website\",\"url\":\"https:\\\/\\\/www.auction.de\\\/en\\\/\",\"name\":\"Nagel Auktionen\",\"description\":\"Auktionshaus f\u00fcr Kunst, Schmuck &amp; Antiquit\u00e4ten\",\"publisher\":{\"@id\":\"https:\\\/\\\/www.auction.de\\\/en\\\/#organization\"},\"alternateName\":\"Auktionshaus Stuttgart\",\"potentialAction\":[{\"@type\":\"SearchAction\",\"target\":{\"@type\":\"EntryPoint\",\"urlTemplate\":\"https:\\\/\\\/www.auction.de\\\/en\\\/?s={search_term_string}\"},\"query-input\":{\"@type\":\"PropertyValueSpecification\",\"valueRequired\":true,\"valueName\":\"search_term_string\"}}],\"inLanguage\":\"en-US\"},{\"@type\":\"Organization\",\"@id\":\"https:\\\/\\\/www.auction.de\\\/en\\\/#organization\",\"name\":\"Nagel Auktionen\",\"alternateName\":\"F\u00fchrendes Auktionshaus in Stuttgart mit internationaler Pr\u00e4senz\",\"url\":\"https:\\\/\\\/www.auction.de\\\/en\\\/\",\"logo\":{\"@type\":\"ImageObject\",\"inLanguage\":\"en-US\",\"@id\":\"https:\\\/\\\/www.auction.de\\\/en\\\/#\\\/schema\\\/logo\\\/image\\\/\",\"url\":\"https:\\\/\\\/www.auction.de\\\/wp-content\\\/uploads\\\/2025\\\/03\\\/Nagel-Auktionen.jpg\",\"contentUrl\":\"https:\\\/\\\/www.auction.de\\\/wp-content\\\/uploads\\\/2025\\\/03\\\/Nagel-Auktionen.jpg\",\"width\":1921,\"height\":1081,\"caption\":\"Nagel Auktionen\"},\"image\":{\"@id\":\"https:\\\/\\\/www.auction.de\\\/en\\\/#\\\/schema\\\/logo\\\/image\\\/\"},\"sameAs\":[\"https:\\\/\\\/www.facebook.com\\\/Nagelauction\",\"https:\\\/\\\/www.instagram.com\\\/nagelauction\\\/\",\"https:\\\/\\\/de.linkedin.com\\\/company\\\/nagelauktionen\"],\"description\":\"Nagel Auktionen ist ein f\u00fchrendes Auktionshaus in Stuttgart mit internationaler Pr\u00e4senz f\u00fcr herausragende Kunstwerke, Antiquit\u00e4ten, Schmuck & Uhren\",\"email\":\"contact@auction.de\",\"telephone\":\"+49 151 2013 4427\",\"legalName\":\"Nagel Auktionen GmbH\",\"numberOfEmployees\":{\"@type\":\"QuantitativeValue\",\"minValue\":\"11\",\"maxValue\":\"50\"}}]}<\/script>\n<!-- \/ Yoast SEO Premium plugin. -->","yoast_head_json":{"title":"ZA38 - Asian Art Online I | Auktionshaus f\u00fcr Kunst, Schmuck &amp; Antiquit\u00e4ten","robots":{"index":"index","follow":"follow","max-snippet":"max-snippet:-1","max-image-preview":"max-image-preview:large","max-video-preview":"max-video-preview:-1"},"canonical":"https:\/\/www.auction.de\/en\/za38-japanese-art-online\/","og_locale":"en_US","og_type":"article","og_title":"ZA38 - Asian Art Online I","og_url":"https:\/\/www.auction.de\/en\/za38-japanese-art-online\/","og_site_name":"Nagel Auktionen","article_publisher":"https:\/\/www.facebook.com\/Nagelauction","article_modified_time":"2026-03-10T13:41:55+00:00","og_image":[{"width":1201,"height":676,"url":"https:\/\/www.auction.de\/wp-content\/uploads\/2025\/03\/Nagel-Auktionshaus.jpg","type":"image\/jpeg"}],"twitter_card":"summary_large_image","twitter_misc":{"Est. reading time":"1 minute"},"schema":{"@context":"https:\/\/schema.org","@graph":[{"@type":"WebPage","@id":"https:\/\/www.auction.de\/en\/za38-japanese-art-online\/","url":"https:\/\/www.auction.de\/en\/za38-japanese-art-online\/","name":"ZA38 - Asian Art Online I | Auktionshaus f\u00fcr Kunst, Schmuck &amp; Antiquit\u00e4ten","isPartOf":{"@id":"https:\/\/www.auction.de\/en\/#website"},"datePublished":"2026-02-09T12:29:48+00:00","dateModified":"2026-03-10T13:41:55+00:00","breadcrumb":{"@id":"https:\/\/www.auction.de\/en\/za38-japanese-art-online\/#breadcrumb"},"inLanguage":"en-US","potentialAction":[{"@type":"ReadAction","target":["https:\/\/www.auction.de\/en\/za38-japanese-art-online\/"]}]},{"@type":"BreadcrumbList","@id":"https:\/\/www.auction.de\/en\/za38-japanese-art-online\/#breadcrumb","itemListElement":[{"@type":"ListItem","position":1,"name":"Startseite","item":"https:\/\/www.auction.de\/en\/"},{"@type":"ListItem","position":2,"name":"ZA38 &#8211; Asian Art Online I"}]},{"@type":"WebSite","@id":"https:\/\/www.auction.de\/en\/#website","url":"https:\/\/www.auction.de\/en\/","name":"Nagel Auktionen","description":"Auktionshaus f\u00fcr Kunst, Schmuck &amp; Antiquit\u00e4ten","publisher":{"@id":"https:\/\/www.auction.de\/en\/#organization"},"alternateName":"Auktionshaus Stuttgart","potentialAction":[{"@type":"SearchAction","target":{"@type":"EntryPoint","urlTemplate":"https:\/\/www.auction.de\/en\/?s={search_term_string}"},"query-input":{"@type":"PropertyValueSpecification","valueRequired":true,"valueName":"search_term_string"}}],"inLanguage":"en-US"},{"@type":"Organization","@id":"https:\/\/www.auction.de\/en\/#organization","name":"Nagel Auktionen","alternateName":"F\u00fchrendes Auktionshaus in Stuttgart mit internationaler Pr\u00e4senz","url":"https:\/\/www.auction.de\/en\/","logo":{"@type":"ImageObject","inLanguage":"en-US","@id":"https:\/\/www.auction.de\/en\/#\/schema\/logo\/image\/","url":"https:\/\/www.auction.de\/wp-content\/uploads\/2025\/03\/Nagel-Auktionen.jpg","contentUrl":"https:\/\/www.auction.de\/wp-content\/uploads\/2025\/03\/Nagel-Auktionen.jpg","width":1921,"height":1081,"caption":"Nagel Auktionen"},"image":{"@id":"https:\/\/www.auction.de\/en\/#\/schema\/logo\/image\/"},"sameAs":["https:\/\/www.facebook.com\/Nagelauction","https:\/\/www.instagram.com\/nagelauction\/","https:\/\/de.linkedin.com\/company\/nagelauktionen"],"description":"Nagel Auktionen ist ein f\u00fchrendes Auktionshaus in Stuttgart mit internationaler Pr\u00e4senz f\u00fcr herausragende Kunstwerke, Antiquit\u00e4ten, Schmuck & Uhren","email":"contact@auction.de","telephone":"+49 151 2013 4427","legalName":"Nagel Auktionen GmbH","numberOfEmployees":{"@type":"QuantitativeValue","minValue":"11","maxValue":"50"}}]}},"_links":{"self":[{"href":"https:\/\/www.auction.de\/en\/wp-json\/wp\/v2\/pages\/23502","targetHints":{"allow":["GET"]}}],"collection":[{"href":"https:\/\/www.auction.de\/en\/wp-json\/wp\/v2\/pages"}],"about":[{"href":"https:\/\/www.auction.de\/en\/wp-json\/wp\/v2\/types\/page"}],"author":[{"embeddable":true,"href":"https:\/\/www.auction.de\/en\/wp-json\/wp\/v2\/users\/13"}],"replies":[{"embeddable":true,"href":"https:\/\/www.auction.de\/en\/wp-json\/wp\/v2\/comments?post=23502"}],"version-history":[{"count":0,"href":"https:\/\/www.auction.de\/en\/wp-json\/wp\/v2\/pages\/23502\/revisions"}],"wp:attachment":[{"href":"https:\/\/www.auction.de\/en\/wp-json\/wp\/v2\/media?parent=23502"}],"curies":[{"name":"wp","href":"https:\/\/api.w.org\/{rel}","templated":true}]}}