{"id":3811,"date":"2022-09-15T11:20:34","date_gmt":"2022-09-15T09:20:34","guid":{"rendered":"http:\/\/auction.dolde.de\/bidding\/"},"modified":"2024-11-22T11:25:15","modified_gmt":"2024-11-22T10:25:15","slug":"bidding","status":"publish","type":"page","link":"https:\/\/www.auction.de\/en\/service\/bidding\/","title":{"rendered":"Bidding"},"content":{"rendered":"\n<style type=\"text\/css\" data-created_by=\"avia_inline_auto\" id=\"style-css-av-4kbw71-5f02d3f81a86425e748c839f0c1cbfbb\">\n.avia-section.av-4kbw71-5f02d3f81a86425e748c839f0c1cbfbb{\nbackground-repeat:no-repeat;\nbackground-image:url(https:\/\/www.auction.de\/wp-content\/uploads\/2022\/09\/10-Andy-Warhol-Superman.jpg);\nbackground-position:0% 0%;\nbackground-attachment:scroll;\n}\n.avia-section.av-4kbw71-5f02d3f81a86425e748c839f0c1cbfbb .av-section-color-overlay{\nopacity:0.3;\nbackground-color:#0a0a0a;\n}\n<\/style>\n<div id='av_section_1'  class='avia-section av-4kbw71-5f02d3f81a86425e748c839f0c1cbfbb main_color avia-section-default avia-no-border-styling  avia-builder-el-0  el_before_av_section  avia-builder-el-first  avia-full-stretch avia-bg-style-scroll av-section-color-overlay-active av-minimum-height av-minimum-height-50 av-height-50  container_wrap fullsize'  data-section-bg-repeat='stretch' data-av_minimum_height_pc='50' data-av_min_height_opt='50'><div class=\"av-section-color-overlay-wrap\"><div class=\"av-section-color-overlay\"><\/div><div class='container av-section-cont-open' ><main  role=\"main\" itemprop=\"mainContentOfPage\"  class='template-page content  av-content-full alpha units'><div class='post-entry post-entry-type-page post-entry-3811'><div class='entry-content-wrapper clearfix'>\n\n<style type=\"text\/css\" data-created_by=\"avia_inline_auto\" id=\"style-css-av-18mtz7x-6694f54164981b8df88957e48a587327\">\n#top .av_textblock_section.av-18mtz7x-6694f54164981b8df88957e48a587327 .avia_textblock{\nfont-size:16px;\n}\n<\/style>\n<section  class='av_textblock_section av-18mtz7x-6694f54164981b8df88957e48a587327 '   itemscope=\"itemscope\" itemtype=\"https:\/\/schema.org\/CreativeWork\" ><div class='avia_textblock'  itemprop=\"text\" ><h1 style=\"text-align: center;\"><span style=\"color: #ffffff;\">Bidding<\/span><\/h1>\n<\/div><\/section>\n\n<style type=\"text\/css\" data-created_by=\"avia_inline_auto\" id=\"style-css-av-16yp74d-d38908233dc3275181a564b3b035996c\">\n#top .av_textblock_section.av-16yp74d-d38908233dc3275181a564b3b035996c .avia_textblock{\nfont-size:16px;\n}\n<\/style>\n<section  class='av_textblock_section av-16yp74d-d38908233dc3275181a564b3b035996c '   itemscope=\"itemscope\" itemtype=\"https:\/\/schema.org\/CreativeWork\" ><div class='avia_textblock'  itemprop=\"text\" ><p style=\"text-align: center;\"><span style=\"color: #ffffff;\">You can bid on our auctions by phone, online, in writing or in person. Below you will find the details of the different ways to submit your bid to us.  <\/span><\/p>\n<p style=\"text-align: center;\">\n<\/div><\/section>\n<div  class='avia-button-wrap av-1475y7h-4575dac9404b97732d24195abcbad3d7-wrap avia-button-center  avia-builder-el-3  el_after_av_textblock  el_before_av_hr '><a href='https:\/\/www.auction.de\/en\/bidding-form\/'  class='avia-button av-1475y7h-4575dac9404b97732d24195abcbad3d7 av-link-btn avia-icon_select-no avia-size-large avia-position-center avia-color-theme-color'   aria-label=\"place bids\"><span class='avia_iconbox_title' >place bids<\/span><\/a><\/div>\n\n<style type=\"text\/css\" data-created_by=\"avia_inline_auto\" id=\"style-css-av-12om7rh-728ff9f4198ccca0eb37a27cbdb3779e\">\n#top .hr.av-12om7rh-728ff9f4198ccca0eb37a27cbdb3779e{\nmargin-top:0px;\nmargin-bottom:30px;\n}\n.hr.av-12om7rh-728ff9f4198ccca0eb37a27cbdb3779e .hr-inner{\nwidth:50px;\nborder-color:#ec8907;\n}\n<\/style>\n<div  class='hr av-12om7rh-728ff9f4198ccca0eb37a27cbdb3779e hr-custom  avia-builder-el-4  el_after_av_button  avia-builder-el-last  hr-center hr-icon-no'><span class='hr-inner inner-border-av-border-fat'><span class=\"hr-inner-style\"><\/span><\/span><\/div>\n\n<\/div><\/div><\/main><!-- close content main element --><\/div><\/div><\/div><div id='bieten'  class='avia-section av-10ny9dp-78f6052ef6b6ac31632ddc0991b772fd main_color avia-section-default avia-no-border-styling  avia-builder-el-5  el_after_av_section  avia-builder-el-last  avia-bg-style-scroll container_wrap fullsize'  ><div class='container av-section-cont-open' ><div class='template-page content  av-content-full alpha units'><div class='post-entry post-entry-type-page post-entry-3811'><div class='entry-content-wrapper clearfix'>\n<div  class='flex_column av-3iyau5-82d2425a2b07547c8646f84946551913 av_one_half  avia-builder-el-6  el_before_av_one_half  avia-builder-el-first  first av-break-at-tablet flex_column_div av-animated-generic bottom-to-top  '     ><p>\n<style type=\"text\/css\" data-created_by=\"avia_inline_auto\" id=\"style-css-av-3dim31-3e2f7354429969cb5550152728dda016\">\n#top .hr.hr-invisible.av-3dim31-3e2f7354429969cb5550152728dda016{\nheight:20px;\n}\n<\/style>\n<div  class='hr av-3dim31-3e2f7354429969cb5550152728dda016 hr-invisible  avia-builder-el-7  el_before_av_textblock  avia-builder-el-first '><span class='hr-inner '><span class=\"hr-inner-style\"><\/span><\/span><\/div><br \/>\n\n<style type=\"text\/css\" data-created_by=\"avia_inline_auto\" id=\"style-css-av-wwmnal-30df0c7d949991a9e59fe80579cc8b57\">\n#top .av_textblock_section.av-wwmnal-30df0c7d949991a9e59fe80579cc8b57 .avia_textblock{\nfont-size:16px;\ntext-align:left;\n}\n<\/style>\n<section  class='av_textblock_section av-wwmnal-30df0c7d949991a9e59fe80579cc8b57 '   itemscope=\"itemscope\" itemtype=\"https:\/\/schema.org\/CreativeWork\" ><div class='avia_textblock'  itemprop=\"text\" ><h3>Personal bidding<\/h3>\n<\/div><\/section><br \/>\n\n<style type=\"text\/css\" data-created_by=\"avia_inline_auto\" id=\"style-css-av-uop7bx-fd807c38a49a64ca504d3b8cdf4ea912\">\n#top .hr.av-uop7bx-fd807c38a49a64ca504d3b8cdf4ea912{\nmargin-top:0px;\nmargin-bottom:30px;\n}\n.hr.av-uop7bx-fd807c38a49a64ca504d3b8cdf4ea912 .hr-inner{\nwidth:50px;\nborder-color:#ec8907;\n}\n<\/style>\n<div  class='hr av-uop7bx-fd807c38a49a64ca504d3b8cdf4ea912 hr-custom  avia-builder-el-9  el_after_av_textblock  el_before_av_textblock  hr-left hr-icon-no'><span class='hr-inner inner-border-av-border-fat'><span class=\"hr-inner-style\"><\/span><\/span><\/div><br \/>\n<section  class='av_textblock_section av-sei3jx-0e7d58ff987d2ec368aa016fb70b0537 '   itemscope=\"itemscope\" itemtype=\"https:\/\/schema.org\/CreativeWork\" ><div class='avia_textblock'  itemprop=\"text\" ><p>If you want to participate in the auction in person, you must register at the reception. You will then be assigned a bidder card with a number, which you show to the auctioneer when the bid is accepted.<\/p>\n<\/div><\/section><\/p><\/div><div  class='flex_column av-rlgknx-f5b78103335ffa8859ed42a16fb40d80 av_one_half  avia-builder-el-11  el_after_av_one_half  el_before_av_one_half  av-break-at-tablet flex_column_div av-animated-generic bottom-to-top  '     ><p>\n<style type=\"text\/css\" data-created_by=\"avia_inline_auto\" id=\"style-css-av-pqzqot-27b02c4d4e914955ce11ed452bbf088c\">\n#top .hr.hr-invisible.av-pqzqot-27b02c4d4e914955ce11ed452bbf088c{\nheight:20px;\n}\n<\/style>\n<div  class='hr av-pqzqot-27b02c4d4e914955ce11ed452bbf088c hr-invisible  avia-builder-el-12  el_before_av_textblock  avia-builder-el-first '><span class='hr-inner '><span class=\"hr-inner-style\"><\/span><\/span><\/div><br \/>\n\n<style type=\"text\/css\" data-created_by=\"avia_inline_auto\" id=\"style-css-av-ogsxkt-85360b51f6a572d442fbefd8e027cad3\">\n#top .av_textblock_section.av-ogsxkt-85360b51f6a572d442fbefd8e027cad3 .avia_textblock{\nfont-size:14px;\ntext-align:left;\n}\n<\/style>\n<section  class='av_textblock_section av-ogsxkt-85360b51f6a572d442fbefd8e027cad3 '   itemscope=\"itemscope\" itemtype=\"https:\/\/schema.org\/CreativeWork\" ><div class='avia_textblock'  itemprop=\"text\" ><h3>Phone bidding<\/h3>\n<\/div><\/section><br \/>\n\n<style type=\"text\/css\" data-created_by=\"avia_inline_auto\" id=\"style-css-av-n2din1-748f505879f2b448484c10baf94e542b\">\n#top .hr.av-n2din1-748f505879f2b448484c10baf94e542b{\nmargin-top:0px;\nmargin-bottom:30px;\n}\n.hr.av-n2din1-748f505879f2b448484c10baf94e542b .hr-inner{\nwidth:50px;\nborder-color:#ec8907;\n}\n<\/style>\n<div  class='hr av-n2din1-748f505879f2b448484c10baf94e542b hr-custom  avia-builder-el-14  el_after_av_textblock  el_before_av_textblock  hr-left hr-icon-no'><span class='hr-inner inner-border-av-border-fat'><span class=\"hr-inner-style\"><\/span><\/span><\/div><br \/>\n<section  class='av_textblock_section av-l6a66l-1f1b2c5fe6c05e33eda33c7cc248ae2d '   itemscope=\"itemscope\" itemtype=\"https:\/\/schema.org\/CreativeWork\" ><div class='avia_textblock'  itemprop=\"text\" ><p>You can also register as a telephone bidder if the object you are interested in has an estimated value of \u20ac 750 or more. To do so, please send us a signed bidding form.<\/p>\n<p><a class=\"navi\" href=\"https:\/\/www.auction.de\/en\/bidding-form\/\">To the bidding form<\/a><\/p>\n<\/div><\/section><\/p><\/div><div  class='flex_column av-1yrmh9-c64e54d830479d496e67f5563ae94a2c av_one_half  avia-builder-el-16  el_after_av_one_half  el_before_av_one_half  first av-break-at-tablet flex_column_div av-animated-generic bottom-to-top  column-top-margin'     ><p>\n<style type=\"text\/css\" data-created_by=\"avia_inline_auto\" id=\"style-css-av-1q9ze5-e6449352d25ab36f8c4d09fb63a3f077\">\n#top .hr.hr-invisible.av-1q9ze5-e6449352d25ab36f8c4d09fb63a3f077{\nheight:20px;\n}\n<\/style>\n<div  class='hr av-1q9ze5-e6449352d25ab36f8c4d09fb63a3f077 hr-invisible  avia-builder-el-17  el_before_av_textblock  avia-builder-el-first '><span class='hr-inner '><span class=\"hr-inner-style\"><\/span><\/span><\/div><br \/>\n\n<style type=\"text\/css\" data-created_by=\"avia_inline_auto\" id=\"style-css-av-fpkzcd-27547ed97fd3a2bb49c5345cdd5b8ef3\">\n#top .av_textblock_section.av-fpkzcd-27547ed97fd3a2bb49c5345cdd5b8ef3 .avia_textblock{\nfont-size:14px;\ntext-align:left;\n}\n<\/style>\n<section  class='av_textblock_section av-fpkzcd-27547ed97fd3a2bb49c5345cdd5b8ef3 '   itemscope=\"itemscope\" itemtype=\"https:\/\/schema.org\/CreativeWork\" ><div class='avia_textblock'  itemprop=\"text\" ><h3>Written bidding<\/h3>\n<\/div><\/section><br \/>\n\n<style type=\"text\/css\" data-created_by=\"avia_inline_auto\" id=\"style-css-av-e0ymj1-6e77fd01f03734f324c5d6632f928037\">\n#top .hr.av-e0ymj1-6e77fd01f03734f324c5d6632f928037{\nmargin-top:0px;\nmargin-bottom:30px;\n}\n.hr.av-e0ymj1-6e77fd01f03734f324c5d6632f928037 .hr-inner{\nwidth:50px;\nborder-color:#ec8907;\n}\n<\/style>\n<div  class='hr av-e0ymj1-6e77fd01f03734f324c5d6632f928037 hr-custom  avia-builder-el-19  el_after_av_textblock  el_before_av_textblock  hr-left hr-icon-no'><span class='hr-inner inner-border-av-border-fat'><span class=\"hr-inner-style\"><\/span><\/span><\/div><br \/>\n<section  class='av_textblock_section av-16otl9-9d72aaf33a3163097cbf0dda399a2cf2 '   itemscope=\"itemscope\" itemtype=\"https:\/\/schema.org\/CreativeWork\" ><div class='avia_textblock'  itemprop=\"text\" ><p>Fill in the bid slip at the end of the catalogue and send it in due time to Nagel. The auctioneer will represent your interests to your advantage. You can also download this form from the website.<\/p>\n<p><a class=\"navi\" href=\"https:\/\/www.auction.de\/en\/bidding-form\/\">To the bidding form<\/a><\/p>\n<\/div><\/section><\/p><\/div><div  class='flex_column av-aexzfx-2a13c45840a034361b66dca124d7fe99 av_one_half  avia-builder-el-21  el_after_av_one_half  avia-builder-el-last  av-break-at-tablet flex_column_div av-animated-generic bottom-to-top  column-top-margin'     ><p>\n<style type=\"text\/css\" data-created_by=\"avia_inline_auto\" id=\"style-css-av-9chlh9-6ecc32ad9c311f014da93e3cae610dff\">\n#top .hr.hr-invisible.av-9chlh9-6ecc32ad9c311f014da93e3cae610dff{\nheight:20px;\n}\n<\/style>\n<div  class='hr av-9chlh9-6ecc32ad9c311f014da93e3cae610dff hr-invisible  avia-builder-el-22  el_before_av_textblock  avia-builder-el-first '><span class='hr-inner '><span class=\"hr-inner-style\"><\/span><\/span><\/div><br \/>\n\n<style type=\"text\/css\" data-created_by=\"avia_inline_auto\" id=\"style-css-av-6uqpr1-28850f045d4cd8876ebae02a0c273681\">\n#top .av_textblock_section.av-6uqpr1-28850f045d4cd8876ebae02a0c273681 .avia_textblock{\nfont-size:14px;\ntext-align:left;\n}\n<\/style>\n<section  class='av_textblock_section av-6uqpr1-28850f045d4cd8876ebae02a0c273681 '   itemscope=\"itemscope\" itemtype=\"https:\/\/schema.org\/CreativeWork\" ><div class='avia_textblock'  itemprop=\"text\" ><h3> Online bidding<\/h3>\n<\/div><\/section><br \/>\n\n<style type=\"text\/css\" data-created_by=\"avia_inline_auto\" id=\"style-css-av-2ak71-573ba9ee7beceba54f07e2bae362c156\">\n#top .hr.av-2ak71-573ba9ee7beceba54f07e2bae362c156{\nmargin-top:0px;\nmargin-bottom:30px;\n}\n.hr.av-2ak71-573ba9ee7beceba54f07e2bae362c156 .hr-inner{\nwidth:50px;\nborder-color:#ec8907;\n}\n<\/style>\n<div  class='hr av-2ak71-573ba9ee7beceba54f07e2bae362c156 hr-custom  avia-builder-el-24  el_after_av_textblock  el_before_av_textblock  hr-left hr-icon-no'><span class='hr-inner inner-border-av-border-fat'><span class=\"hr-inner-style\"><\/span><\/span><\/div><br \/>\n<section  class='av_textblock_section av-4nqphp-75862d6532a2887b8f73123a0fa4a856 '   itemscope=\"itemscope\" itemtype=\"https:\/\/schema.org\/CreativeWork\" ><div class='avia_textblock'  itemprop=\"text\" ><p>You can bid online at our auctions from anywhere in the world. Please register at least 72 hours before the auction. The corresponding form, which you must send us with your signature, can be found on our website.<\/p>\n<p><strong><a href=\"https:\/\/nagel-live.de\/#\/dashboard?lang=en\">Bid4it<\/a><\/strong><br \/>\n(1.6% fee plus VAT)<\/p>\n<p><strong><a class=\"navi\" href=\"https:\/\/www.invaluable.com\/auction-house\/nagel-auction-z20o835oi1\">Invaluable<\/a><\/strong><br \/>\n(3% fee plus VAT)<\/p>\n<p><a href=\"https:\/\/drouot.com\/en\/auctioneer\/692\/Nagel%20Auktionen\"><b>Drouot<\/b><\/a><br \/>\n(3% fee plus VAT)<\/p>\n<p><span style=\"color: #000000;\"><b>All auctions carried out by NAGEL AUKTIONEN are publicly accessible auctions for which the provisions on the sale of consumer goods do not apply. Used goods are auctioned for which the warranty is reduced to one year.<br \/>\n<\/b><\/span><\/p>\n<\/div><\/section><br \/>\n<section  class='av_textblock_section av-1z2jzx-247da904e3bf067c53feec39516cad8d '   itemscope=\"itemscope\" itemtype=\"https:\/\/schema.org\/CreativeWork\" ><div class='avia_textblock'  itemprop=\"text\" ><\/div><\/section><\/p><\/div>\n","protected":false},"excerpt":{"rendered":"","protected":false},"author":2,"featured_media":0,"parent":3829,"menu_order":0,"comment_status":"closed","ping_status":"closed","template":"","meta":{"footnotes":""},"class_list":["post-3811","page","type-page","status-publish","hentry"],"yoast_head":"<!-- This site is optimized with the Yoast SEO Premium plugin v27.1 (Yoast SEO v27.3) - https:\/\/yoast.com\/product\/yoast-seo-premium-wordpress\/ -->\n<title>Bidding | Auktionshaus f\u00fcr Kunst, Schmuck &amp; Antiquit\u00e4ten<\/title>\n<meta name=\"robots\" content=\"index, follow, max-snippet:-1, max-image-preview:large, max-video-preview:-1\" \/>\n<link rel=\"canonical\" href=\"https:\/\/www.auction.de\/en\/service\/bidding\/\" \/>\n<meta property=\"og:locale\" content=\"en_US\" \/>\n<meta property=\"og:type\" content=\"article\" \/>\n<meta property=\"og:title\" content=\"Bidding\" \/>\n<meta property=\"og:url\" content=\"https:\/\/www.auction.de\/en\/service\/bidding\/\" \/>\n<meta property=\"og:site_name\" content=\"Nagel Auktionen\" \/>\n<meta property=\"article:publisher\" content=\"https:\/\/www.facebook.com\/Nagelauction\" \/>\n<meta property=\"article:modified_time\" content=\"2024-11-22T10:25:15+00:00\" \/>\n<meta property=\"og:image\" content=\"https:\/\/www.auction.de\/wp-content\/uploads\/2025\/03\/Nagel-Auktionshaus.jpg\" \/>\n\t<meta property=\"og:image:width\" content=\"1201\" \/>\n\t<meta property=\"og:image:height\" content=\"676\" \/>\n\t<meta property=\"og:image:type\" content=\"image\/jpeg\" \/>\n<meta name=\"twitter:card\" content=\"summary_large_image\" \/>\n<meta name=\"twitter:label1\" content=\"Est. reading time\" \/>\n\t<meta name=\"twitter:data1\" content=\"14 minutes\" \/>\n<script type=\"application\/ld+json\" class=\"yoast-schema-graph\">{\"@context\":\"https:\\\/\\\/schema.org\",\"@graph\":[{\"@type\":\"WebPage\",\"@id\":\"https:\\\/\\\/www.auction.de\\\/en\\\/service\\\/bidding\\\/\",\"url\":\"https:\\\/\\\/www.auction.de\\\/en\\\/service\\\/bidding\\\/\",\"name\":\"Bidding | Auktionshaus f\u00fcr Kunst, Schmuck &amp; Antiquit\u00e4ten\",\"isPartOf\":{\"@id\":\"https:\\\/\\\/www.auction.de\\\/en\\\/#website\"},\"datePublished\":\"2022-09-15T09:20:34+00:00\",\"dateModified\":\"2024-11-22T10:25:15+00:00\",\"breadcrumb\":{\"@id\":\"https:\\\/\\\/www.auction.de\\\/en\\\/service\\\/bidding\\\/#breadcrumb\"},\"inLanguage\":\"en-US\",\"potentialAction\":[{\"@type\":\"ReadAction\",\"target\":[\"https:\\\/\\\/www.auction.de\\\/en\\\/service\\\/bidding\\\/\"]}]},{\"@type\":\"BreadcrumbList\",\"@id\":\"https:\\\/\\\/www.auction.de\\\/en\\\/service\\\/bidding\\\/#breadcrumb\",\"itemListElement\":[{\"@type\":\"ListItem\",\"position\":1,\"name\":\"Startseite\",\"item\":\"https:\\\/\\\/www.auction.de\\\/en\\\/\"},{\"@type\":\"ListItem\",\"position\":2,\"name\":\"Service\",\"item\":\"https:\\\/\\\/www.auction.de\\\/en\\\/service\\\/\"},{\"@type\":\"ListItem\",\"position\":3,\"name\":\"Bidding\"}]},{\"@type\":\"WebSite\",\"@id\":\"https:\\\/\\\/www.auction.de\\\/en\\\/#website\",\"url\":\"https:\\\/\\\/www.auction.de\\\/en\\\/\",\"name\":\"Nagel Auktionen\",\"description\":\"Auktionshaus f\u00fcr Kunst, Schmuck &amp; Antiquit\u00e4ten\",\"publisher\":{\"@id\":\"https:\\\/\\\/www.auction.de\\\/en\\\/#organization\"},\"alternateName\":\"Auktionshaus Stuttgart\",\"potentialAction\":[{\"@type\":\"SearchAction\",\"target\":{\"@type\":\"EntryPoint\",\"urlTemplate\":\"https:\\\/\\\/www.auction.de\\\/en\\\/?s={search_term_string}\"},\"query-input\":{\"@type\":\"PropertyValueSpecification\",\"valueRequired\":true,\"valueName\":\"search_term_string\"}}],\"inLanguage\":\"en-US\"},{\"@type\":\"Organization\",\"@id\":\"https:\\\/\\\/www.auction.de\\\/en\\\/#organization\",\"name\":\"Nagel Auktionen\",\"alternateName\":\"F\u00fchrendes Auktionshaus in Stuttgart mit internationaler Pr\u00e4senz\",\"url\":\"https:\\\/\\\/www.auction.de\\\/en\\\/\",\"logo\":{\"@type\":\"ImageObject\",\"inLanguage\":\"en-US\",\"@id\":\"https:\\\/\\\/www.auction.de\\\/en\\\/#\\\/schema\\\/logo\\\/image\\\/\",\"url\":\"https:\\\/\\\/www.auction.de\\\/wp-content\\\/uploads\\\/2025\\\/03\\\/Nagel-Auktionen.jpg\",\"contentUrl\":\"https:\\\/\\\/www.auction.de\\\/wp-content\\\/uploads\\\/2025\\\/03\\\/Nagel-Auktionen.jpg\",\"width\":1921,\"height\":1081,\"caption\":\"Nagel Auktionen\"},\"image\":{\"@id\":\"https:\\\/\\\/www.auction.de\\\/en\\\/#\\\/schema\\\/logo\\\/image\\\/\"},\"sameAs\":[\"https:\\\/\\\/www.facebook.com\\\/Nagelauction\",\"https:\\\/\\\/www.instagram.com\\\/nagelauction\\\/\",\"https:\\\/\\\/de.linkedin.com\\\/company\\\/nagelauktionen\"],\"description\":\"Nagel Auktionen ist ein f\u00fchrendes Auktionshaus in Stuttgart mit internationaler Pr\u00e4senz f\u00fcr herausragende Kunstwerke, Antiquit\u00e4ten, Schmuck & Uhren\",\"email\":\"contact@auction.de\",\"telephone\":\"+49 151 2013 4427\",\"legalName\":\"Nagel Auktionen GmbH\",\"numberOfEmployees\":{\"@type\":\"QuantitativeValue\",\"minValue\":\"11\",\"maxValue\":\"50\"}}]}<\/script>\n<!-- \/ Yoast SEO Premium plugin. -->","yoast_head_json":{"title":"Bidding | Auktionshaus f\u00fcr Kunst, Schmuck &amp; Antiquit\u00e4ten","robots":{"index":"index","follow":"follow","max-snippet":"max-snippet:-1","max-image-preview":"max-image-preview:large","max-video-preview":"max-video-preview:-1"},"canonical":"https:\/\/www.auction.de\/en\/service\/bidding\/","og_locale":"en_US","og_type":"article","og_title":"Bidding","og_url":"https:\/\/www.auction.de\/en\/service\/bidding\/","og_site_name":"Nagel Auktionen","article_publisher":"https:\/\/www.facebook.com\/Nagelauction","article_modified_time":"2024-11-22T10:25:15+00:00","og_image":[{"width":1201,"height":676,"url":"https:\/\/www.auction.de\/wp-content\/uploads\/2025\/03\/Nagel-Auktionshaus.jpg","type":"image\/jpeg"}],"twitter_card":"summary_large_image","twitter_misc":{"Est. reading time":"14 minutes"},"schema":{"@context":"https:\/\/schema.org","@graph":[{"@type":"WebPage","@id":"https:\/\/www.auction.de\/en\/service\/bidding\/","url":"https:\/\/www.auction.de\/en\/service\/bidding\/","name":"Bidding | Auktionshaus f\u00fcr Kunst, Schmuck &amp; Antiquit\u00e4ten","isPartOf":{"@id":"https:\/\/www.auction.de\/en\/#website"},"datePublished":"2022-09-15T09:20:34+00:00","dateModified":"2024-11-22T10:25:15+00:00","breadcrumb":{"@id":"https:\/\/www.auction.de\/en\/service\/bidding\/#breadcrumb"},"inLanguage":"en-US","potentialAction":[{"@type":"ReadAction","target":["https:\/\/www.auction.de\/en\/service\/bidding\/"]}]},{"@type":"BreadcrumbList","@id":"https:\/\/www.auction.de\/en\/service\/bidding\/#breadcrumb","itemListElement":[{"@type":"ListItem","position":1,"name":"Startseite","item":"https:\/\/www.auction.de\/en\/"},{"@type":"ListItem","position":2,"name":"Service","item":"https:\/\/www.auction.de\/en\/service\/"},{"@type":"ListItem","position":3,"name":"Bidding"}]},{"@type":"WebSite","@id":"https:\/\/www.auction.de\/en\/#website","url":"https:\/\/www.auction.de\/en\/","name":"Nagel Auktionen","description":"Auktionshaus f\u00fcr Kunst, Schmuck &amp; Antiquit\u00e4ten","publisher":{"@id":"https:\/\/www.auction.de\/en\/#organization"},"alternateName":"Auktionshaus Stuttgart","potentialAction":[{"@type":"SearchAction","target":{"@type":"EntryPoint","urlTemplate":"https:\/\/www.auction.de\/en\/?s={search_term_string}"},"query-input":{"@type":"PropertyValueSpecification","valueRequired":true,"valueName":"search_term_string"}}],"inLanguage":"en-US"},{"@type":"Organization","@id":"https:\/\/www.auction.de\/en\/#organization","name":"Nagel Auktionen","alternateName":"F\u00fchrendes Auktionshaus in Stuttgart mit internationaler Pr\u00e4senz","url":"https:\/\/www.auction.de\/en\/","logo":{"@type":"ImageObject","inLanguage":"en-US","@id":"https:\/\/www.auction.de\/en\/#\/schema\/logo\/image\/","url":"https:\/\/www.auction.de\/wp-content\/uploads\/2025\/03\/Nagel-Auktionen.jpg","contentUrl":"https:\/\/www.auction.de\/wp-content\/uploads\/2025\/03\/Nagel-Auktionen.jpg","width":1921,"height":1081,"caption":"Nagel Auktionen"},"image":{"@id":"https:\/\/www.auction.de\/en\/#\/schema\/logo\/image\/"},"sameAs":["https:\/\/www.facebook.com\/Nagelauction","https:\/\/www.instagram.com\/nagelauction\/","https:\/\/de.linkedin.com\/company\/nagelauktionen"],"description":"Nagel Auktionen ist ein f\u00fchrendes Auktionshaus in Stuttgart mit internationaler Pr\u00e4senz f\u00fcr herausragende Kunstwerke, Antiquit\u00e4ten, Schmuck & Uhren","email":"contact@auction.de","telephone":"+49 151 2013 4427","legalName":"Nagel Auktionen GmbH","numberOfEmployees":{"@type":"QuantitativeValue","minValue":"11","maxValue":"50"}}]}},"_links":{"self":[{"href":"https:\/\/www.auction.de\/en\/wp-json\/wp\/v2\/pages\/3811","targetHints":{"allow":["GET"]}}],"collection":[{"href":"https:\/\/www.auction.de\/en\/wp-json\/wp\/v2\/pages"}],"about":[{"href":"https:\/\/www.auction.de\/en\/wp-json\/wp\/v2\/types\/page"}],"author":[{"embeddable":true,"href":"https:\/\/www.auction.de\/en\/wp-json\/wp\/v2\/users\/2"}],"replies":[{"embeddable":true,"href":"https:\/\/www.auction.de\/en\/wp-json\/wp\/v2\/comments?post=3811"}],"version-history":[{"count":0,"href":"https:\/\/www.auction.de\/en\/wp-json\/wp\/v2\/pages\/3811\/revisions"}],"up":[{"embeddable":true,"href":"https:\/\/www.auction.de\/en\/wp-json\/wp\/v2\/pages\/3829"}],"wp:attachment":[{"href":"https:\/\/www.auction.de\/en\/wp-json\/wp\/v2\/media?parent=3811"}],"curies":[{"name":"wp","href":"https:\/\/api.w.org\/{rel}","templated":true}]}}