{"id":3818,"date":"2022-10-09T18:08:34","date_gmt":"2022-10-09T16:08:34","guid":{"rendered":"http:\/\/auction.dolde.de\/shipment\/"},"modified":"2026-02-05T11:57:56","modified_gmt":"2026-02-05T10:57:56","slug":"shipment","status":"publish","type":"page","link":"https:\/\/www.auction.de\/en\/shipment\/","title":{"rendered":"Shipment"},"content":{"rendered":"\n<style type=\"text\/css\" data-created_by=\"avia_inline_auto\" id=\"style-css-av-l91jg2fe-9eb0451d194bd2667b39e6ec7ff76289\">\n.avia-section.av-l91jg2fe-9eb0451d194bd2667b39e6ec7ff76289{\nbackground-repeat:no-repeat;\nbackground-image:url(https:\/\/www.auction.de\/wp-content\/uploads\/2022\/05\/stephane-yaich-hh8XC_s7uA0-unsplash-1500x430.jpg);\nbackground-position:50% 50%;\nbackground-attachment:fixed;\n}\n.avia-section.av-l91jg2fe-9eb0451d194bd2667b39e6ec7ff76289 .av-section-color-overlay{\nopacity:0.5;\nbackground-color:#0a0a0a;\n}\n<\/style>\n<div id='av_section_1'  class='avia-section av-l91jg2fe-9eb0451d194bd2667b39e6ec7ff76289 main_color avia-section-default avia-no-border-styling  avia-builder-el-0  el_before_av_one_fourth  avia-builder-el-first  avia-full-stretch avia-bg-style-fixed av-section-color-overlay-active container_wrap fullsize'  data-section-bg-repeat='stretch'><div class=\"av-section-color-overlay-wrap\"><div class=\"av-section-color-overlay\"><\/div><div class='container av-section-cont-open' ><main  role=\"main\" itemprop=\"mainContentOfPage\"  class='template-page content  av-content-full alpha units'><div class='post-entry post-entry-type-page post-entry-3818'><div class='entry-content-wrapper clearfix'>\n<div  class='flex_column av-4p2boz-a0816fc90303faab534d4ab7ac93537e av_one_fourth  avia-builder-el-1  el_before_av_one_half  avia-builder-el-first  first flex_column_div  '     ><\/div><div  class='flex_column av-7iker-9425080ab18c9af2fbda80a9d06540e4 av_one_half  avia-builder-el-2  el_after_av_one_fourth  avia-builder-el-last  flex_column_div  '     ><style type=\"text\/css\" data-created_by=\"avia_inline_auto\" id=\"style-css-av-l91jgjzz-b8501f40e5e060f9e280d213157b91be\">\n#top .av_textblock_section.av-l91jgjzz-b8501f40e5e060f9e280d213157b91be .avia_textblock{\nfont-size:16px;\n}\n<\/style>\n<section  class='av_textblock_section av-l91jgjzz-b8501f40e5e060f9e280d213157b91be '   itemscope=\"itemscope\" itemtype=\"https:\/\/schema.org\/CreativeWork\" ><div class='avia_textblock'  itemprop=\"text\" ><h1 style=\"text-align: center;\"><span style=\"color: #ffffff;\">Shipment <\/span><\/h1>\n<h1 style=\"text-align: center;\"><span style=\"color: #ffffff;\">Transport<\/span><\/h1>\n<\/div><\/section><br \/>\n\n<style type=\"text\/css\" data-created_by=\"avia_inline_auto\" id=\"style-css-av-l91jgpkn-4994a30b5dce46c78b39b2ea31b90c98\">\n#top .hr.av-l91jgpkn-4994a30b5dce46c78b39b2ea31b90c98{\nmargin-top:0px;\nmargin-bottom:30px;\n}\n.hr.av-l91jgpkn-4994a30b5dce46c78b39b2ea31b90c98 .hr-inner{\nwidth:50px;\nborder-color:#ec8907;\n}\n<\/style>\n<div  class='hr av-l91jgpkn-4994a30b5dce46c78b39b2ea31b90c98 hr-custom  avia-builder-el-4  el_after_av_textblock  el_before_av_textblock  hr-center hr-icon-no'><span class='hr-inner inner-border-av-border-fat'><span class=\"hr-inner-style\"><\/span><\/span><\/div><br \/>\n\n<style type=\"text\/css\" data-created_by=\"avia_inline_auto\" id=\"style-css-av-l91jhdg5-d1709983065eebf26005cf301d56e4f2\">\n#top .av_textblock_section.av-l91jhdg5-d1709983065eebf26005cf301d56e4f2 .avia_textblock{\nfont-size:16px;\ncolor:#ffffff;\n}\n<\/style>\n<section  class='av_textblock_section av-l91jhdg5-d1709983065eebf26005cf301d56e4f2 '   itemscope=\"itemscope\" itemtype=\"https:\/\/schema.org\/CreativeWork\" ><div class='avia_textblock av_inherit_color'  itemprop=\"text\" ><p style=\"text-align: center;\">Please contact the service providers below if required<\/p>\n<\/div><\/section><\/p><\/div>\n<\/div><\/div><\/main><!-- close content main element --><\/div><\/div><\/div><div id='after_section_1'  class='main_color av_default_container_wrap container_wrap fullsize'  ><div class='container av-section-cont-open' ><div class='template-page content  av-content-full alpha units'><div class='post-entry post-entry-type-page post-entry-3818'><div class='entry-content-wrapper clearfix'>\n<div  class='flex_column av-4kocyr-eb21e3114ea9076c9ed70dcf1d058c78 av_one_fourth  avia-builder-el-6  el_after_av_section  el_before_av_one_half  avia-builder-el-first  first flex_column_div av-animated-generic bottom-to-top  '     ><\/div>\n<div  class='flex_column av-1z68er-5f205808f3f80c6a69135bb15d79e73a av_one_half  avia-builder-el-7  el_after_av_one_fourth  el_before_av_one_fourth  flex_column_div av-animated-generic bottom-to-top  '     ><div  class='togglecontainer av-m0504iw3-91b7198bd21813975960f53ce1db6e08 av-minimal-toggle  avia-builder-el-8  avia-builder-el-no-sibling  toggle_close_all' >\n<section class='av_toggle_section av-m050c9si-61de72671259d64b99113c767092d4cd'  itemscope=\"itemscope\" itemtype=\"https:\/\/schema.org\/CreativeWork\" ><div role=\"tablist\" class=\"single_toggle\" data-tags=\"{All} \"  ><p id='toggle-toggle-id-1' data-fake-id='#toggle-id-1' class='toggler  av-title-above '  itemprop=\"headline\"  role='tab' tabindex='0' aria-controls='toggle-id-1' data-slide-speed=\"200\" data-title=\"International\" data-title-open=\"\" data-aria_collapsed=\"Click to expand: International\" data-aria_expanded=\"Click to collapse: International\">International<span class=\"toggle_icon\"><span class=\"vert_icon\"><\/span><span class=\"hor_icon\"><\/span><\/span><\/p><div id='toggle-id-1' aria-labelledby='toggle-toggle-id-1' role='region' class='toggle_wrap  av-title-above'  ><div class='toggle_content invers-color '  itemprop=\"text\" ><section class=\"av_textblock_section av-l91jmci9-81cc3b8ee635788bf00ae71aca9786cd\">\n<div class=\"avia_textblock alle-gleiche-hoehe\">\n<h4><strong>OTRANS Logistics GmbH<\/strong><\/h4>\n<section class=\"av_textblock_section av-l91jmzos-d823681902c3bc185b7a25539ba6363a\">\n<div class=\"avia_textblock\">\n<section class=\"av_textblock_section av-l91jmzos-d823681902c3bc185b7a25539ba6363a\">\n<div class=\"avia_textblock\">\n<p>Pass-Thurn-Stra\u00dfe 25<br \/>\nAT-6372 Oberndorf near Kitzb\u00fchel<\/p>\n<p>Phone: + 43 5356 \/ 73 900<br \/>\nE-Mail: <a href=\"mailto:office@otrans.at\">office@otrans.at<\/a><\/p>\n<h2><strong><span style=\"color: #f19200;\">\u2014<\/span><\/strong><\/h2>\n<\/div>\n<\/section>\n<\/div>\n<\/section>\n<h4><b>Mailboxes etc. \/ MBE<\/b><\/h4>\n<\/div>\n<\/section>\n<section class=\"av_textblock_section av-l91jmlzb-4b3509776dfcfacbba5554d098e3c502\">\n<div class=\"avia_textblock\">\n<p>Silke Klink Marco Bittner<br \/>\nFriedrich-List-Str. 8<br \/>\n70771 Leinfelden-Echterdingen<\/p>\n<p>Phone: +49 (0) 711 \/ 41170270<br \/>\nE-Mail: <a class=\"headline\" href=\"mailto:mbe0121@mbe.de\"><u>mbe0121@mbe.de<\/u><\/a><\/p>\n<\/div>\n<\/section>\n<section class=\"av_textblock_section av-l91jmzos-d823681902c3bc185b7a25539ba6363a\">\n<div class=\"avia_textblock\">\n<h2><strong><span style=\"color: #f19200;\">\u2014<\/span><\/strong><\/h2>\n<h4><b>Julius Hillmann<br \/>\nT<\/b><strong>andem Lagerhaus und Kraftverkehr Kunst GmbH<\/strong><\/h4>\n<p>Alfred-Nobel-Stra\u00dfe 17<br \/>\n50226 Frechen<br \/>\nPhone: +49 (0) 2234 955 88 24<br \/>\nE-Mail:\u00a0<u><a href=\"mailto:julius.hillmann@tandem-kunst.de\">julius.hillmann@tandem-kunst.de<\/a><\/u><\/p>\n<h2><strong><span style=\"color: #f19200;\">\u2014<\/span><\/strong><\/h2>\n<\/div>\n<\/section>\n<section class=\"av_textblock_section av-l91jmzos-d823681902c3bc185b7a25539ba6363a\">\n<div class=\"avia_textblock\"><\/div>\n<\/section>\n<section class=\"av_textblock_section av-m02ed806-d0e5be8c36377b7e1331defb1faef515\">\n<div class=\"avia_textblock alle-gleiche-hoehe\">\n<h4><b><strong>Oliver Sch\u00fctz Fineart Spedition<\/strong><\/b><\/h4>\n<\/div>\n<\/section>\n<section class=\"av_textblock_section av-lz0xpekn-2523462f0c744477aec1585f257ce199\">\n<div class=\"avia_textblock\">\n<p>Oliver Sch\u00fctz<br \/>\nKoppelweg 1<br \/>\n29599 Weste<\/p>\n<p>Phone: +49 (0) 1522 \/ 47 88 652<br \/>\nE-Mail:<a href=\"mailto:info@schuetz-fineart-spedition.de\"> info@schuetz-fineart-spedition.de<\/a><\/p>\n<\/div>\n<\/section>\n<\/div><\/div><\/div><\/section>\n<section class='av_toggle_section av-m050douy-f7362b05ab6107eede5f60b29c51a386'  itemscope=\"itemscope\" itemtype=\"https:\/\/schema.org\/CreativeWork\" ><div role=\"tablist\" class=\"single_toggle\" data-tags=\"{All} \"  ><p id='toggle-toggle-id-2' data-fake-id='#toggle-id-2' class='toggler  av-title-above '  itemprop=\"headline\"  role='tab' tabindex='0' aria-controls='toggle-id-2' data-slide-speed=\"200\" data-title=\"EU \/ National\" data-title-open=\"\" data-aria_collapsed=\"Click to expand: EU \/ National\" data-aria_expanded=\"Click to collapse: EU \/ National\">EU \/ National<span class=\"toggle_icon\"><span class=\"vert_icon\"><\/span><span class=\"hor_icon\"><\/span><\/span><\/p><div id='toggle-id-2' aria-labelledby='toggle-toggle-id-2' role='region' class='toggle_wrap  av-title-above'  ><div class='toggle_content invers-color '  itemprop=\"text\" ><section class=\"av_textblock_section av-l91jlci3-2c2df6e6d4971b4faa361b5fda7874e9\">\n<div class=\"avia_textblock alle-gleiche-hoehe\">\n<section class=\"av_textblock_section av-l91jmlzb-4b3509776dfcfacbba5554d098e3c502\"><\/section>\n<section class=\"av_textblock_section av-l91jmzos-d823681902c3bc185b7a25539ba6363a\">\n<div class=\"avia_textblock\">\n<section class=\"av_textblock_section av-l91jmzos-d823681902c3bc185b7a25539ba6363a\">\n<div class=\"avia_textblock\">\n<p><b style=\"font-size: 18px;\">Matthias Fegers<\/b><\/p>\n<\/div>\n<\/section>\n<\/div>\n<\/section>\n<\/div>\n<\/section>\n<section class=\"av_textblock_section av-l91jlli1-23ae979219199951ce17ca173287bd06\">\n<div class=\"avia_textblock\">\n<p>Service for Art and Trade<br \/>\nMoldenweg 5 21339 L\u00fcneburg<\/p>\n<p>Tel.: +49 (0) 4131 \/ 727525<br \/>\nE-Mail: <a class=\"headline\" href=\"mailto:info@fegers-transporte.de\"><u>info@fegers-transporte.de<\/u><\/a><\/p>\n<h2><strong><span style=\"color: #f19200;\">\u2014<\/span><\/strong><\/h2>\n<\/div>\n<\/section>\n<section class=\"av_textblock_section av-l91jlxa8-e086ec2c787cbbbd4aca881a3cc8c450\">\n<div class=\"avia_textblock alle-gleiche-hoehe\">\n<h4><b>A.V.M. Service and Transport<\/b><\/h4>\n<\/div>\n<\/section>\n<section class=\"av_textblock_section av-l91jm5tg-97e4985fbe7486a713059d22f86300c6\">\n<div class=\"avia_textblock\">\n<p>Alexander von Mertens<br \/>\nR\u00f6merstra\u00dfe 32 70180 Stuttgart<\/p>\n<p>Phone: +49 (0) 172 \/ 71 36 254<br \/>\nE-Mail: <a class=\"headline\" href=\"mailto:a.v.mertens@t-online.de\"><u>a.v.mertens@t-online.de<\/u><\/a><\/p>\n<h2><strong><span style=\"color: #f19200;\">\u2014<\/span><\/strong><\/h2>\n<h4><b>Julius Hillmann<br \/>\nT<\/b><strong>andem Lagerhaus und Kraftverkehr Kunst GmbH<\/strong><\/h4>\n<p>Alfred-Nobel-Stra\u00dfe 17<br \/>\n50226 Frechen<br \/>\nPhone: +49 (0) 2234 955 88 24<br \/>\nE-Mail:\u00a0<u><a href=\"mailto:julius.hillmann@tandem-kunst.de\">julius.hillmann@tandem-kunst.de<\/a><\/u><\/p>\n<\/div>\n<\/section>\n<\/div><\/div><\/div><\/section>\n<section class='av_toggle_section av-m050ech1-6fde2632f4b65780717d838549259bc1'  itemscope=\"itemscope\" itemtype=\"https:\/\/schema.org\/CreativeWork\" ><div role=\"tablist\" class=\"single_toggle\" data-tags=\"{All} \"  ><p id='toggle-toggle-id-3' data-fake-id='#toggle-id-3' class='toggler  av-title-above '  itemprop=\"headline\"  role='tab' tabindex='0' aria-controls='toggle-id-3' data-slide-speed=\"200\" data-title=\"China\" data-title-open=\"\" data-aria_collapsed=\"Click to expand: China\" data-aria_expanded=\"Click to collapse: China\">China<span class=\"toggle_icon\"><span class=\"vert_icon\"><\/span><span class=\"hor_icon\"><\/span><\/span><\/p><div id='toggle-id-3' aria-labelledby='toggle-toggle-id-3' role='region' class='toggle_wrap  av-title-above'  ><div class='toggle_content invers-color '  itemprop=\"text\" ><section class=\"av_textblock_section av-m02ecl7c-5dac8b436772db2daf88c97260f21b35\">\n<div class=\"avia_textblock alle-gleiche-hoehe\">\n<h4><b>Eric Art Services<\/b><\/h4>\n<\/div>\n<\/section>\n<section class=\"av_textblock_section av-7w9hj7-17421cd1fd02aad831dc33ff429a0e97\">\n<div class=\"avia_textblock\">\n<p>Beijing\/Shanghai\/Hong Kong<br \/>\n+86 10 8880 3001 (BJ)<br \/>\n+86 21 3103 2707 (SH)<br \/>\n+852 2204 1888 (HK)<br \/>\nE-Mail: <a class=\"headline\" href=\"mailto:info@eric-art.com\"><u>info@eric-art.com<\/u><\/a><\/p>\n<\/div>\n<\/section>\n<\/div><\/div><\/div><\/section>\n<\/div><\/div><div  class='flex_column av-37iljn-ac29faf856c7646889847a4d27eb8607 av_one_fourth  avia-builder-el-9  el_after_av_one_half  el_before_av_section  avia-builder-el-last  flex_column_div av-animated-generic bottom-to-top  '     ><\/div><\/p>\n<\/div><\/div><\/div><!-- close content main div --><\/div><\/div><div id='av_section_2'  class='avia-section av-g4ukj7-c4fe9423b800c9e930461349c7bc5aea main_color avia-section-default avia-no-border-styling  avia-builder-el-10  el_after_av_one_fourth  avia-builder-el-last  avia-bg-style-scroll container_wrap fullsize'  ><div class='container av-section-cont-open' ><div class='template-page content  av-content-full alpha units'><div class='post-entry post-entry-type-page post-entry-3818'><div class='entry-content-wrapper clearfix'>\n<div  class='hr av-1d7zc3-208a55e40f582410b50b5c828522804b hr-default  avia-builder-el-11  el_before_av_one_half  avia-builder-el-first '><span class='hr-inner '><span class=\"hr-inner-style\"><\/span><\/span><\/div>\n<div  class='flex_column av-cyj4o3-12a90619e061909188c20e7e345d3dce av_one_half  avia-builder-el-12  el_after_av_hr  el_before_av_one_half  first flex_column_div  '     ><style type=\"text\/css\" data-created_by=\"avia_inline_auto\" id=\"style-css-av-amhkwz-3fca47f9fb91a8ef9a3b7136f4e399dd\">\n#top .av_textblock_section.av-amhkwz-3fca47f9fb91a8ef9a3b7136f4e399dd .avia_textblock{\ncolor:#0a0a0a;\n}\n<\/style>\n<section  class='av_textblock_section av-amhkwz-3fca47f9fb91a8ef9a3b7136f4e399dd '   itemscope=\"itemscope\" itemtype=\"https:\/\/schema.org\/CreativeWork\" ><div class='avia_textblock av_inherit_color'  itemprop=\"text\" ><p style=\"text-align: left;\"><a href=\"https:\/\/auction.dolde.de\/impressum\">Imprint<\/a> <a href=\"https:\/\/auction.dolde.de\/datenschutz\">Data Privacy<\/a> <a href=\"https:\/\/auction.dolde.de\/rechtliche-hinweise\/\">Legal<\/a> <\/p>\n<\/div><\/section><\/div><div  class='flex_column av-8krwib-19cbccef98f2f4326b694fdbe0580c91 av_one_half  avia-builder-el-14  el_after_av_one_half  avia-builder-el-last  flex_column_div  '     ><section  class='av_textblock_section av-75vzfn-44aa26c9de8054ed8ad8ce137056693d '   itemscope=\"itemscope\" itemtype=\"https:\/\/schema.org\/CreativeWork\" ><div class='avia_textblock'  itemprop=\"text\" ><p style=\"text-align: right;\">\n<style type=\"text\/css\" data-created_by=\"avia_inline_auto\" id=\"style-css-av-55b8sj-43e9f4e06d4f1eb4a7b7cacde8f3169f\">\n.av_font_icon.av-55b8sj-43e9f4e06d4f1eb4a7b7cacde8f3169f{\ncolor:#0a0a0a;\nborder-color:#0a0a0a;\n}\n.avia-svg-icon.av-55b8sj-43e9f4e06d4f1eb4a7b7cacde8f3169f svg:first-child{\nstroke:#0a0a0a;\nfill:#0a0a0a;\n}\n.av_font_icon.av-55b8sj-43e9f4e06d4f1eb4a7b7cacde8f3169f .av-icon-char{\nfont-size:23px;\nline-height:23px;\n}\n<\/style>\n<span  class='av_font_icon av-55b8sj-43e9f4e06d4f1eb4a7b7cacde8f3169f avia_animate_when_visible av-icon-style- avia-icon-pos-right avia-iconfont avia-font-entypo-fontello avia-icon-animate'><a href='https:\/\/www.facebook.com\/Nagelauction'   class='av-icon-char' data-av_icon='\ue8f3' data-av_iconfont='entypo-fontello' aria-hidden=\"false\" ><\/a><\/span><\/p>\n<p style=\"text-align: right;\">\n<style type=\"text\/css\" data-created_by=\"avia_inline_auto\" id=\"style-css-av-4nnb9v-b8acdc9de9123935c38a7de5b16e0e55\">\n.av_font_icon.av-4nnb9v-b8acdc9de9123935c38a7de5b16e0e55{\ncolor:#0a0a0a;\nborder-color:#0a0a0a;\n}\n.avia-svg-icon.av-4nnb9v-b8acdc9de9123935c38a7de5b16e0e55 svg:first-child{\nstroke:#0a0a0a;\nfill:#0a0a0a;\n}\n.av_font_icon.av-4nnb9v-b8acdc9de9123935c38a7de5b16e0e55 .av-icon-char{\nfont-size:23px;\nline-height:23px;\n}\n<\/style>\n<span  class='av_font_icon av-4nnb9v-b8acdc9de9123935c38a7de5b16e0e55 avia_animate_when_visible av-icon-style- avia-icon-pos-right avia-iconfont avia-font-entypo-fontello avia-icon-animate'><a href='https:\/\/www.linkedin.com\/company\/nagelauktionen\/posts\/?feedView=all=true'   class='av-icon-char' data-av_icon='\ue8fc' data-av_iconfont='entypo-fontello' aria-hidden=\"false\" ><\/a><\/span><\/p>\n<p style=\"text-align: right;\">\n<style type=\"text\/css\" data-created_by=\"avia_inline_auto\" id=\"style-css-av-2hg0yr-f9649436ae536a2ef616d648a2cf748c\">\n.av_font_icon.av-2hg0yr-f9649436ae536a2ef616d648a2cf748c{\ncolor:#0a0a0a;\nborder-color:#0a0a0a;\n}\n.avia-svg-icon.av-2hg0yr-f9649436ae536a2ef616d648a2cf748c svg:first-child{\nstroke:#0a0a0a;\nfill:#0a0a0a;\n}\n.av_font_icon.av-2hg0yr-f9649436ae536a2ef616d648a2cf748c .av-icon-char{\nfont-size:23px;\nline-height:23px;\n}\n<\/style>\n<span  class='av_font_icon av-2hg0yr-f9649436ae536a2ef616d648a2cf748c avia_animate_when_visible av-icon-style- avia-icon-pos-right avia-iconfont avia-font-entypo-fontello avia-icon-animate'><a href='https:\/\/www.instagram.com\/nagelauction\/'   class='av-icon-char' data-av_icon='\uf16d' data-av_iconfont='entypo-fontello' aria-hidden=\"false\" ><\/a><\/span><\/p>\n<\/div><\/section><\/div>\n\n","protected":false},"excerpt":{"rendered":"","protected":false},"author":2,"featured_media":0,"parent":0,"menu_order":0,"comment_status":"closed","ping_status":"closed","template":"","meta":{"footnotes":""},"class_list":["post-3818","page","type-page","status-publish","hentry"],"yoast_head":"<!-- This site is optimized with the Yoast SEO Premium plugin v27.1 (Yoast SEO v27.4) - https:\/\/yoast.com\/product\/yoast-seo-premium-wordpress\/ -->\n<title>Shipment | Auktionshaus f\u00fcr Kunst, Schmuck &amp; Antiquit\u00e4ten<\/title>\n<meta name=\"robots\" content=\"index, follow, max-snippet:-1, max-image-preview:large, max-video-preview:-1\" \/>\n<link rel=\"canonical\" href=\"https:\/\/www.auction.de\/en\/shipment\/\" \/>\n<meta property=\"og:locale\" content=\"en_US\" \/>\n<meta property=\"og:type\" content=\"article\" \/>\n<meta property=\"og:title\" content=\"Shipment\" \/>\n<meta property=\"og:url\" content=\"https:\/\/www.auction.de\/en\/shipment\/\" \/>\n<meta property=\"og:site_name\" content=\"Nagel Auktionen\" \/>\n<meta property=\"article:publisher\" content=\"https:\/\/www.facebook.com\/Nagelauction\" \/>\n<meta property=\"article:modified_time\" content=\"2026-02-05T10:57:56+00:00\" \/>\n<meta property=\"og:image\" content=\"https:\/\/www.auction.de\/wp-content\/uploads\/2025\/03\/Nagel-Auktionshaus.jpg\" \/>\n\t<meta property=\"og:image:width\" content=\"1201\" \/>\n\t<meta property=\"og:image:height\" content=\"676\" \/>\n\t<meta property=\"og:image:type\" content=\"image\/jpeg\" \/>\n<meta name=\"twitter:card\" content=\"summary_large_image\" \/>\n<meta name=\"twitter:label1\" content=\"Est. reading time\" \/>\n\t<meta name=\"twitter:data1\" content=\"1 minute\" \/>\n<script type=\"application\/ld+json\" class=\"yoast-schema-graph\">{\"@context\":\"https:\\\/\\\/schema.org\",\"@graph\":[{\"@type\":\"WebPage\",\"@id\":\"https:\\\/\\\/www.auction.de\\\/en\\\/shipment\\\/\",\"url\":\"https:\\\/\\\/www.auction.de\\\/en\\\/shipment\\\/\",\"name\":\"Shipment | Auktionshaus f\u00fcr Kunst, Schmuck &amp; Antiquit\u00e4ten\",\"isPartOf\":{\"@id\":\"https:\\\/\\\/www.auction.de\\\/en\\\/#website\"},\"datePublished\":\"2022-10-09T16:08:34+00:00\",\"dateModified\":\"2026-02-05T10:57:56+00:00\",\"breadcrumb\":{\"@id\":\"https:\\\/\\\/www.auction.de\\\/en\\\/shipment\\\/#breadcrumb\"},\"inLanguage\":\"en-US\",\"potentialAction\":[{\"@type\":\"ReadAction\",\"target\":[\"https:\\\/\\\/www.auction.de\\\/en\\\/shipment\\\/\"]}]},{\"@type\":\"BreadcrumbList\",\"@id\":\"https:\\\/\\\/www.auction.de\\\/en\\\/shipment\\\/#breadcrumb\",\"itemListElement\":[{\"@type\":\"ListItem\",\"position\":1,\"name\":\"Startseite\",\"item\":\"https:\\\/\\\/www.auction.de\\\/en\\\/\"},{\"@type\":\"ListItem\",\"position\":2,\"name\":\"Shipment\"}]},{\"@type\":\"WebSite\",\"@id\":\"https:\\\/\\\/www.auction.de\\\/en\\\/#website\",\"url\":\"https:\\\/\\\/www.auction.de\\\/en\\\/\",\"name\":\"Nagel Auktionen\",\"description\":\"Auktionshaus f\u00fcr Kunst, Schmuck &amp; Antiquit\u00e4ten\",\"publisher\":{\"@id\":\"https:\\\/\\\/www.auction.de\\\/en\\\/#organization\"},\"alternateName\":\"Auktionshaus Stuttgart\",\"potentialAction\":[{\"@type\":\"SearchAction\",\"target\":{\"@type\":\"EntryPoint\",\"urlTemplate\":\"https:\\\/\\\/www.auction.de\\\/en\\\/?s={search_term_string}\"},\"query-input\":{\"@type\":\"PropertyValueSpecification\",\"valueRequired\":true,\"valueName\":\"search_term_string\"}}],\"inLanguage\":\"en-US\"},{\"@type\":\"Organization\",\"@id\":\"https:\\\/\\\/www.auction.de\\\/en\\\/#organization\",\"name\":\"Nagel Auktionen\",\"alternateName\":\"F\u00fchrendes Auktionshaus in Stuttgart mit internationaler Pr\u00e4senz\",\"url\":\"https:\\\/\\\/www.auction.de\\\/en\\\/\",\"logo\":{\"@type\":\"ImageObject\",\"inLanguage\":\"en-US\",\"@id\":\"https:\\\/\\\/www.auction.de\\\/en\\\/#\\\/schema\\\/logo\\\/image\\\/\",\"url\":\"https:\\\/\\\/www.auction.de\\\/wp-content\\\/uploads\\\/2025\\\/03\\\/Nagel-Auktionen.jpg\",\"contentUrl\":\"https:\\\/\\\/www.auction.de\\\/wp-content\\\/uploads\\\/2025\\\/03\\\/Nagel-Auktionen.jpg\",\"width\":1921,\"height\":1081,\"caption\":\"Nagel Auktionen\"},\"image\":{\"@id\":\"https:\\\/\\\/www.auction.de\\\/en\\\/#\\\/schema\\\/logo\\\/image\\\/\"},\"sameAs\":[\"https:\\\/\\\/www.facebook.com\\\/Nagelauction\",\"https:\\\/\\\/www.instagram.com\\\/nagelauction\\\/\",\"https:\\\/\\\/de.linkedin.com\\\/company\\\/nagelauktionen\"],\"description\":\"Nagel Auktionen ist ein f\u00fchrendes Auktionshaus in Stuttgart mit internationaler Pr\u00e4senz f\u00fcr herausragende Kunstwerke, Antiquit\u00e4ten, Schmuck & Uhren\",\"email\":\"contact@auction.de\",\"telephone\":\"+49 151 2013 4427\",\"legalName\":\"Nagel Auktionen GmbH\",\"numberOfEmployees\":{\"@type\":\"QuantitativeValue\",\"minValue\":\"11\",\"maxValue\":\"50\"}}]}<\/script>\n<!-- \/ Yoast SEO Premium plugin. -->","yoast_head_json":{"title":"Shipment | Auktionshaus f\u00fcr Kunst, Schmuck &amp; Antiquit\u00e4ten","robots":{"index":"index","follow":"follow","max-snippet":"max-snippet:-1","max-image-preview":"max-image-preview:large","max-video-preview":"max-video-preview:-1"},"canonical":"https:\/\/www.auction.de\/en\/shipment\/","og_locale":"en_US","og_type":"article","og_title":"Shipment","og_url":"https:\/\/www.auction.de\/en\/shipment\/","og_site_name":"Nagel Auktionen","article_publisher":"https:\/\/www.facebook.com\/Nagelauction","article_modified_time":"2026-02-05T10:57:56+00:00","og_image":[{"width":1201,"height":676,"url":"https:\/\/www.auction.de\/wp-content\/uploads\/2025\/03\/Nagel-Auktionshaus.jpg","type":"image\/jpeg"}],"twitter_card":"summary_large_image","twitter_misc":{"Est. reading time":"1 minute"},"schema":{"@context":"https:\/\/schema.org","@graph":[{"@type":"WebPage","@id":"https:\/\/www.auction.de\/en\/shipment\/","url":"https:\/\/www.auction.de\/en\/shipment\/","name":"Shipment | Auktionshaus f\u00fcr Kunst, Schmuck &amp; Antiquit\u00e4ten","isPartOf":{"@id":"https:\/\/www.auction.de\/en\/#website"},"datePublished":"2022-10-09T16:08:34+00:00","dateModified":"2026-02-05T10:57:56+00:00","breadcrumb":{"@id":"https:\/\/www.auction.de\/en\/shipment\/#breadcrumb"},"inLanguage":"en-US","potentialAction":[{"@type":"ReadAction","target":["https:\/\/www.auction.de\/en\/shipment\/"]}]},{"@type":"BreadcrumbList","@id":"https:\/\/www.auction.de\/en\/shipment\/#breadcrumb","itemListElement":[{"@type":"ListItem","position":1,"name":"Startseite","item":"https:\/\/www.auction.de\/en\/"},{"@type":"ListItem","position":2,"name":"Shipment"}]},{"@type":"WebSite","@id":"https:\/\/www.auction.de\/en\/#website","url":"https:\/\/www.auction.de\/en\/","name":"Nagel Auktionen","description":"Auktionshaus f\u00fcr Kunst, Schmuck &amp; Antiquit\u00e4ten","publisher":{"@id":"https:\/\/www.auction.de\/en\/#organization"},"alternateName":"Auktionshaus Stuttgart","potentialAction":[{"@type":"SearchAction","target":{"@type":"EntryPoint","urlTemplate":"https:\/\/www.auction.de\/en\/?s={search_term_string}"},"query-input":{"@type":"PropertyValueSpecification","valueRequired":true,"valueName":"search_term_string"}}],"inLanguage":"en-US"},{"@type":"Organization","@id":"https:\/\/www.auction.de\/en\/#organization","name":"Nagel Auktionen","alternateName":"F\u00fchrendes Auktionshaus in Stuttgart mit internationaler Pr\u00e4senz","url":"https:\/\/www.auction.de\/en\/","logo":{"@type":"ImageObject","inLanguage":"en-US","@id":"https:\/\/www.auction.de\/en\/#\/schema\/logo\/image\/","url":"https:\/\/www.auction.de\/wp-content\/uploads\/2025\/03\/Nagel-Auktionen.jpg","contentUrl":"https:\/\/www.auction.de\/wp-content\/uploads\/2025\/03\/Nagel-Auktionen.jpg","width":1921,"height":1081,"caption":"Nagel Auktionen"},"image":{"@id":"https:\/\/www.auction.de\/en\/#\/schema\/logo\/image\/"},"sameAs":["https:\/\/www.facebook.com\/Nagelauction","https:\/\/www.instagram.com\/nagelauction\/","https:\/\/de.linkedin.com\/company\/nagelauktionen"],"description":"Nagel Auktionen ist ein f\u00fchrendes Auktionshaus in Stuttgart mit internationaler Pr\u00e4senz f\u00fcr herausragende Kunstwerke, Antiquit\u00e4ten, Schmuck & Uhren","email":"contact@auction.de","telephone":"+49 151 2013 4427","legalName":"Nagel Auktionen GmbH","numberOfEmployees":{"@type":"QuantitativeValue","minValue":"11","maxValue":"50"}}]}},"_links":{"self":[{"href":"https:\/\/www.auction.de\/en\/wp-json\/wp\/v2\/pages\/3818","targetHints":{"allow":["GET"]}}],"collection":[{"href":"https:\/\/www.auction.de\/en\/wp-json\/wp\/v2\/pages"}],"about":[{"href":"https:\/\/www.auction.de\/en\/wp-json\/wp\/v2\/types\/page"}],"author":[{"embeddable":true,"href":"https:\/\/www.auction.de\/en\/wp-json\/wp\/v2\/users\/2"}],"replies":[{"embeddable":true,"href":"https:\/\/www.auction.de\/en\/wp-json\/wp\/v2\/comments?post=3818"}],"version-history":[{"count":0,"href":"https:\/\/www.auction.de\/en\/wp-json\/wp\/v2\/pages\/3818\/revisions"}],"wp:attachment":[{"href":"https:\/\/www.auction.de\/en\/wp-json\/wp\/v2\/media?parent=3818"}],"curies":[{"name":"wp","href":"https:\/\/api.w.org\/{rel}","templated":true}]}}