{"id":6480,"date":"2022-10-16T15:06:33","date_gmt":"2022-10-16T13:06:33","guid":{"rendered":"http:\/\/auction.dolde.de\/online-catalogues\/"},"modified":"2023-03-26T15:38:56","modified_gmt":"2023-03-26T13:38:56","slug":"online-catalogues","status":"publish","type":"page","link":"https:\/\/www.auction.de\/en\/online-catalogues\/","title":{"rendered":"812-epaper"},"content":{"rendered":"\n<style type=\"text\/css\" data-created_by=\"avia_inline_auto\" id=\"style-css-av-l91h7e8k-23de29a8a9cbffadc5da877164132320\">\n#top .hr.hr-invisible.av-l91h7e8k-23de29a8a9cbffadc5da877164132320{\nheight:50px;\n}\n<\/style>\n<div  class='hr av-l91h7e8k-23de29a8a9cbffadc5da877164132320 hr-invisible  avia-builder-el-0  el_before_av_textblock  avia-builder-el-first '><span class='hr-inner '><span class=\"hr-inner-style\"><\/span><\/span><\/div>\n\n<style type=\"text\/css\" data-created_by=\"avia_inline_auto\" id=\"style-css-av-l81o1mcf-fe60146f3f96452237d7c237ec65aac1\">\n#top .av_textblock_section.av-l81o1mcf-fe60146f3f96452237d7c237ec65aac1 .avia_textblock{\nfont-size:19px;\ncolor:#2b2b2b;\n}\n<\/style>\n<section  class='av_textblock_section av-l81o1mcf-fe60146f3f96452237d7c237ec65aac1 '   itemscope=\"itemscope\" itemtype=\"https:\/\/schema.org\/CreativeWork\" ><div class='avia_textblock av_inherit_color'  itemprop=\"text\" ><h2>E-Paper 812\/813<\/h2>\n<\/div><\/section>\n<div  class='hr av-9h2n9s-76dfc26e17cb14ce9ce272cf1a16b263 hr-default  avia-builder-el-2  el_after_av_textblock  el_before_av_section  avia-builder-el-last '><span class='hr-inner '><span class=\"hr-inner-style\"><\/span><\/span><\/div>\n<\/div><\/div><\/div><!-- close content main div --><\/div><\/div><div id='av_section_1'  class='avia-section av-2bti7nu-184d8bc26f9ac70bdf92e2cefe17be89 main_color avia-section-small avia-no-border-styling  avia-builder-el-3  el_after_av_hr  el_before_av_hr  avia-bg-style-scroll container_wrap fullsize'  ><div class='container av-section-cont-open' ><div class='template-page content  av-content-full alpha units'><div class='post-entry post-entry-type-page post-entry-6480'><div class='entry-content-wrapper clearfix'>\n\n<style type=\"text\/css\" data-created_by=\"avia_inline_auto\" id=\"style-css-av-9vgh8w-e5067fe605ce17bd3668d5345913f129\">\n.flex_column.av-9vgh8w-e5067fe605ce17bd3668d5345913f129{\nwidth:24.25%;\n}\n<\/style>\n<div  class='flex_column av-9vgh8w-e5067fe605ce17bd3668d5345913f129 av_one_fourth  avia-builder-el-4  el_before_av_one_fourth  avia-builder-el-first  nagel-hover-effekt first flex_column_div avia-link-column av-column-link avia-link-column-hover  '    data-link-column-url=\"https:\/\/www.auction.de\/\/catalogues\/epaper-812_Schmuck\/index.html#0\"  data-link-column-target=\"_blank\"   ><a class=\"av-screen-reader-only\" href=https:\/\/www.auction.de\/\/catalogues\/epaper-812_Schmuck\/index.html#0  target=\"_blank\" >Follow a manual added link<\/a><p>\n<style type=\"text\/css\" data-created_by=\"avia_inline_auto\" id=\"style-css-av-l99r4x09-4597ddf93dff3d58eb7374611dd63b10\">\n.avia-image-container.av-l99r4x09-4597ddf93dff3d58eb7374611dd63b10 img.avia_image{\nbox-shadow:none;\n}\n.avia-image-container.av-l99r4x09-4597ddf93dff3d58eb7374611dd63b10 .av-image-caption-overlay-center{\ncolor:#ffffff;\n}\n<\/style>\n<div  class='avia-image-container av-l99r4x09-4597ddf93dff3d58eb7374611dd63b10 av-styling-no-styling av-img-linked avia-align-left  avia-builder-el-5  el_before_av_textblock  avia-builder-el-first '   itemprop=\"image\" itemscope=\"itemscope\" itemtype=\"https:\/\/schema.org\/ImageObject\" ><div class=\"avia-image-container-inner\"><div class=\"avia-image-overlay-wrap\"><a href=\"https:\/\/www.auction.de\/\/catalogues\/epaper-812_Schmuck\/index.html#0\" class='avia_image '  target=\"_blank\"  rel=\"noopener noreferrer\" aria-label='812S_1_4.indd'><img decoding=\"async\" fetchpriority=\"high\" class='wp-image-11750 avia-img-lazy-loading-not-11750 avia_image ' src=\"https:\/\/www.auction.de\/wp-content\/uploads\/2023\/03\/Schmuck.jpg\" alt='' title='812S_1_4.indd'  height=\"800\" width=\"560\"  itemprop=\"thumbnailUrl\" srcset=\"https:\/\/www.auction.de\/wp-content\/uploads\/2023\/03\/Schmuck.jpg 560w, https:\/\/www.auction.de\/wp-content\/uploads\/2023\/03\/Schmuck-210x300.jpg 210w, https:\/\/www.auction.de\/wp-content\/uploads\/2023\/03\/Schmuck-494x705.jpg 494w, https:\/\/www.auction.de\/wp-content\/uploads\/2023\/03\/Schmuck-17x24.jpg 17w, https:\/\/www.auction.de\/wp-content\/uploads\/2023\/03\/Schmuck-25x36.jpg 25w, https:\/\/www.auction.de\/wp-content\/uploads\/2023\/03\/Schmuck-34x48.jpg 34w\" sizes=\"(max-width: 560px) 100vw, 560px\" \/><\/a><\/div><\/div><\/div><br \/>\n\n<style type=\"text\/css\" data-created_by=\"avia_inline_auto\" id=\"style-css-av-l99r5gi7-f57db32dd54b0a7ea3830b933570e185\">\n#top .av_textblock_section.av-l99r5gi7-f57db32dd54b0a7ea3830b933570e185 .avia_textblock{\nfont-size:22px;\n}\n<\/style>\n<section  class='av_textblock_section av-l99r5gi7-f57db32dd54b0a7ea3830b933570e185 '   itemscope=\"itemscope\" itemtype=\"https:\/\/schema.org\/CreativeWork\" ><div class='avia_textblock av_inherit_color'  itemprop=\"text\" ><h5>Fine Arts &amp; Antiques<\/h5>\n<div><\/div>\n<\/div><\/section><br \/>\n\n<style type=\"text\/css\" data-created_by=\"avia_inline_auto\" id=\"style-css-av-5kff1c-e68e5c49a8a3605a69f5565c84eb13d5\">\n#top .av_textblock_section.av-5kff1c-e68e5c49a8a3605a69f5565c84eb13d5 .avia_textblock{\nfont-size:16px;\n}\n<\/style>\n<section  class='av_textblock_section av-5kff1c-e68e5c49a8a3605a69f5565c84eb13d5 '   itemscope=\"itemscope\" itemtype=\"https:\/\/schema.org\/CreativeWork\" ><div class='avia_textblock av_inherit_color'  itemprop=\"text\" ><p>19. April 2023<\/p>\n<\/div><\/section><\/p><\/div>\n<style type=\"text\/css\" data-created_by=\"avia_inline_auto\" id=\"style-css-av-29u5miy-f06eb7670d66d0ca35cadc48430bc0fe\">\n.flex_column.av-29u5miy-f06eb7670d66d0ca35cadc48430bc0fe{\nwidth:24.25%;\nmargin-left:1%;\n}\n<\/style>\n<div  class='flex_column av-29u5miy-f06eb7670d66d0ca35cadc48430bc0fe av_one_fourth  avia-builder-el-8  el_after_av_one_fourth  el_before_av_one_fourth  nagel-hover-effekt flex_column_div avia-link-column av-column-link avia-link-column-hover  '    data-link-column-url=\"https:\/\/auction.de\/catalogues\/epaper-809_China_2\/index.html#0\"  data-link-column-target=\"_blank\"   ><a class=\"av-screen-reader-only\" href=https:\/\/auction.de\/catalogues\/epaper-809_China_2\/index.html#0  target=\"_blank\" >Follow a manual added link<\/a><p>\n<style type=\"text\/css\" data-created_by=\"avia_inline_auto\" id=\"style-css-av-836a1m-12a14205ac074e2d6cc03c52bba9f56a\">\n.avia-image-container.av-836a1m-12a14205ac074e2d6cc03c52bba9f56a img.avia_image{\nbox-shadow:none;\n}\n.avia-image-container.av-836a1m-12a14205ac074e2d6cc03c52bba9f56a .av-image-caption-overlay-center{\ncolor:#ffffff;\n}\n<\/style>\n<div  class='avia-image-container av-836a1m-12a14205ac074e2d6cc03c52bba9f56a av-styling-no-styling avia-align-left  avia-builder-el-9  el_before_av_textblock  avia-builder-el-first '   itemprop=\"image\" itemscope=\"itemscope\" itemtype=\"https:\/\/schema.org\/ImageObject\" ><div class=\"avia-image-container-inner\"><div class=\"avia-image-overlay-wrap\"><img decoding=\"async\" fetchpriority=\"high\" class='wp-image-11752 avia-img-lazy-loading-not-11752 avia_image ' src=\"https:\/\/www.auction.de\/wp-content\/uploads\/2023\/03\/Kunst.jpg\" alt='' title='812S_1_4.indd'  height=\"800\" width=\"560\"  itemprop=\"thumbnailUrl\" srcset=\"https:\/\/www.auction.de\/wp-content\/uploads\/2023\/03\/Kunst.jpg 560w, https:\/\/www.auction.de\/wp-content\/uploads\/2023\/03\/Kunst-210x300.jpg 210w, https:\/\/www.auction.de\/wp-content\/uploads\/2023\/03\/Kunst-494x705.jpg 494w, https:\/\/www.auction.de\/wp-content\/uploads\/2023\/03\/Kunst-17x24.jpg 17w, https:\/\/www.auction.de\/wp-content\/uploads\/2023\/03\/Kunst-25x36.jpg 25w, https:\/\/www.auction.de\/wp-content\/uploads\/2023\/03\/Kunst-34x48.jpg 34w\" sizes=\"(max-width: 560px) 100vw, 560px\" \/><\/div><\/div><\/div><br \/>\n\n<style type=\"text\/css\" data-created_by=\"avia_inline_auto\" id=\"style-css-av-7qvoei-509be9d2068005d71d4383890fb09369\">\n#top .av_textblock_section.av-7qvoei-509be9d2068005d71d4383890fb09369 .avia_textblock{\nfont-size:22px;\n}\n<\/style>\n<section  class='av_textblock_section av-7qvoei-509be9d2068005d71d4383890fb09369 '   itemscope=\"itemscope\" itemtype=\"https:\/\/schema.org\/CreativeWork\" ><div class='avia_textblock av_inherit_color'  itemprop=\"text\" ><h5>Jewellery &amp; Watches<\/h5>\n<div><\/div>\n<\/div><\/section><br \/>\n\n<style type=\"text\/css\" data-created_by=\"avia_inline_auto\" id=\"style-css-av-l81o85tf-89ad58613de74e7c6067fb8a8d8f3602\">\n#top .av_textblock_section.av-l81o85tf-89ad58613de74e7c6067fb8a8d8f3602 .avia_textblock{\nfont-size:16px;\n}\n<\/style>\n<section  class='av_textblock_section av-l81o85tf-89ad58613de74e7c6067fb8a8d8f3602 '   itemscope=\"itemscope\" itemtype=\"https:\/\/schema.org\/CreativeWork\" ><div class='avia_textblock av_inherit_color'  itemprop=\"text\" ><p>19\/20 April 2023<\/p>\n<\/div><\/section><\/p><\/div>\n<style type=\"text\/css\" data-created_by=\"avia_inline_auto\" id=\"style-css-av-242lx1m-799b709ef0d1562afcd4144a070c792f\">\n.flex_column.av-242lx1m-799b709ef0d1562afcd4144a070c792f{\nwidth:24.25%;\nmargin-left:1%;\n}\n<\/style>\n<div  class='flex_column av-242lx1m-799b709ef0d1562afcd4144a070c792f av_one_fourth  avia-builder-el-12  el_after_av_one_fourth  el_before_av_one_fourth  nagel-hover-effekt flex_column_div avia-link-column av-column-link avia-link-column-hover  '    data-link-column-url=\"https:\/\/auction.de\/catalogues\/epaper-809_China_3\/index.html#0\"  data-link-column-target=\"_blank\"   ><a class=\"av-screen-reader-only\" href=https:\/\/auction.de\/catalogues\/epaper-809_China_3\/index.html#0  target=\"_blank\" >Follow a manual added link<\/a><p>\n<style type=\"text\/css\" data-created_by=\"avia_inline_auto\" id=\"style-css-av-229v8q2-2d6c0774f1b4d0b2eff9bf0c0ec91bf3\">\n.avia-image-container.av-229v8q2-2d6c0774f1b4d0b2eff9bf0c0ec91bf3 img.avia_image{\nbox-shadow:none;\n}\n.avia-image-container.av-229v8q2-2d6c0774f1b4d0b2eff9bf0c0ec91bf3 .av-image-caption-overlay-center{\ncolor:#ffffff;\n}\n<\/style>\n<div  class='avia-image-container av-229v8q2-2d6c0774f1b4d0b2eff9bf0c0ec91bf3 av-styling-no-styling avia-align-left  avia-builder-el-13  el_before_av_textblock  avia-builder-el-first '   itemprop=\"image\" itemscope=\"itemscope\" itemtype=\"https:\/\/schema.org\/ImageObject\" ><div class=\"avia-image-container-inner\"><div class=\"avia-image-overlay-wrap\"><img decoding=\"async\" fetchpriority=\"high\" class='wp-image-11754 avia-img-lazy-loading-not-11754 avia_image ' src=\"https:\/\/www.auction.de\/wp-content\/uploads\/2023\/03\/Varia.jpg\" alt='' title='Varia.indd'  height=\"800\" width=\"560\"  itemprop=\"thumbnailUrl\" srcset=\"https:\/\/www.auction.de\/wp-content\/uploads\/2023\/03\/Varia.jpg 560w, https:\/\/www.auction.de\/wp-content\/uploads\/2023\/03\/Varia-210x300.jpg 210w, https:\/\/www.auction.de\/wp-content\/uploads\/2023\/03\/Varia-494x705.jpg 494w, https:\/\/www.auction.de\/wp-content\/uploads\/2023\/03\/Varia-17x24.jpg 17w, https:\/\/www.auction.de\/wp-content\/uploads\/2023\/03\/Varia-25x36.jpg 25w, https:\/\/www.auction.de\/wp-content\/uploads\/2023\/03\/Varia-34x48.jpg 34w\" sizes=\"(max-width: 560px) 100vw, 560px\" \/><\/div><\/div><\/div><br \/>\n\n<style type=\"text\/css\" data-created_by=\"avia_inline_auto\" id=\"style-css-av-1yzjze2-90cdf0c0ebb0cef963b70588447bfa0f\">\n#top .av_textblock_section.av-1yzjze2-90cdf0c0ebb0cef963b70588447bfa0f .avia_textblock{\nfont-size:22px;\ncolor:#474747;\n}\n<\/style>\n<section  class='av_textblock_section av-1yzjze2-90cdf0c0ebb0cef963b70588447bfa0f '   itemscope=\"itemscope\" itemtype=\"https:\/\/schema.org\/CreativeWork\" ><div class='avia_textblock av_inherit_color'  itemprop=\"text\" ><h5>Varia<\/h5>\n<\/div><\/section><br \/>\n\n<style type=\"text\/css\" data-created_by=\"avia_inline_auto\" id=\"style-css-av-1wos35m-87cb28b7e171588e9578565fdc54b7c1\">\n#top .av_textblock_section.av-1wos35m-87cb28b7e171588e9578565fdc54b7c1 .avia_textblock{\nfont-size:16px;\ncolor:#969696;\n}\n<\/style>\n<section  class='av_textblock_section av-1wos35m-87cb28b7e171588e9578565fdc54b7c1 '   itemscope=\"itemscope\" itemtype=\"https:\/\/schema.org\/CreativeWork\" ><div class='avia_textblock av_inherit_color'  itemprop=\"text\" ><p>20. April 2023<\/p>\n<\/div><\/section><\/p><\/div><\/div><\/div><\/div><!-- close content main div --><\/div><\/div><div id='after_section_1'  class='main_color av_default_container_wrap container_wrap fullsize'  ><div class='container av-section-cont-open' ><div class='template-page content  av-content-full alpha units'><div class='post-entry post-entry-type-page post-entry-6480'><div class='entry-content-wrapper clearfix'><div  class='hr av-3mip6o-f972f90f300ad25ae0ceea6a25f35590 hr-default'><span class='hr-inner '><span class=\"hr-inner-style\"><\/span><\/span><\/div><\/p>\n","protected":false},"excerpt":{"rendered":"","protected":false},"author":7,"featured_media":0,"parent":0,"menu_order":0,"comment_status":"closed","ping_status":"closed","template":"","meta":{"footnotes":""},"class_list":["post-6480","page","type-page","status-publish","hentry"],"yoast_head":"<!-- This site is optimized with the Yoast SEO Premium plugin v27.1 (Yoast SEO v27.5) - https:\/\/yoast.com\/product\/yoast-seo-premium-wordpress\/ -->\n<title>812-epaper | Auktionshaus f\u00fcr Kunst, Schmuck &amp; Antiquit\u00e4ten<\/title>\n<meta name=\"robots\" content=\"index, follow, max-snippet:-1, max-image-preview:large, max-video-preview:-1\" \/>\n<link rel=\"canonical\" href=\"https:\/\/www.auction.de\/en\/online-catalogues\/\" \/>\n<meta property=\"og:locale\" content=\"en_US\" \/>\n<meta property=\"og:type\" content=\"article\" \/>\n<meta property=\"og:title\" content=\"812-epaper\" \/>\n<meta property=\"og:url\" content=\"https:\/\/www.auction.de\/en\/online-catalogues\/\" \/>\n<meta property=\"og:site_name\" content=\"Nagel Auktionen\" \/>\n<meta property=\"article:publisher\" content=\"https:\/\/www.facebook.com\/Nagelauction\" \/>\n<meta property=\"article:modified_time\" content=\"2023-03-26T13:38:56+00:00\" \/>\n<meta property=\"og:image\" content=\"https:\/\/www.auction.de\/wp-content\/uploads\/2025\/03\/Nagel-Auktionshaus.jpg\" \/>\n\t<meta property=\"og:image:width\" content=\"1201\" \/>\n\t<meta property=\"og:image:height\" content=\"676\" \/>\n\t<meta property=\"og:image:type\" content=\"image\/jpeg\" \/>\n<meta name=\"twitter:card\" content=\"summary_large_image\" \/>\n<meta name=\"twitter:label1\" content=\"Est. reading time\" \/>\n\t<meta name=\"twitter:data1\" content=\"9 minutes\" \/>\n<script type=\"application\/ld+json\" class=\"yoast-schema-graph\">{\"@context\":\"https:\\\/\\\/schema.org\",\"@graph\":[{\"@type\":\"WebPage\",\"@id\":\"https:\\\/\\\/www.auction.de\\\/en\\\/online-catalogues\\\/\",\"url\":\"https:\\\/\\\/www.auction.de\\\/en\\\/online-catalogues\\\/\",\"name\":\"812-epaper | Auktionshaus f\u00fcr Kunst, Schmuck &amp; Antiquit\u00e4ten\",\"isPartOf\":{\"@id\":\"https:\\\/\\\/www.auction.de\\\/en\\\/#website\"},\"datePublished\":\"2022-10-16T13:06:33+00:00\",\"dateModified\":\"2023-03-26T13:38:56+00:00\",\"breadcrumb\":{\"@id\":\"https:\\\/\\\/www.auction.de\\\/en\\\/online-catalogues\\\/#breadcrumb\"},\"inLanguage\":\"en-US\",\"potentialAction\":[{\"@type\":\"ReadAction\",\"target\":[\"https:\\\/\\\/www.auction.de\\\/en\\\/online-catalogues\\\/\"]}]},{\"@type\":\"BreadcrumbList\",\"@id\":\"https:\\\/\\\/www.auction.de\\\/en\\\/online-catalogues\\\/#breadcrumb\",\"itemListElement\":[{\"@type\":\"ListItem\",\"position\":1,\"name\":\"Startseite\",\"item\":\"https:\\\/\\\/www.auction.de\\\/en\\\/\"},{\"@type\":\"ListItem\",\"position\":2,\"name\":\"809-epaper\"}]},{\"@type\":\"WebSite\",\"@id\":\"https:\\\/\\\/www.auction.de\\\/en\\\/#website\",\"url\":\"https:\\\/\\\/www.auction.de\\\/en\\\/\",\"name\":\"Nagel Auktionen\",\"description\":\"Auktionshaus f\u00fcr Kunst, Schmuck &amp; Antiquit\u00e4ten\",\"publisher\":{\"@id\":\"https:\\\/\\\/www.auction.de\\\/en\\\/#organization\"},\"alternateName\":\"Auktionshaus Stuttgart\",\"potentialAction\":[{\"@type\":\"SearchAction\",\"target\":{\"@type\":\"EntryPoint\",\"urlTemplate\":\"https:\\\/\\\/www.auction.de\\\/en\\\/?s={search_term_string}\"},\"query-input\":{\"@type\":\"PropertyValueSpecification\",\"valueRequired\":true,\"valueName\":\"search_term_string\"}}],\"inLanguage\":\"en-US\"},{\"@type\":\"Organization\",\"@id\":\"https:\\\/\\\/www.auction.de\\\/en\\\/#organization\",\"name\":\"Nagel Auktionen\",\"alternateName\":\"F\u00fchrendes Auktionshaus in Stuttgart mit internationaler Pr\u00e4senz\",\"url\":\"https:\\\/\\\/www.auction.de\\\/en\\\/\",\"logo\":{\"@type\":\"ImageObject\",\"inLanguage\":\"en-US\",\"@id\":\"https:\\\/\\\/www.auction.de\\\/en\\\/#\\\/schema\\\/logo\\\/image\\\/\",\"url\":\"https:\\\/\\\/www.auction.de\\\/wp-content\\\/uploads\\\/2025\\\/03\\\/Nagel-Auktionen.jpg\",\"contentUrl\":\"https:\\\/\\\/www.auction.de\\\/wp-content\\\/uploads\\\/2025\\\/03\\\/Nagel-Auktionen.jpg\",\"width\":1921,\"height\":1081,\"caption\":\"Nagel Auktionen\"},\"image\":{\"@id\":\"https:\\\/\\\/www.auction.de\\\/en\\\/#\\\/schema\\\/logo\\\/image\\\/\"},\"sameAs\":[\"https:\\\/\\\/www.facebook.com\\\/Nagelauction\",\"https:\\\/\\\/www.instagram.com\\\/nagelauction\\\/\",\"https:\\\/\\\/de.linkedin.com\\\/company\\\/nagelauktionen\"],\"description\":\"Nagel Auktionen ist ein f\u00fchrendes Auktionshaus in Stuttgart mit internationaler Pr\u00e4senz f\u00fcr herausragende Kunstwerke, Antiquit\u00e4ten, Schmuck & Uhren\",\"email\":\"contact@auction.de\",\"telephone\":\"+49 151 2013 4427\",\"legalName\":\"Nagel Auktionen GmbH\",\"numberOfEmployees\":{\"@type\":\"QuantitativeValue\",\"minValue\":\"11\",\"maxValue\":\"50\"}}]}<\/script>\n<!-- \/ Yoast SEO Premium plugin. -->","yoast_head_json":{"title":"812-epaper | Auktionshaus f\u00fcr Kunst, Schmuck &amp; Antiquit\u00e4ten","robots":{"index":"index","follow":"follow","max-snippet":"max-snippet:-1","max-image-preview":"max-image-preview:large","max-video-preview":"max-video-preview:-1"},"canonical":"https:\/\/www.auction.de\/en\/online-catalogues\/","og_locale":"en_US","og_type":"article","og_title":"812-epaper","og_url":"https:\/\/www.auction.de\/en\/online-catalogues\/","og_site_name":"Nagel Auktionen","article_publisher":"https:\/\/www.facebook.com\/Nagelauction","article_modified_time":"2023-03-26T13:38:56+00:00","og_image":[{"width":1201,"height":676,"url":"https:\/\/www.auction.de\/wp-content\/uploads\/2025\/03\/Nagel-Auktionshaus.jpg","type":"image\/jpeg"}],"twitter_card":"summary_large_image","twitter_misc":{"Est. reading time":"9 minutes"},"schema":{"@context":"https:\/\/schema.org","@graph":[{"@type":"WebPage","@id":"https:\/\/www.auction.de\/en\/online-catalogues\/","url":"https:\/\/www.auction.de\/en\/online-catalogues\/","name":"812-epaper | Auktionshaus f\u00fcr Kunst, Schmuck &amp; Antiquit\u00e4ten","isPartOf":{"@id":"https:\/\/www.auction.de\/en\/#website"},"datePublished":"2022-10-16T13:06:33+00:00","dateModified":"2023-03-26T13:38:56+00:00","breadcrumb":{"@id":"https:\/\/www.auction.de\/en\/online-catalogues\/#breadcrumb"},"inLanguage":"en-US","potentialAction":[{"@type":"ReadAction","target":["https:\/\/www.auction.de\/en\/online-catalogues\/"]}]},{"@type":"BreadcrumbList","@id":"https:\/\/www.auction.de\/en\/online-catalogues\/#breadcrumb","itemListElement":[{"@type":"ListItem","position":1,"name":"Startseite","item":"https:\/\/www.auction.de\/en\/"},{"@type":"ListItem","position":2,"name":"809-epaper"}]},{"@type":"WebSite","@id":"https:\/\/www.auction.de\/en\/#website","url":"https:\/\/www.auction.de\/en\/","name":"Nagel Auktionen","description":"Auktionshaus f\u00fcr Kunst, Schmuck &amp; Antiquit\u00e4ten","publisher":{"@id":"https:\/\/www.auction.de\/en\/#organization"},"alternateName":"Auktionshaus Stuttgart","potentialAction":[{"@type":"SearchAction","target":{"@type":"EntryPoint","urlTemplate":"https:\/\/www.auction.de\/en\/?s={search_term_string}"},"query-input":{"@type":"PropertyValueSpecification","valueRequired":true,"valueName":"search_term_string"}}],"inLanguage":"en-US"},{"@type":"Organization","@id":"https:\/\/www.auction.de\/en\/#organization","name":"Nagel Auktionen","alternateName":"F\u00fchrendes Auktionshaus in Stuttgart mit internationaler Pr\u00e4senz","url":"https:\/\/www.auction.de\/en\/","logo":{"@type":"ImageObject","inLanguage":"en-US","@id":"https:\/\/www.auction.de\/en\/#\/schema\/logo\/image\/","url":"https:\/\/www.auction.de\/wp-content\/uploads\/2025\/03\/Nagel-Auktionen.jpg","contentUrl":"https:\/\/www.auction.de\/wp-content\/uploads\/2025\/03\/Nagel-Auktionen.jpg","width":1921,"height":1081,"caption":"Nagel Auktionen"},"image":{"@id":"https:\/\/www.auction.de\/en\/#\/schema\/logo\/image\/"},"sameAs":["https:\/\/www.facebook.com\/Nagelauction","https:\/\/www.instagram.com\/nagelauction\/","https:\/\/de.linkedin.com\/company\/nagelauktionen"],"description":"Nagel Auktionen ist ein f\u00fchrendes Auktionshaus in Stuttgart mit internationaler Pr\u00e4senz f\u00fcr herausragende Kunstwerke, Antiquit\u00e4ten, Schmuck & Uhren","email":"contact@auction.de","telephone":"+49 151 2013 4427","legalName":"Nagel Auktionen GmbH","numberOfEmployees":{"@type":"QuantitativeValue","minValue":"11","maxValue":"50"}}]}},"_links":{"self":[{"href":"https:\/\/www.auction.de\/en\/wp-json\/wp\/v2\/pages\/6480","targetHints":{"allow":["GET"]}}],"collection":[{"href":"https:\/\/www.auction.de\/en\/wp-json\/wp\/v2\/pages"}],"about":[{"href":"https:\/\/www.auction.de\/en\/wp-json\/wp\/v2\/types\/page"}],"author":[{"embeddable":true,"href":"https:\/\/www.auction.de\/en\/wp-json\/wp\/v2\/users\/7"}],"replies":[{"embeddable":true,"href":"https:\/\/www.auction.de\/en\/wp-json\/wp\/v2\/comments?post=6480"}],"version-history":[{"count":0,"href":"https:\/\/www.auction.de\/en\/wp-json\/wp\/v2\/pages\/6480\/revisions"}],"wp:attachment":[{"href":"https:\/\/www.auction.de\/en\/wp-json\/wp\/v2\/media?parent=6480"}],"curies":[{"name":"wp","href":"https:\/\/api.w.org\/{rel}","templated":true}]}}